{"id":1408,"date":"2025-07-24T02:22:12","date_gmt":"2025-07-24T02:22:12","guid":{"rendered":"https:\/\/vestpetproducts.com\/?post_type=product&#038;p=1408"},"modified":"2025-08-12T09:05:20","modified_gmt":"2025-08-12T09:05:20","slug":"cute-dog-life-jacket-vest-for-flotation-in-pool-beach-lake-buoyancy-ripstop-dog-safety-vest-for-swimming-reflective-pet-swimsuit","status":"publish","type":"product","link":"https:\/\/vestpetproducts.com\/es\/producto\/cute-dog-life-jacket-vest-for-flotation-in-pool-beach-lake-buoyancy-ripstop-dog-safety-vest-for-swimming-reflective-pet-swimsuit\/","title":{"rendered":"Chaleco salvavidas reflectante para perros, ideal para flotar en piscinas, playas y lagos."},"content":{"rendered":"<p><img loading=\"lazy\" decoding=\"async\" class=\"aligncenter size-full wp-image-1415\" src=\"http:\/\/vestpetproducts.com\/wp-content\/uploads\/2025\/07\/O1CN01wVhQDH1Ua9zFRBbsf_3642712533-0-cib.jpg\" alt=\"\" width=\"790\" height=\"1084\" srcset=\"https:\/\/vestpetproducts.com\/wp-content\/uploads\/2025\/07\/O1CN01wVhQDH1Ua9zFRBbsf_3642712533-0-cib.jpg 790w, https:\/\/vestpetproducts.com\/wp-content\/uploads\/2025\/07\/O1CN01wVhQDH1Ua9zFRBbsf_3642712533-0-cib-364x500.jpg 364w, https:\/\/vestpetproducts.com\/wp-content\/uploads\/2025\/07\/O1CN01wVhQDH1Ua9zFRBbsf_3642712533-0-cib-219x300.jpg 219w, https:\/\/vestpetproducts.com\/wp-content\/uploads\/2025\/07\/O1CN01wVhQDH1Ua9zFRBbsf_3642712533-0-cib-768x1054.jpg 768w, https:\/\/vestpetproducts.com\/wp-content\/uploads\/2025\/07\/O1CN01wVhQDH1Ua9zFRBbsf_3642712533-0-cib-9x12.jpg 9w, https:\/\/vestpetproducts.com\/wp-content\/uploads\/2025\/07\/O1CN01wVhQDH1Ua9zFRBbsf_3642712533-0-cib-55x75.jpg 55w, https:\/\/vestpetproducts.com\/wp-content\/uploads\/2025\/07\/O1CN01wVhQDH1Ua9zFRBbsf_3642712533-0-cib-480x659.jpg 480w\" sizes=\"auto, (max-width:767px) 480px, (max-width:790px) 100vw, 790px\" \/> <img loading=\"lazy\" decoding=\"async\" class=\"aligncenter size-full wp-image-1416\" src=\"http:\/\/vestpetproducts.com\/wp-content\/uploads\/2025\/07\/O1CN01wsDcRa1Ua9zN03EJ4_3642712533-0-cib.jpg\" alt=\"\" width=\"790\" height=\"1123\" srcset=\"https:\/\/vestpetproducts.com\/wp-content\/uploads\/2025\/07\/O1CN01wsDcRa1Ua9zN03EJ4_3642712533-0-cib.jpg 790w, https:\/\/vestpetproducts.com\/wp-content\/uploads\/2025\/07\/O1CN01wsDcRa1Ua9zN03EJ4_3642712533-0-cib-352x500.jpg 352w, https:\/\/vestpetproducts.com\/wp-content\/uploads\/2025\/07\/O1CN01wsDcRa1Ua9zN03EJ4_3642712533-0-cib-211x300.jpg 211w, https:\/\/vestpetproducts.com\/wp-content\/uploads\/2025\/07\/O1CN01wsDcRa1Ua9zN03EJ4_3642712533-0-cib-768x1092.jpg 768w, https:\/\/vestpetproducts.com\/wp-content\/uploads\/2025\/07\/O1CN01wsDcRa1Ua9zN03EJ4_3642712533-0-cib-8x12.jpg 8w, https:\/\/vestpetproducts.com\/wp-content\/uploads\/2025\/07\/O1CN01wsDcRa1Ua9zN03EJ4_3642712533-0-cib-53x75.jpg 53w, https:\/\/vestpetproducts.com\/wp-content\/uploads\/2025\/07\/O1CN01wsDcRa1Ua9zN03EJ4_3642712533-0-cib-480x682.jpg 480w\" sizes=\"auto, (max-width:767px) 480px, (max-width:790px) 100vw, 790px\" \/> <img loading=\"lazy\" decoding=\"async\" class=\"aligncenter size-full wp-image-1417\" src=\"http:\/\/vestpetproducts.com\/wp-content\/uploads\/2025\/07\/O1CN01kHbj4S1Ua9zP0KNrf_3642712533-0-cib.jpg\" alt=\"\" width=\"790\" height=\"1129\" srcset=\"https:\/\/vestpetproducts.com\/wp-content\/uploads\/2025\/07\/O1CN01kHbj4S1Ua9zP0KNrf_3642712533-0-cib.jpg 790w, https:\/\/vestpetproducts.com\/wp-content\/uploads\/2025\/07\/O1CN01kHbj4S1Ua9zP0KNrf_3642712533-0-cib-350x500.jpg 350w, https:\/\/vestpetproducts.com\/wp-content\/uploads\/2025\/07\/O1CN01kHbj4S1Ua9zP0KNrf_3642712533-0-cib-210x300.jpg 210w, https:\/\/vestpetproducts.com\/wp-content\/uploads\/2025\/07\/O1CN01kHbj4S1Ua9zP0KNrf_3642712533-0-cib-768x1098.jpg 768w, https:\/\/vestpetproducts.com\/wp-content\/uploads\/2025\/07\/O1CN01kHbj4S1Ua9zP0KNrf_3642712533-0-cib-8x12.jpg 8w, https:\/\/vestpetproducts.com\/wp-content\/uploads\/2025\/07\/O1CN01kHbj4S1Ua9zP0KNrf_3642712533-0-cib-52x75.jpg 52w, https:\/\/vestpetproducts.com\/wp-content\/uploads\/2025\/07\/O1CN01kHbj4S1Ua9zP0KNrf_3642712533-0-cib-480x686.jpg 480w\" sizes=\"auto, (max-width:767px) 480px, (max-width:790px) 100vw, 790px\" \/> <img loading=\"lazy\" decoding=\"async\" class=\"aligncenter size-full wp-image-1418\" src=\"http:\/\/vestpetproducts.com\/wp-content\/uploads\/2025\/07\/O1CN01aTExRg1Ua9zM3b6ow_3642712533-0-cib.jpg\" alt=\"\" width=\"790\" height=\"1307\" srcset=\"https:\/\/vestpetproducts.com\/wp-content\/uploads\/2025\/07\/O1CN01aTExRg1Ua9zM3b6ow_3642712533-0-cib.jpg 790w, https:\/\/vestpetproducts.com\/wp-content\/uploads\/2025\/07\/O1CN01aTExRg1Ua9zM3b6ow_3642712533-0-cib-302x500.jpg 302w, https:\/\/vestpetproducts.com\/wp-content\/uploads\/2025\/07\/O1CN01aTExRg1Ua9zM3b6ow_3642712533-0-cib-725x1200.jpg 725w, https:\/\/vestpetproducts.com\/wp-content\/uploads\/2025\/07\/O1CN01aTExRg1Ua9zM3b6ow_3642712533-0-cib-181x300.jpg 181w, https:\/\/vestpetproducts.com\/wp-content\/uploads\/2025\/07\/O1CN01aTExRg1Ua9zM3b6ow_3642712533-0-cib-768x1271.jpg 768w, https:\/\/vestpetproducts.com\/wp-content\/uploads\/2025\/07\/O1CN01aTExRg1Ua9zM3b6ow_3642712533-0-cib-7x12.jpg 7w, https:\/\/vestpetproducts.com\/wp-content\/uploads\/2025\/07\/O1CN01aTExRg1Ua9zM3b6ow_3642712533-0-cib-45x75.jpg 45w, https:\/\/vestpetproducts.com\/wp-content\/uploads\/2025\/07\/O1CN01aTExRg1Ua9zM3b6ow_3642712533-0-cib-480x794.jpg 480w\" sizes=\"auto, (max-width:767px) 480px, (max-width:790px) 100vw, 790px\" \/> <img loading=\"lazy\" decoding=\"async\" class=\"aligncenter size-full wp-image-1419\" src=\"http:\/\/vestpetproducts.com\/wp-content\/uploads\/2025\/07\/O1CN01KxzswO1Ua9zDsnm3i_3642712533-0-cib-1.jpg\" alt=\"\" width=\"790\" height=\"780\" srcset=\"https:\/\/vestpetproducts.com\/wp-content\/uploads\/2025\/07\/O1CN01KxzswO1Ua9zDsnm3i_3642712533-0-cib-1.jpg 790w, https:\/\/vestpetproducts.com\/wp-content\/uploads\/2025\/07\/O1CN01KxzswO1Ua9zDsnm3i_3642712533-0-cib-1-500x494.jpg 500w, https:\/\/vestpetproducts.com\/wp-content\/uploads\/2025\/07\/O1CN01KxzswO1Ua9zDsnm3i_3642712533-0-cib-1-300x296.jpg 300w, https:\/\/vestpetproducts.com\/wp-content\/uploads\/2025\/07\/O1CN01KxzswO1Ua9zDsnm3i_3642712533-0-cib-1-768x758.jpg 768w, https:\/\/vestpetproducts.com\/wp-content\/uploads\/2025\/07\/O1CN01KxzswO1Ua9zDsnm3i_3642712533-0-cib-1-12x12.jpg 12w, https:\/\/vestpetproducts.com\/wp-content\/uploads\/2025\/07\/O1CN01KxzswO1Ua9zDsnm3i_3642712533-0-cib-1-76x75.jpg 76w, https:\/\/vestpetproducts.com\/wp-content\/uploads\/2025\/07\/O1CN01KxzswO1Ua9zDsnm3i_3642712533-0-cib-1-480x474.jpg 480w\" sizes=\"auto, (max-width:767px) 480px, (max-width:790px) 100vw, 790px\" \/> <img loading=\"lazy\" decoding=\"async\" class=\"aligncenter size-full wp-image-1420\" src=\"http:\/\/vestpetproducts.com\/wp-content\/uploads\/2025\/07\/O1CN01MqmNho1Ua9zKlCVqI_3642712533-0-cib.jpg\" alt=\"\" width=\"790\" height=\"1016\" srcset=\"https:\/\/vestpetproducts.com\/wp-content\/uploads\/2025\/07\/O1CN01MqmNho1Ua9zKlCVqI_3642712533-0-cib.jpg 790w, https:\/\/vestpetproducts.com\/wp-content\/uploads\/2025\/07\/O1CN01MqmNho1Ua9zKlCVqI_3642712533-0-cib-389x500.jpg 389w, https:\/\/vestpetproducts.com\/wp-content\/uploads\/2025\/07\/O1CN01MqmNho1Ua9zKlCVqI_3642712533-0-cib-233x300.jpg 233w, https:\/\/vestpetproducts.com\/wp-content\/uploads\/2025\/07\/O1CN01MqmNho1Ua9zKlCVqI_3642712533-0-cib-768x988.jpg 768w, https:\/\/vestpetproducts.com\/wp-content\/uploads\/2025\/07\/O1CN01MqmNho1Ua9zKlCVqI_3642712533-0-cib-9x12.jpg 9w, https:\/\/vestpetproducts.com\/wp-content\/uploads\/2025\/07\/O1CN01MqmNho1Ua9zKlCVqI_3642712533-0-cib-58x75.jpg 58w, https:\/\/vestpetproducts.com\/wp-content\/uploads\/2025\/07\/O1CN01MqmNho1Ua9zKlCVqI_3642712533-0-cib-480x617.jpg 480w\" sizes=\"auto, (max-width:767px) 480px, (max-width:790px) 100vw, 790px\" \/> <img loading=\"lazy\" decoding=\"async\" class=\"aligncenter size-full wp-image-1421\" src=\"http:\/\/vestpetproducts.com\/wp-content\/uploads\/2025\/07\/O1CN01SmJLsY1Ua9zFRBXkE_3642712533-0-cib.jpg\" alt=\"\" width=\"790\" height=\"1003\" srcset=\"https:\/\/vestpetproducts.com\/wp-content\/uploads\/2025\/07\/O1CN01SmJLsY1Ua9zFRBXkE_3642712533-0-cib.jpg 790w, https:\/\/vestpetproducts.com\/wp-content\/uploads\/2025\/07\/O1CN01SmJLsY1Ua9zFRBXkE_3642712533-0-cib-394x500.jpg 394w, https:\/\/vestpetproducts.com\/wp-content\/uploads\/2025\/07\/O1CN01SmJLsY1Ua9zFRBXkE_3642712533-0-cib-236x300.jpg 236w, https:\/\/vestpetproducts.com\/wp-content\/uploads\/2025\/07\/O1CN01SmJLsY1Ua9zFRBXkE_3642712533-0-cib-768x975.jpg 768w, https:\/\/vestpetproducts.com\/wp-content\/uploads\/2025\/07\/O1CN01SmJLsY1Ua9zFRBXkE_3642712533-0-cib-9x12.jpg 9w, https:\/\/vestpetproducts.com\/wp-content\/uploads\/2025\/07\/O1CN01SmJLsY1Ua9zFRBXkE_3642712533-0-cib-59x75.jpg 59w, https:\/\/vestpetproducts.com\/wp-content\/uploads\/2025\/07\/O1CN01SmJLsY1Ua9zFRBXkE_3642712533-0-cib-480x609.jpg 480w\" sizes=\"auto, (max-width:767px) 480px, (max-width:790px) 100vw, 790px\" \/> <img loading=\"lazy\" decoding=\"async\" class=\"aligncenter size-full wp-image-1422\" src=\"http:\/\/vestpetproducts.com\/wp-content\/uploads\/2025\/07\/O1CN01XK3Ei51Ua9zIZCMIn_3642712533-0-cib.jpg\" alt=\"\" width=\"790\" height=\"1090\" srcset=\"https:\/\/vestpetproducts.com\/wp-content\/uploads\/2025\/07\/O1CN01XK3Ei51Ua9zIZCMIn_3642712533-0-cib.jpg 790w, https:\/\/vestpetproducts.com\/wp-content\/uploads\/2025\/07\/O1CN01XK3Ei51Ua9zIZCMIn_3642712533-0-cib-362x500.jpg 362w, https:\/\/vestpetproducts.com\/wp-content\/uploads\/2025\/07\/O1CN01XK3Ei51Ua9zIZCMIn_3642712533-0-cib-217x300.jpg 217w, https:\/\/vestpetproducts.com\/wp-content\/uploads\/2025\/07\/O1CN01XK3Ei51Ua9zIZCMIn_3642712533-0-cib-768x1060.jpg 768w, https:\/\/vestpetproducts.com\/wp-content\/uploads\/2025\/07\/O1CN01XK3Ei51Ua9zIZCMIn_3642712533-0-cib-9x12.jpg 9w, https:\/\/vestpetproducts.com\/wp-content\/uploads\/2025\/07\/O1CN01XK3Ei51Ua9zIZCMIn_3642712533-0-cib-54x75.jpg 54w, https:\/\/vestpetproducts.com\/wp-content\/uploads\/2025\/07\/O1CN01XK3Ei51Ua9zIZCMIn_3642712533-0-cib-480x662.jpg 480w\" sizes=\"auto, (max-width:767px) 480px, (max-width:790px) 100vw, 790px\" \/> <img loading=\"lazy\" decoding=\"async\" class=\"aligncenter size-full wp-image-1423\" src=\"http:\/\/vestpetproducts.com\/wp-content\/uploads\/2025\/07\/O1CN01zgUkvV1Ua9zISFU0x_3642712533-0-cib.jpg\" alt=\"\" width=\"790\" height=\"1026\" srcset=\"https:\/\/vestpetproducts.com\/wp-content\/uploads\/2025\/07\/O1CN01zgUkvV1Ua9zISFU0x_3642712533-0-cib.jpg 790w, https:\/\/vestpetproducts.com\/wp-content\/uploads\/2025\/07\/O1CN01zgUkvV1Ua9zISFU0x_3642712533-0-cib-385x500.jpg 385w, https:\/\/vestpetproducts.com\/wp-content\/uploads\/2025\/07\/O1CN01zgUkvV1Ua9zISFU0x_3642712533-0-cib-231x300.jpg 231w, https:\/\/vestpetproducts.com\/wp-content\/uploads\/2025\/07\/O1CN01zgUkvV1Ua9zISFU0x_3642712533-0-cib-768x997.jpg 768w, https:\/\/vestpetproducts.com\/wp-content\/uploads\/2025\/07\/O1CN01zgUkvV1Ua9zISFU0x_3642712533-0-cib-9x12.jpg 9w, https:\/\/vestpetproducts.com\/wp-content\/uploads\/2025\/07\/O1CN01zgUkvV1Ua9zISFU0x_3642712533-0-cib-58x75.jpg 58w, https:\/\/vestpetproducts.com\/wp-content\/uploads\/2025\/07\/O1CN01zgUkvV1Ua9zISFU0x_3642712533-0-cib-480x623.jpg 480w\" sizes=\"auto, (max-width:767px) 480px, (max-width:790px) 100vw, 790px\" \/><\/p>","protected":false},"excerpt":{"rendered":"<p>Talla: XS S ML XL XXL<\/p>\n<p>\ud83d\udc3e La parte posterior tiene un gancho para cintur\u00f3n para sujetarlo f\u00e1cilmente a un cintur\u00f3n, lo que garantiza la seguridad al salir.<br \/>\nEsta ropa para mascotas a\u00f1ade diversi\u00f3n.<br \/>\nAntenas flexibles de algod\u00f3n fino y suave, ropa divertida para mascotas.<br \/>\nChoque de colores de rayas amarillas y negras, patr\u00f3n de rayas de abeja.<\/p>","protected":false},"featured_media":1409,"template":"","meta":{"content-type":""},"product_brand":[],"product_cat":[21],"product_tag":[],"class_list":{"0":"post-1408","1":"product","2":"type-product","3":"status-publish","4":"has-post-thumbnail","6":"product_cat-pet-apparel-accessories","8":"first","9":"instock","10":"shipping-taxable","11":"product-type-simple"},"yoast_head":"<!-- This site is optimized with the Yoast SEO plugin v24.9 - https:\/\/yoast.com\/wordpress\/plugins\/seo\/ -->\n<title>Cute Dog Life Jacket Vest for Flotation in Pool Beach Lake Buoyancy Ripstop Dog Safety Vest for Swimming Reflective Pet Swimsuit - Shandong Vest International Trade Co., Ltd.<\/title>\n<meta name=\"robots\" content=\"index, follow, max-snippet:-1, max-image-preview:large, max-video-preview:-1\" \/>\n<link rel=\"canonical\" href=\"https:\/\/vestpetproducts.com\/es\/producto\/cute-dog-life-jacket-vest-for-flotation-in-pool-beach-lake-buoyancy-ripstop-dog-safety-vest-for-swimming-reflective-pet-swimsuit\/\" \/>\n<meta property=\"og:locale\" content=\"es_ES\" \/>\n<meta property=\"og:type\" content=\"article\" \/>\n<meta property=\"og:title\" content=\"Cute Dog Life Jacket Vest for Flotation in Pool Beach Lake Buoyancy Ripstop Dog Safety Vest for Swimming Reflective Pet Swimsuit - Shandong Vest International Trade Co., Ltd.\" \/>\n<meta property=\"og:description\" content=\"Size: XS S\u00a0 M L\u00a0 XL XXL  &#x1f43e; The back has a belt hook for easy attachment to a belt, ensuring safety when going out. &#x1f43e; This pet clothing adds fun. &#x1f43e; Fine, soft cotton bendable antennae, fun pet clothing. &#x1f43e; Yellow and black striped color clash, bee stripe pattern.\" \/>\n<meta property=\"og:url\" content=\"https:\/\/vestpetproducts.com\/es\/producto\/cute-dog-life-jacket-vest-for-flotation-in-pool-beach-lake-buoyancy-ripstop-dog-safety-vest-for-swimming-reflective-pet-swimsuit\/\" \/>\n<meta property=\"og:site_name\" content=\"Shandong Vest International Trade Co., Ltd.\" \/>\n<meta property=\"article:modified_time\" content=\"2025-08-12T09:05:20+00:00\" \/>\n<meta property=\"og:image\" content=\"https:\/\/vestpetproducts.com\/wp-content\/uploads\/2025\/07\/O1CN01l4g37n1Ua9zN05AsF_3642712533-0-cib.jpg\" \/>\n\t<meta property=\"og:image:width\" content=\"790\" \/>\n\t<meta property=\"og:image:height\" content=\"1056\" \/>\n\t<meta property=\"og:image:type\" content=\"image\/jpeg\" \/>\n<meta name=\"twitter:card\" content=\"summary_large_image\" \/>\n<meta name=\"twitter:label1\" content=\"Tiempo de lectura\" \/>\n\t<meta name=\"twitter:data1\" content=\"2 minutos\" \/>\n<script type=\"application\/ld+json\" class=\"yoast-schema-graph\">{\"@context\":\"https:\/\/schema.org\",\"@graph\":[{\"@type\":\"WebPage\",\"@id\":\"https:\/\/vestpetproducts.com\/product\/cute-dog-life-jacket-vest-for-flotation-in-pool-beach-lake-buoyancy-ripstop-dog-safety-vest-for-swimming-reflective-pet-swimsuit\/\",\"url\":\"https:\/\/vestpetproducts.com\/product\/cute-dog-life-jacket-vest-for-flotation-in-pool-beach-lake-buoyancy-ripstop-dog-safety-vest-for-swimming-reflective-pet-swimsuit\/\",\"name\":\"Cute Dog Life Jacket Vest for Flotation in Pool Beach Lake Buoyancy Ripstop Dog Safety Vest for Swimming Reflective Pet Swimsuit - Shandong Vest International Trade Co., Ltd.\",\"isPartOf\":{\"@id\":\"https:\/\/vestpetproducts.com\/#website\"},\"primaryImageOfPage\":{\"@id\":\"https:\/\/vestpetproducts.com\/product\/cute-dog-life-jacket-vest-for-flotation-in-pool-beach-lake-buoyancy-ripstop-dog-safety-vest-for-swimming-reflective-pet-swimsuit\/#primaryimage\"},\"image\":{\"@id\":\"https:\/\/vestpetproducts.com\/product\/cute-dog-life-jacket-vest-for-flotation-in-pool-beach-lake-buoyancy-ripstop-dog-safety-vest-for-swimming-reflective-pet-swimsuit\/#primaryimage\"},\"thumbnailUrl\":\"https:\/\/vestpetproducts.com\/wp-content\/uploads\/2025\/07\/O1CN01l4g37n1Ua9zN05AsF_3642712533-0-cib.jpg\",\"datePublished\":\"2025-07-24T02:22:12+00:00\",\"dateModified\":\"2025-08-12T09:05:20+00:00\",\"breadcrumb\":{\"@id\":\"https:\/\/vestpetproducts.com\/product\/cute-dog-life-jacket-vest-for-flotation-in-pool-beach-lake-buoyancy-ripstop-dog-safety-vest-for-swimming-reflective-pet-swimsuit\/#breadcrumb\"},\"inLanguage\":\"es\",\"potentialAction\":[{\"@type\":\"ReadAction\",\"target\":[\"https:\/\/vestpetproducts.com\/product\/cute-dog-life-jacket-vest-for-flotation-in-pool-beach-lake-buoyancy-ripstop-dog-safety-vest-for-swimming-reflective-pet-swimsuit\/\"]}]},{\"@type\":\"ImageObject\",\"inLanguage\":\"es\",\"@id\":\"https:\/\/vestpetproducts.com\/product\/cute-dog-life-jacket-vest-for-flotation-in-pool-beach-lake-buoyancy-ripstop-dog-safety-vest-for-swimming-reflective-pet-swimsuit\/#primaryimage\",\"url\":\"https:\/\/vestpetproducts.com\/wp-content\/uploads\/2025\/07\/O1CN01l4g37n1Ua9zN05AsF_3642712533-0-cib.jpg\",\"contentUrl\":\"https:\/\/vestpetproducts.com\/wp-content\/uploads\/2025\/07\/O1CN01l4g37n1Ua9zN05AsF_3642712533-0-cib.jpg\",\"width\":790,\"height\":1056},{\"@type\":\"BreadcrumbList\",\"@id\":\"https:\/\/vestpetproducts.com\/product\/cute-dog-life-jacket-vest-for-flotation-in-pool-beach-lake-buoyancy-ripstop-dog-safety-vest-for-swimming-reflective-pet-swimsuit\/#breadcrumb\",\"itemListElement\":[{\"@type\":\"ListItem\",\"position\":1,\"name\":\"\u9996\u9875\",\"item\":\"https:\/\/vestpetproducts.com\/\"},{\"@type\":\"ListItem\",\"position\":2,\"name\":\"Product\",\"item\":\"https:\/\/vestpetproducts.com\/product\/\"},{\"@type\":\"ListItem\",\"position\":3,\"name\":\"Cute Dog Life Jacket Vest for Flotation in Pool Beach Lake Buoyancy Ripstop Dog Safety Vest for Swimming Reflective Pet Swimsuit\"}]},{\"@type\":\"WebSite\",\"@id\":\"https:\/\/vestpetproducts.com\/#website\",\"url\":\"https:\/\/vestpetproducts.com\/\",\"name\":\"Shandong Vest International Trade Co., Ltd.\",\"description\":\"Shandong Vest International Trade Co., Ltd.\",\"potentialAction\":[{\"@type\":\"SearchAction\",\"target\":{\"@type\":\"EntryPoint\",\"urlTemplate\":\"https:\/\/vestpetproducts.com\/?s={search_term_string}\"},\"query-input\":{\"@type\":\"PropertyValueSpecification\",\"valueRequired\":true,\"valueName\":\"search_term_string\"}}],\"inLanguage\":\"es\"}]}<\/script>\n<!-- \/ Yoast SEO plugin. -->","yoast_head_json":{"title":"Cute Dog Life Jacket Vest for Flotation in Pool Beach Lake Buoyancy Ripstop Dog Safety Vest for Swimming Reflective Pet Swimsuit - Shandong Vest International Trade Co., Ltd.","robots":{"index":"index","follow":"follow","max-snippet":"max-snippet:-1","max-image-preview":"max-image-preview:large","max-video-preview":"max-video-preview:-1"},"canonical":"https:\/\/vestpetproducts.com\/es\/producto\/cute-dog-life-jacket-vest-for-flotation-in-pool-beach-lake-buoyancy-ripstop-dog-safety-vest-for-swimming-reflective-pet-swimsuit\/","og_locale":"es_ES","og_type":"article","og_title":"Cute Dog Life Jacket Vest for Flotation in Pool Beach Lake Buoyancy Ripstop Dog Safety Vest for Swimming Reflective Pet Swimsuit - Shandong Vest International Trade Co., Ltd.","og_description":"Size: XS S\u00a0 M L\u00a0 XL XXL  &#x1f43e; The back has a belt hook for easy attachment to a belt, ensuring safety when going out. &#x1f43e; This pet clothing adds fun. &#x1f43e; Fine, soft cotton bendable antennae, fun pet clothing. &#x1f43e; Yellow and black striped color clash, bee stripe pattern.","og_url":"https:\/\/vestpetproducts.com\/es\/producto\/cute-dog-life-jacket-vest-for-flotation-in-pool-beach-lake-buoyancy-ripstop-dog-safety-vest-for-swimming-reflective-pet-swimsuit\/","og_site_name":"Shandong Vest International Trade Co., Ltd.","article_modified_time":"2025-08-12T09:05:20+00:00","og_image":[{"width":790,"height":1056,"url":"https:\/\/vestpetproducts.com\/wp-content\/uploads\/2025\/07\/O1CN01l4g37n1Ua9zN05AsF_3642712533-0-cib.jpg","type":"image\/jpeg"}],"twitter_card":"summary_large_image","twitter_misc":{"Tiempo de lectura":"2 minutos"},"schema":{"@context":"https:\/\/schema.org","@graph":[{"@type":"WebPage","@id":"https:\/\/vestpetproducts.com\/product\/cute-dog-life-jacket-vest-for-flotation-in-pool-beach-lake-buoyancy-ripstop-dog-safety-vest-for-swimming-reflective-pet-swimsuit\/","url":"https:\/\/vestpetproducts.com\/product\/cute-dog-life-jacket-vest-for-flotation-in-pool-beach-lake-buoyancy-ripstop-dog-safety-vest-for-swimming-reflective-pet-swimsuit\/","name":"Cute Dog Life Jacket Vest for Flotation in Pool Beach Lake Buoyancy Ripstop Dog Safety Vest for Swimming Reflective Pet Swimsuit - Shandong Vest International Trade Co., Ltd.","isPartOf":{"@id":"https:\/\/vestpetproducts.com\/#website"},"primaryImageOfPage":{"@id":"https:\/\/vestpetproducts.com\/product\/cute-dog-life-jacket-vest-for-flotation-in-pool-beach-lake-buoyancy-ripstop-dog-safety-vest-for-swimming-reflective-pet-swimsuit\/#primaryimage"},"image":{"@id":"https:\/\/vestpetproducts.com\/product\/cute-dog-life-jacket-vest-for-flotation-in-pool-beach-lake-buoyancy-ripstop-dog-safety-vest-for-swimming-reflective-pet-swimsuit\/#primaryimage"},"thumbnailUrl":"https:\/\/vestpetproducts.com\/wp-content\/uploads\/2025\/07\/O1CN01l4g37n1Ua9zN05AsF_3642712533-0-cib.jpg","datePublished":"2025-07-24T02:22:12+00:00","dateModified":"2025-08-12T09:05:20+00:00","breadcrumb":{"@id":"https:\/\/vestpetproducts.com\/product\/cute-dog-life-jacket-vest-for-flotation-in-pool-beach-lake-buoyancy-ripstop-dog-safety-vest-for-swimming-reflective-pet-swimsuit\/#breadcrumb"},"inLanguage":"es","potentialAction":[{"@type":"ReadAction","target":["https:\/\/vestpetproducts.com\/product\/cute-dog-life-jacket-vest-for-flotation-in-pool-beach-lake-buoyancy-ripstop-dog-safety-vest-for-swimming-reflective-pet-swimsuit\/"]}]},{"@type":"ImageObject","inLanguage":"es","@id":"https:\/\/vestpetproducts.com\/product\/cute-dog-life-jacket-vest-for-flotation-in-pool-beach-lake-buoyancy-ripstop-dog-safety-vest-for-swimming-reflective-pet-swimsuit\/#primaryimage","url":"https:\/\/vestpetproducts.com\/wp-content\/uploads\/2025\/07\/O1CN01l4g37n1Ua9zN05AsF_3642712533-0-cib.jpg","contentUrl":"https:\/\/vestpetproducts.com\/wp-content\/uploads\/2025\/07\/O1CN01l4g37n1Ua9zN05AsF_3642712533-0-cib.jpg","width":790,"height":1056},{"@type":"BreadcrumbList","@id":"https:\/\/vestpetproducts.com\/product\/cute-dog-life-jacket-vest-for-flotation-in-pool-beach-lake-buoyancy-ripstop-dog-safety-vest-for-swimming-reflective-pet-swimsuit\/#breadcrumb","itemListElement":[{"@type":"ListItem","position":1,"name":"\u9996\u9875","item":"https:\/\/vestpetproducts.com\/"},{"@type":"ListItem","position":2,"name":"Product","item":"https:\/\/vestpetproducts.com\/product\/"},{"@type":"ListItem","position":3,"name":"Cute Dog Life Jacket Vest for Flotation in Pool Beach Lake Buoyancy Ripstop Dog Safety Vest for Swimming Reflective Pet Swimsuit"}]},{"@type":"WebSite","@id":"https:\/\/vestpetproducts.com\/#website","url":"https:\/\/vestpetproducts.com\/","name":"Shandong Vest International Trade Co., Ltd.","description":"Shandong Vest International Trade Co., Ltd.","potentialAction":[{"@type":"SearchAction","target":{"@type":"EntryPoint","urlTemplate":"https:\/\/vestpetproducts.com\/?s={search_term_string}"},"query-input":{"@type":"PropertyValueSpecification","valueRequired":true,"valueName":"search_term_string"}}],"inLanguage":"es"}]}},"_links":{"self":[{"href":"https:\/\/vestpetproducts.com\/es\/wp-json\/wp\/v2\/product\/1408","targetHints":{"allow":["GET"]}}],"collection":[{"href":"https:\/\/vestpetproducts.com\/es\/wp-json\/wp\/v2\/product"}],"about":[{"href":"https:\/\/vestpetproducts.com\/es\/wp-json\/wp\/v2\/types\/product"}],"wp:featuredmedia":[{"embeddable":true,"href":"https:\/\/vestpetproducts.com\/es\/wp-json\/wp\/v2\/media\/1409"}],"wp:attachment":[{"href":"https:\/\/vestpetproducts.com\/es\/wp-json\/wp\/v2\/media?parent=1408"}],"wp:term":[{"taxonomy":"product_brand","embeddable":true,"href":"https:\/\/vestpetproducts.com\/es\/wp-json\/wp\/v2\/product_brand?post=1408"},{"taxonomy":"product_cat","embeddable":true,"href":"https:\/\/vestpetproducts.com\/es\/wp-json\/wp\/v2\/product_cat?post=1408"},{"taxonomy":"product_tag","embeddable":true,"href":"https:\/\/vestpetproducts.com\/es\/wp-json\/wp\/v2\/product_tag?post=1408"}],"curies":[{"name":"wp","href":"https:\/\/api.w.org\/{rel}","templated":true}]}}