{"id":1262,"date":"2025-07-23T03:14:32","date_gmt":"2025-07-23T03:14:32","guid":{"rendered":"https:\/\/vestpetproducts.com\/?post_type=product&#038;p=1262"},"modified":"2025-08-04T07:25:48","modified_gmt":"2025-08-04T07:25:48","slug":"large-wooden-cat-tree-and-scratching-tower-cat-climbing-frame-premium-toy-for-feline-friends-to-play-and-scratch","status":"publish","type":"product","link":"https:\/\/vestpetproducts.com\/es\/producto\/large-wooden-cat-tree-and-scratching-tower-cat-climbing-frame-premium-toy-for-feline-friends-to-play-and-scratch\/","title":{"rendered":"\u00c1rbol para gatos de madera grande y torre rascadora, estructura de escalada para gatos, juguete premium para que los amigos felinos jueguen y ara\u00f1en."},"content":{"rendered":"<p><img loading=\"lazy\" decoding=\"async\" class=\"aligncenter size-full wp-image-1280\" src=\"http:\/\/vestpetproducts.com\/wp-content\/uploads\/2025\/07\/MRR-008\u82f1\u8be6_01.jpg\" alt=\"\" width=\"1000\" height=\"1774\" srcset=\"https:\/\/vestpetproducts.com\/wp-content\/uploads\/2025\/07\/MRR-008\u82f1\u8be6_01.jpg 1000w, https:\/\/vestpetproducts.com\/wp-content\/uploads\/2025\/07\/MRR-008\u82f1\u8be6_01-282x500.jpg 282w, https:\/\/vestpetproducts.com\/wp-content\/uploads\/2025\/07\/MRR-008\u82f1\u8be6_01-676x1200.jpg 676w, https:\/\/vestpetproducts.com\/wp-content\/uploads\/2025\/07\/MRR-008\u82f1\u8be6_01-169x300.jpg 169w, https:\/\/vestpetproducts.com\/wp-content\/uploads\/2025\/07\/MRR-008\u82f1\u8be6_01-768x1362.jpg 768w, https:\/\/vestpetproducts.com\/wp-content\/uploads\/2025\/07\/MRR-008\u82f1\u8be6_01-866x1536.jpg 866w, https:\/\/vestpetproducts.com\/wp-content\/uploads\/2025\/07\/MRR-008\u82f1\u8be6_01-7x12.jpg 7w, https:\/\/vestpetproducts.com\/wp-content\/uploads\/2025\/07\/MRR-008\u82f1\u8be6_01-42x75.jpg 42w, https:\/\/vestpetproducts.com\/wp-content\/uploads\/2025\/07\/MRR-008\u82f1\u8be6_01-480x852.jpg 480w, https:\/\/vestpetproducts.com\/wp-content\/uploads\/2025\/07\/MRR-008\u82f1\u8be6_01-800x1419.jpg 800w\" sizes=\"auto, (max-width:767px) 480px, (max-width:1000px) 100vw, 1000px\" \/> <img loading=\"lazy\" decoding=\"async\" class=\"aligncenter size-full wp-image-1281\" src=\"http:\/\/vestpetproducts.com\/wp-content\/uploads\/2025\/07\/MRR-008\u82f1\u8be6_02.jpg\" alt=\"\" width=\"1000\" height=\"1345\" srcset=\"https:\/\/vestpetproducts.com\/wp-content\/uploads\/2025\/07\/MRR-008\u82f1\u8be6_02.jpg 1000w, https:\/\/vestpetproducts.com\/wp-content\/uploads\/2025\/07\/MRR-008\u82f1\u8be6_02-372x500.jpg 372w, https:\/\/vestpetproducts.com\/wp-content\/uploads\/2025\/07\/MRR-008\u82f1\u8be6_02-892x1200.jpg 892w, https:\/\/vestpetproducts.com\/wp-content\/uploads\/2025\/07\/MRR-008\u82f1\u8be6_02-223x300.jpg 223w, https:\/\/vestpetproducts.com\/wp-content\/uploads\/2025\/07\/MRR-008\u82f1\u8be6_02-768x1033.jpg 768w, https:\/\/vestpetproducts.com\/wp-content\/uploads\/2025\/07\/MRR-008\u82f1\u8be6_02-9x12.jpg 9w, https:\/\/vestpetproducts.com\/wp-content\/uploads\/2025\/07\/MRR-008\u82f1\u8be6_02-56x75.jpg 56w, https:\/\/vestpetproducts.com\/wp-content\/uploads\/2025\/07\/MRR-008\u82f1\u8be6_02-480x646.jpg 480w, https:\/\/vestpetproducts.com\/wp-content\/uploads\/2025\/07\/MRR-008\u82f1\u8be6_02-800x1076.jpg 800w\" sizes=\"auto, (max-width:767px) 480px, (max-width:1000px) 100vw, 1000px\" \/> <img loading=\"lazy\" decoding=\"async\" class=\"aligncenter size-full wp-image-1282\" src=\"http:\/\/vestpetproducts.com\/wp-content\/uploads\/2025\/07\/MRR-008\u82f1\u8be6_03.jpg\" alt=\"\" width=\"1000\" height=\"1463\" srcset=\"https:\/\/vestpetproducts.com\/wp-content\/uploads\/2025\/07\/MRR-008\u82f1\u8be6_03.jpg 1000w, https:\/\/vestpetproducts.com\/wp-content\/uploads\/2025\/07\/MRR-008\u82f1\u8be6_03-342x500.jpg 342w, https:\/\/vestpetproducts.com\/wp-content\/uploads\/2025\/07\/MRR-008\u82f1\u8be6_03-820x1200.jpg 820w, https:\/\/vestpetproducts.com\/wp-content\/uploads\/2025\/07\/MRR-008\u82f1\u8be6_03-205x300.jpg 205w, https:\/\/vestpetproducts.com\/wp-content\/uploads\/2025\/07\/MRR-008\u82f1\u8be6_03-768x1124.jpg 768w, https:\/\/vestpetproducts.com\/wp-content\/uploads\/2025\/07\/MRR-008\u82f1\u8be6_03-8x12.jpg 8w, https:\/\/vestpetproducts.com\/wp-content\/uploads\/2025\/07\/MRR-008\u82f1\u8be6_03-51x75.jpg 51w, https:\/\/vestpetproducts.com\/wp-content\/uploads\/2025\/07\/MRR-008\u82f1\u8be6_03-480x702.jpg 480w, https:\/\/vestpetproducts.com\/wp-content\/uploads\/2025\/07\/MRR-008\u82f1\u8be6_03-800x1170.jpg 800w\" sizes=\"auto, (max-width:767px) 480px, (max-width:1000px) 100vw, 1000px\" \/> <img loading=\"lazy\" decoding=\"async\" class=\"aligncenter size-full wp-image-1283\" src=\"http:\/\/vestpetproducts.com\/wp-content\/uploads\/2025\/07\/MRR-008\u82f1\u8be6_04.jpg\" alt=\"\" width=\"1000\" height=\"1440\" srcset=\"https:\/\/vestpetproducts.com\/wp-content\/uploads\/2025\/07\/MRR-008\u82f1\u8be6_04.jpg 1000w, https:\/\/vestpetproducts.com\/wp-content\/uploads\/2025\/07\/MRR-008\u82f1\u8be6_04-347x500.jpg 347w, https:\/\/vestpetproducts.com\/wp-content\/uploads\/2025\/07\/MRR-008\u82f1\u8be6_04-833x1200.jpg 833w, https:\/\/vestpetproducts.com\/wp-content\/uploads\/2025\/07\/MRR-008\u82f1\u8be6_04-208x300.jpg 208w, https:\/\/vestpetproducts.com\/wp-content\/uploads\/2025\/07\/MRR-008\u82f1\u8be6_04-768x1106.jpg 768w, https:\/\/vestpetproducts.com\/wp-content\/uploads\/2025\/07\/MRR-008\u82f1\u8be6_04-8x12.jpg 8w, https:\/\/vestpetproducts.com\/wp-content\/uploads\/2025\/07\/MRR-008\u82f1\u8be6_04-52x75.jpg 52w, https:\/\/vestpetproducts.com\/wp-content\/uploads\/2025\/07\/MRR-008\u82f1\u8be6_04-480x691.jpg 480w, https:\/\/vestpetproducts.com\/wp-content\/uploads\/2025\/07\/MRR-008\u82f1\u8be6_04-800x1152.jpg 800w\" sizes=\"auto, (max-width:767px) 480px, (max-width:1000px) 100vw, 1000px\" \/> <img loading=\"lazy\" decoding=\"async\" class=\"aligncenter size-full wp-image-1284\" src=\"http:\/\/vestpetproducts.com\/wp-content\/uploads\/2025\/07\/MRR-008\u82f1\u8be6_05.jpg\" alt=\"\" width=\"1000\" height=\"1157\" srcset=\"https:\/\/vestpetproducts.com\/wp-content\/uploads\/2025\/07\/MRR-008\u82f1\u8be6_05.jpg 1000w, https:\/\/vestpetproducts.com\/wp-content\/uploads\/2025\/07\/MRR-008\u82f1\u8be6_05-432x500.jpg 432w, https:\/\/vestpetproducts.com\/wp-content\/uploads\/2025\/07\/MRR-008\u82f1\u8be6_05-259x300.jpg 259w, https:\/\/vestpetproducts.com\/wp-content\/uploads\/2025\/07\/MRR-008\u82f1\u8be6_05-768x889.jpg 768w, https:\/\/vestpetproducts.com\/wp-content\/uploads\/2025\/07\/MRR-008\u82f1\u8be6_05-10x12.jpg 10w, https:\/\/vestpetproducts.com\/wp-content\/uploads\/2025\/07\/MRR-008\u82f1\u8be6_05-65x75.jpg 65w, https:\/\/vestpetproducts.com\/wp-content\/uploads\/2025\/07\/MRR-008\u82f1\u8be6_05-480x555.jpg 480w, https:\/\/vestpetproducts.com\/wp-content\/uploads\/2025\/07\/MRR-008\u82f1\u8be6_05-800x926.jpg 800w\" sizes=\"auto, (max-width:767px) 480px, (max-width:1000px) 100vw, 1000px\" \/> <img loading=\"lazy\" decoding=\"async\" class=\"aligncenter size-full wp-image-1285\" src=\"http:\/\/vestpetproducts.com\/wp-content\/uploads\/2025\/07\/MRR-008\u82f1\u8be6_06.jpg\" alt=\"\" width=\"1000\" height=\"1765\" srcset=\"https:\/\/vestpetproducts.com\/wp-content\/uploads\/2025\/07\/MRR-008\u82f1\u8be6_06.jpg 1000w, https:\/\/vestpetproducts.com\/wp-content\/uploads\/2025\/07\/MRR-008\u82f1\u8be6_06-283x500.jpg 283w, https:\/\/vestpetproducts.com\/wp-content\/uploads\/2025\/07\/MRR-008\u82f1\u8be6_06-680x1200.jpg 680w, https:\/\/vestpetproducts.com\/wp-content\/uploads\/2025\/07\/MRR-008\u82f1\u8be6_06-170x300.jpg 170w, https:\/\/vestpetproducts.com\/wp-content\/uploads\/2025\/07\/MRR-008\u82f1\u8be6_06-768x1356.jpg 768w, https:\/\/vestpetproducts.com\/wp-content\/uploads\/2025\/07\/MRR-008\u82f1\u8be6_06-870x1536.jpg 870w, https:\/\/vestpetproducts.com\/wp-content\/uploads\/2025\/07\/MRR-008\u82f1\u8be6_06-7x12.jpg 7w, https:\/\/vestpetproducts.com\/wp-content\/uploads\/2025\/07\/MRR-008\u82f1\u8be6_06-42x75.jpg 42w, https:\/\/vestpetproducts.com\/wp-content\/uploads\/2025\/07\/MRR-008\u82f1\u8be6_06-480x847.jpg 480w, https:\/\/vestpetproducts.com\/wp-content\/uploads\/2025\/07\/MRR-008\u82f1\u8be6_06-800x1412.jpg 800w\" sizes=\"auto, (max-width:767px) 480px, (max-width:1000px) 100vw, 1000px\" \/><\/p>","protected":false},"excerpt":{"rendered":"<p>Tama\u00f1o: 133 x 50 x 50 cm\/52,36 x 19,68 x 19,68 pulgadas<\/p>\n<p>\u2022 C\u00e1psula espacial c\u00f3moda: el dise\u00f1o semicerrado brinda a los gatos una sensaci\u00f3n de seguridad y les permite tomar una siesta en cualquier momento.<br \/>\n\u2022 Escalera de mano: el dise\u00f1o antideslizante hace que sea f\u00e1cil para los gatitos y los gatos mayores subir y bajar.<br \/>\n\u2022 Pelota de juguete colgante: la pelota el\u00e1stica interactiva estimula los instintos de caza de los gatos.<br \/>\n\u2022 La madera respetuosa con el medio ambiente, cuidadosamente seleccionada, proporciona un soporte estable.<br \/>\n\u2022 La superficie lisa sin rebabas protege la seguridad de los gatos.<\/p>","protected":false},"featured_media":1263,"template":"","meta":{"content-type":""},"product_brand":[],"product_cat":[120],"product_tag":[],"class_list":{"0":"post-1262","1":"product","2":"type-product","3":"status-publish","4":"has-post-thumbnail","6":"product_cat-pet-cat-trees","8":"first","9":"instock","10":"shipping-taxable","11":"product-type-simple"},"yoast_head":"<!-- This site is optimized with the Yoast SEO plugin v24.9 - https:\/\/yoast.com\/wordpress\/plugins\/seo\/ -->\n<title>Large Wooden Cat Tree and Scratching Tower Cat Climbing Frame Premium Toy for Feline Friends to Play and Scratch - Shandong Vest International Trade Co., Ltd.<\/title>\n<meta name=\"robots\" content=\"index, follow, max-snippet:-1, max-image-preview:large, max-video-preview:-1\" \/>\n<link rel=\"canonical\" href=\"https:\/\/vestpetproducts.com\/es\/producto\/large-wooden-cat-tree-and-scratching-tower-cat-climbing-frame-premium-toy-for-feline-friends-to-play-and-scratch\/\" \/>\n<meta property=\"og:locale\" content=\"es_ES\" \/>\n<meta property=\"og:type\" content=\"article\" \/>\n<meta property=\"og:title\" content=\"Large Wooden Cat Tree and Scratching Tower Cat Climbing Frame Premium Toy for Feline Friends to Play and Scratch - Shandong Vest International Trade Co., Ltd.\" \/>\n<meta property=\"og:description\" content=\"Size:133*50*50cm\/52.36*19.68*19.68Inch  \u2022 Comfortable space capsule: Semi-enclosed design gives cats a sense of security and allows them to take a nap anytime. \u2022 Step ladder: Non-slip design makes it easy for kittens and older cats to climb up and down. \u2022 Hanging toy ball: Interactive elastic ball stimulates cats&#039; hunting instincts. \u2022 Carefully selected environmentally friendly wood provides stable support. \u2022 Smooth surface without burrs protects cats&#039; safety.\" \/>\n<meta property=\"og:url\" content=\"https:\/\/vestpetproducts.com\/es\/producto\/large-wooden-cat-tree-and-scratching-tower-cat-climbing-frame-premium-toy-for-feline-friends-to-play-and-scratch\/\" \/>\n<meta property=\"og:site_name\" content=\"Shandong Vest International Trade Co., Ltd.\" \/>\n<meta property=\"article:modified_time\" content=\"2025-08-04T07:25:48+00:00\" \/>\n<meta property=\"og:image\" content=\"https:\/\/vestpetproducts.com\/wp-content\/uploads\/2025\/07\/MRR-008.jpg\" \/>\n\t<meta property=\"og:image:width\" content=\"1000\" \/>\n\t<meta property=\"og:image:height\" content=\"1000\" \/>\n\t<meta property=\"og:image:type\" content=\"image\/jpeg\" \/>\n<meta name=\"twitter:card\" content=\"summary_large_image\" \/>\n<meta name=\"twitter:label1\" content=\"Tiempo de lectura\" \/>\n\t<meta name=\"twitter:data1\" content=\"2 minutos\" \/>\n<script type=\"application\/ld+json\" class=\"yoast-schema-graph\">{\"@context\":\"https:\/\/schema.org\",\"@graph\":[{\"@type\":\"WebPage\",\"@id\":\"https:\/\/vestpetproducts.com\/product\/large-wooden-cat-tree-and-scratching-tower-cat-climbing-frame-premium-toy-for-feline-friends-to-play-and-scratch\/\",\"url\":\"https:\/\/vestpetproducts.com\/product\/large-wooden-cat-tree-and-scratching-tower-cat-climbing-frame-premium-toy-for-feline-friends-to-play-and-scratch\/\",\"name\":\"Large Wooden Cat Tree and Scratching Tower Cat Climbing Frame Premium Toy for Feline Friends to Play and Scratch - Shandong Vest International Trade Co., Ltd.\",\"isPartOf\":{\"@id\":\"https:\/\/vestpetproducts.com\/#website\"},\"primaryImageOfPage\":{\"@id\":\"https:\/\/vestpetproducts.com\/product\/large-wooden-cat-tree-and-scratching-tower-cat-climbing-frame-premium-toy-for-feline-friends-to-play-and-scratch\/#primaryimage\"},\"image\":{\"@id\":\"https:\/\/vestpetproducts.com\/product\/large-wooden-cat-tree-and-scratching-tower-cat-climbing-frame-premium-toy-for-feline-friends-to-play-and-scratch\/#primaryimage\"},\"thumbnailUrl\":\"https:\/\/vestpetproducts.com\/wp-content\/uploads\/2025\/07\/MRR-008.jpg\",\"datePublished\":\"2025-07-23T03:14:32+00:00\",\"dateModified\":\"2025-08-04T07:25:48+00:00\",\"breadcrumb\":{\"@id\":\"https:\/\/vestpetproducts.com\/product\/large-wooden-cat-tree-and-scratching-tower-cat-climbing-frame-premium-toy-for-feline-friends-to-play-and-scratch\/#breadcrumb\"},\"inLanguage\":\"es\",\"potentialAction\":[{\"@type\":\"ReadAction\",\"target\":[\"https:\/\/vestpetproducts.com\/product\/large-wooden-cat-tree-and-scratching-tower-cat-climbing-frame-premium-toy-for-feline-friends-to-play-and-scratch\/\"]}]},{\"@type\":\"ImageObject\",\"inLanguage\":\"es\",\"@id\":\"https:\/\/vestpetproducts.com\/product\/large-wooden-cat-tree-and-scratching-tower-cat-climbing-frame-premium-toy-for-feline-friends-to-play-and-scratch\/#primaryimage\",\"url\":\"https:\/\/vestpetproducts.com\/wp-content\/uploads\/2025\/07\/MRR-008.jpg\",\"contentUrl\":\"https:\/\/vestpetproducts.com\/wp-content\/uploads\/2025\/07\/MRR-008.jpg\",\"width\":1000,\"height\":1000},{\"@type\":\"BreadcrumbList\",\"@id\":\"https:\/\/vestpetproducts.com\/product\/large-wooden-cat-tree-and-scratching-tower-cat-climbing-frame-premium-toy-for-feline-friends-to-play-and-scratch\/#breadcrumb\",\"itemListElement\":[{\"@type\":\"ListItem\",\"position\":1,\"name\":\"\u9996\u9875\",\"item\":\"https:\/\/vestpetproducts.com\/\"},{\"@type\":\"ListItem\",\"position\":2,\"name\":\"Product\",\"item\":\"https:\/\/vestpetproducts.com\/product\/\"},{\"@type\":\"ListItem\",\"position\":3,\"name\":\"Large Wooden Cat Tree and Scratching Tower Cat Climbing Frame Premium Toy for Feline Friends to Play and Scratch\"}]},{\"@type\":\"WebSite\",\"@id\":\"https:\/\/vestpetproducts.com\/#website\",\"url\":\"https:\/\/vestpetproducts.com\/\",\"name\":\"Shandong Vest International Trade Co., Ltd.\",\"description\":\"Shandong Vest International Trade Co., Ltd.\",\"potentialAction\":[{\"@type\":\"SearchAction\",\"target\":{\"@type\":\"EntryPoint\",\"urlTemplate\":\"https:\/\/vestpetproducts.com\/?s={search_term_string}\"},\"query-input\":{\"@type\":\"PropertyValueSpecification\",\"valueRequired\":true,\"valueName\":\"search_term_string\"}}],\"inLanguage\":\"es\"}]}<\/script>\n<!-- \/ Yoast SEO plugin. -->","yoast_head_json":{"title":"Large Wooden Cat Tree and Scratching Tower Cat Climbing Frame Premium Toy for Feline Friends to Play and Scratch - Shandong Vest International Trade Co., Ltd.","robots":{"index":"index","follow":"follow","max-snippet":"max-snippet:-1","max-image-preview":"max-image-preview:large","max-video-preview":"max-video-preview:-1"},"canonical":"https:\/\/vestpetproducts.com\/es\/producto\/large-wooden-cat-tree-and-scratching-tower-cat-climbing-frame-premium-toy-for-feline-friends-to-play-and-scratch\/","og_locale":"es_ES","og_type":"article","og_title":"Large Wooden Cat Tree and Scratching Tower Cat Climbing Frame Premium Toy for Feline Friends to Play and Scratch - Shandong Vest International Trade Co., Ltd.","og_description":"Size:133*50*50cm\/52.36*19.68*19.68Inch  \u2022 Comfortable space capsule: Semi-enclosed design gives cats a sense of security and allows them to take a nap anytime. \u2022 Step ladder: Non-slip design makes it easy for kittens and older cats to climb up and down. \u2022 Hanging toy ball: Interactive elastic ball stimulates cats' hunting instincts. \u2022 Carefully selected environmentally friendly wood provides stable support. \u2022 Smooth surface without burrs protects cats' safety.","og_url":"https:\/\/vestpetproducts.com\/es\/producto\/large-wooden-cat-tree-and-scratching-tower-cat-climbing-frame-premium-toy-for-feline-friends-to-play-and-scratch\/","og_site_name":"Shandong Vest International Trade Co., Ltd.","article_modified_time":"2025-08-04T07:25:48+00:00","og_image":[{"width":1000,"height":1000,"url":"https:\/\/vestpetproducts.com\/wp-content\/uploads\/2025\/07\/MRR-008.jpg","type":"image\/jpeg"}],"twitter_card":"summary_large_image","twitter_misc":{"Tiempo de lectura":"2 minutos"},"schema":{"@context":"https:\/\/schema.org","@graph":[{"@type":"WebPage","@id":"https:\/\/vestpetproducts.com\/product\/large-wooden-cat-tree-and-scratching-tower-cat-climbing-frame-premium-toy-for-feline-friends-to-play-and-scratch\/","url":"https:\/\/vestpetproducts.com\/product\/large-wooden-cat-tree-and-scratching-tower-cat-climbing-frame-premium-toy-for-feline-friends-to-play-and-scratch\/","name":"Large Wooden Cat Tree and Scratching Tower Cat Climbing Frame Premium Toy for Feline Friends to Play and Scratch - Shandong Vest International Trade Co., Ltd.","isPartOf":{"@id":"https:\/\/vestpetproducts.com\/#website"},"primaryImageOfPage":{"@id":"https:\/\/vestpetproducts.com\/product\/large-wooden-cat-tree-and-scratching-tower-cat-climbing-frame-premium-toy-for-feline-friends-to-play-and-scratch\/#primaryimage"},"image":{"@id":"https:\/\/vestpetproducts.com\/product\/large-wooden-cat-tree-and-scratching-tower-cat-climbing-frame-premium-toy-for-feline-friends-to-play-and-scratch\/#primaryimage"},"thumbnailUrl":"https:\/\/vestpetproducts.com\/wp-content\/uploads\/2025\/07\/MRR-008.jpg","datePublished":"2025-07-23T03:14:32+00:00","dateModified":"2025-08-04T07:25:48+00:00","breadcrumb":{"@id":"https:\/\/vestpetproducts.com\/product\/large-wooden-cat-tree-and-scratching-tower-cat-climbing-frame-premium-toy-for-feline-friends-to-play-and-scratch\/#breadcrumb"},"inLanguage":"es","potentialAction":[{"@type":"ReadAction","target":["https:\/\/vestpetproducts.com\/product\/large-wooden-cat-tree-and-scratching-tower-cat-climbing-frame-premium-toy-for-feline-friends-to-play-and-scratch\/"]}]},{"@type":"ImageObject","inLanguage":"es","@id":"https:\/\/vestpetproducts.com\/product\/large-wooden-cat-tree-and-scratching-tower-cat-climbing-frame-premium-toy-for-feline-friends-to-play-and-scratch\/#primaryimage","url":"https:\/\/vestpetproducts.com\/wp-content\/uploads\/2025\/07\/MRR-008.jpg","contentUrl":"https:\/\/vestpetproducts.com\/wp-content\/uploads\/2025\/07\/MRR-008.jpg","width":1000,"height":1000},{"@type":"BreadcrumbList","@id":"https:\/\/vestpetproducts.com\/product\/large-wooden-cat-tree-and-scratching-tower-cat-climbing-frame-premium-toy-for-feline-friends-to-play-and-scratch\/#breadcrumb","itemListElement":[{"@type":"ListItem","position":1,"name":"\u9996\u9875","item":"https:\/\/vestpetproducts.com\/"},{"@type":"ListItem","position":2,"name":"Product","item":"https:\/\/vestpetproducts.com\/product\/"},{"@type":"ListItem","position":3,"name":"Large Wooden Cat Tree and Scratching Tower Cat Climbing Frame Premium Toy for Feline Friends to Play and Scratch"}]},{"@type":"WebSite","@id":"https:\/\/vestpetproducts.com\/#website","url":"https:\/\/vestpetproducts.com\/","name":"Shandong Vest International Trade Co., Ltd.","description":"Shandong Vest International Trade Co., Ltd.","potentialAction":[{"@type":"SearchAction","target":{"@type":"EntryPoint","urlTemplate":"https:\/\/vestpetproducts.com\/?s={search_term_string}"},"query-input":{"@type":"PropertyValueSpecification","valueRequired":true,"valueName":"search_term_string"}}],"inLanguage":"es"}]}},"_links":{"self":[{"href":"https:\/\/vestpetproducts.com\/es\/wp-json\/wp\/v2\/product\/1262","targetHints":{"allow":["GET"]}}],"collection":[{"href":"https:\/\/vestpetproducts.com\/es\/wp-json\/wp\/v2\/product"}],"about":[{"href":"https:\/\/vestpetproducts.com\/es\/wp-json\/wp\/v2\/types\/product"}],"wp:featuredmedia":[{"embeddable":true,"href":"https:\/\/vestpetproducts.com\/es\/wp-json\/wp\/v2\/media\/1263"}],"wp:attachment":[{"href":"https:\/\/vestpetproducts.com\/es\/wp-json\/wp\/v2\/media?parent=1262"}],"wp:term":[{"taxonomy":"product_brand","embeddable":true,"href":"https:\/\/vestpetproducts.com\/es\/wp-json\/wp\/v2\/product_brand?post=1262"},{"taxonomy":"product_cat","embeddable":true,"href":"https:\/\/vestpetproducts.com\/es\/wp-json\/wp\/v2\/product_cat?post=1262"},{"taxonomy":"product_tag","embeddable":true,"href":"https:\/\/vestpetproducts.com\/es\/wp-json\/wp\/v2\/product_tag?post=1262"}],"curies":[{"name":"wp","href":"https:\/\/api.w.org\/{rel}","templated":true}]}}