{"id":1196,"date":"2025-07-23T02:04:38","date_gmt":"2025-07-23T02:04:38","guid":{"rendered":"https:\/\/vestpetproducts.com\/?post_type=product&#038;p=1196"},"modified":"2025-08-04T07:50:47","modified_gmt":"2025-08-04T07:50:47","slug":"factory-price-creative-design-cat-territory-durable-pet-furniture-of-cat-climbing-frame","status":"publish","type":"product","link":"https:\/\/vestpetproducts.com\/es\/producto\/factory-price-creative-design-cat-territory-durable-pet-furniture-of-cat-climbing-frame\/","title":{"rendered":"Precio de f\u00e1brica, dise\u00f1o creativo, territorio para gatos, muebles duraderos para mascotas, marco de escalada para gatos"},"content":{"rendered":"<p><img loading=\"lazy\" decoding=\"async\" class=\"aligncenter size-full wp-image-1206\" src=\"http:\/\/vestpetproducts.com\/wp-content\/uploads\/2025\/07\/CTS-003\u8be6\u60c5-\u82f1_01.jpg\" alt=\"\" width=\"1000\" height=\"1715\" srcset=\"https:\/\/vestpetproducts.com\/wp-content\/uploads\/2025\/07\/CTS-003\u8be6\u60c5-\u82f1_01.jpg 1000w, https:\/\/vestpetproducts.com\/wp-content\/uploads\/2025\/07\/CTS-003\u8be6\u60c5-\u82f1_01-292x500.jpg 292w, https:\/\/vestpetproducts.com\/wp-content\/uploads\/2025\/07\/CTS-003\u8be6\u60c5-\u82f1_01-700x1200.jpg 700w, https:\/\/vestpetproducts.com\/wp-content\/uploads\/2025\/07\/CTS-003\u8be6\u60c5-\u82f1_01-175x300.jpg 175w, https:\/\/vestpetproducts.com\/wp-content\/uploads\/2025\/07\/CTS-003\u8be6\u60c5-\u82f1_01-768x1317.jpg 768w, https:\/\/vestpetproducts.com\/wp-content\/uploads\/2025\/07\/CTS-003\u8be6\u60c5-\u82f1_01-896x1536.jpg 896w, https:\/\/vestpetproducts.com\/wp-content\/uploads\/2025\/07\/CTS-003\u8be6\u60c5-\u82f1_01-7x12.jpg 7w, https:\/\/vestpetproducts.com\/wp-content\/uploads\/2025\/07\/CTS-003\u8be6\u60c5-\u82f1_01-44x75.jpg 44w, https:\/\/vestpetproducts.com\/wp-content\/uploads\/2025\/07\/CTS-003\u8be6\u60c5-\u82f1_01-480x823.jpg 480w, https:\/\/vestpetproducts.com\/wp-content\/uploads\/2025\/07\/CTS-003\u8be6\u60c5-\u82f1_01-800x1372.jpg 800w\" sizes=\"auto, (max-width:767px) 480px, (max-width:1000px) 100vw, 1000px\" \/> <img loading=\"lazy\" decoding=\"async\" class=\"aligncenter size-full wp-image-1207\" src=\"http:\/\/vestpetproducts.com\/wp-content\/uploads\/2025\/07\/CTS-003\u8be6\u60c5-\u82f1_02.jpg\" alt=\"\" width=\"1000\" height=\"1975\" srcset=\"https:\/\/vestpetproducts.com\/wp-content\/uploads\/2025\/07\/CTS-003\u8be6\u60c5-\u82f1_02.jpg 1000w, https:\/\/vestpetproducts.com\/wp-content\/uploads\/2025\/07\/CTS-003\u8be6\u60c5-\u82f1_02-253x500.jpg 253w, https:\/\/vestpetproducts.com\/wp-content\/uploads\/2025\/07\/CTS-003\u8be6\u60c5-\u82f1_02-608x1200.jpg 608w, https:\/\/vestpetproducts.com\/wp-content\/uploads\/2025\/07\/CTS-003\u8be6\u60c5-\u82f1_02-152x300.jpg 152w, https:\/\/vestpetproducts.com\/wp-content\/uploads\/2025\/07\/CTS-003\u8be6\u60c5-\u82f1_02-768x1517.jpg 768w, https:\/\/vestpetproducts.com\/wp-content\/uploads\/2025\/07\/CTS-003\u8be6\u60c5-\u82f1_02-778x1536.jpg 778w, https:\/\/vestpetproducts.com\/wp-content\/uploads\/2025\/07\/CTS-003\u8be6\u60c5-\u82f1_02-6x12.jpg 6w, https:\/\/vestpetproducts.com\/wp-content\/uploads\/2025\/07\/CTS-003\u8be6\u60c5-\u82f1_02-38x75.jpg 38w, https:\/\/vestpetproducts.com\/wp-content\/uploads\/2025\/07\/CTS-003\u8be6\u60c5-\u82f1_02-480x948.jpg 480w, https:\/\/vestpetproducts.com\/wp-content\/uploads\/2025\/07\/CTS-003\u8be6\u60c5-\u82f1_02-800x1580.jpg 800w\" sizes=\"auto, (max-width:767px) 480px, (max-width:1000px) 100vw, 1000px\" \/> <img loading=\"lazy\" decoding=\"async\" class=\"aligncenter size-full wp-image-1208\" src=\"http:\/\/vestpetproducts.com\/wp-content\/uploads\/2025\/07\/CTS-003\u8be6\u60c5-\u82f1_03.jpg\" alt=\"\" width=\"1000\" height=\"1339\" srcset=\"https:\/\/vestpetproducts.com\/wp-content\/uploads\/2025\/07\/CTS-003\u8be6\u60c5-\u82f1_03.jpg 1000w, https:\/\/vestpetproducts.com\/wp-content\/uploads\/2025\/07\/CTS-003\u8be6\u60c5-\u82f1_03-373x500.jpg 373w, https:\/\/vestpetproducts.com\/wp-content\/uploads\/2025\/07\/CTS-003\u8be6\u60c5-\u82f1_03-896x1200.jpg 896w, https:\/\/vestpetproducts.com\/wp-content\/uploads\/2025\/07\/CTS-003\u8be6\u60c5-\u82f1_03-224x300.jpg 224w, https:\/\/vestpetproducts.com\/wp-content\/uploads\/2025\/07\/CTS-003\u8be6\u60c5-\u82f1_03-768x1028.jpg 768w, https:\/\/vestpetproducts.com\/wp-content\/uploads\/2025\/07\/CTS-003\u8be6\u60c5-\u82f1_03-9x12.jpg 9w, https:\/\/vestpetproducts.com\/wp-content\/uploads\/2025\/07\/CTS-003\u8be6\u60c5-\u82f1_03-56x75.jpg 56w, https:\/\/vestpetproducts.com\/wp-content\/uploads\/2025\/07\/CTS-003\u8be6\u60c5-\u82f1_03-480x643.jpg 480w, https:\/\/vestpetproducts.com\/wp-content\/uploads\/2025\/07\/CTS-003\u8be6\u60c5-\u82f1_03-800x1071.jpg 800w\" sizes=\"auto, (max-width:767px) 480px, (max-width:1000px) 100vw, 1000px\" \/> <img loading=\"lazy\" decoding=\"async\" class=\"aligncenter size-full wp-image-1209\" src=\"http:\/\/vestpetproducts.com\/wp-content\/uploads\/2025\/07\/CTS-003\u8be6\u60c5-\u82f1_04.jpg\" alt=\"\" width=\"1000\" height=\"1333\" srcset=\"https:\/\/vestpetproducts.com\/wp-content\/uploads\/2025\/07\/CTS-003\u8be6\u60c5-\u82f1_04.jpg 1000w, https:\/\/vestpetproducts.com\/wp-content\/uploads\/2025\/07\/CTS-003\u8be6\u60c5-\u82f1_04-375x500.jpg 375w, https:\/\/vestpetproducts.com\/wp-content\/uploads\/2025\/07\/CTS-003\u8be6\u60c5-\u82f1_04-900x1200.jpg 900w, https:\/\/vestpetproducts.com\/wp-content\/uploads\/2025\/07\/CTS-003\u8be6\u60c5-\u82f1_04-225x300.jpg 225w, https:\/\/vestpetproducts.com\/wp-content\/uploads\/2025\/07\/CTS-003\u8be6\u60c5-\u82f1_04-768x1024.jpg 768w, https:\/\/vestpetproducts.com\/wp-content\/uploads\/2025\/07\/CTS-003\u8be6\u60c5-\u82f1_04-9x12.jpg 9w, https:\/\/vestpetproducts.com\/wp-content\/uploads\/2025\/07\/CTS-003\u8be6\u60c5-\u82f1_04-56x75.jpg 56w, https:\/\/vestpetproducts.com\/wp-content\/uploads\/2025\/07\/CTS-003\u8be6\u60c5-\u82f1_04-480x640.jpg 480w, https:\/\/vestpetproducts.com\/wp-content\/uploads\/2025\/07\/CTS-003\u8be6\u60c5-\u82f1_04-800x1066.jpg 800w\" sizes=\"auto, (max-width:767px) 480px, (max-width:1000px) 100vw, 1000px\" \/> <img loading=\"lazy\" decoding=\"async\" class=\"aligncenter size-full wp-image-1210\" src=\"http:\/\/vestpetproducts.com\/wp-content\/uploads\/2025\/07\/CTS-003\u8be6\u60c5-\u82f1_05.jpg\" alt=\"\" width=\"1000\" height=\"1332\" srcset=\"https:\/\/vestpetproducts.com\/wp-content\/uploads\/2025\/07\/CTS-003\u8be6\u60c5-\u82f1_05.jpg 1000w, https:\/\/vestpetproducts.com\/wp-content\/uploads\/2025\/07\/CTS-003\u8be6\u60c5-\u82f1_05-375x500.jpg 375w, https:\/\/vestpetproducts.com\/wp-content\/uploads\/2025\/07\/CTS-003\u8be6\u60c5-\u82f1_05-901x1200.jpg 901w, https:\/\/vestpetproducts.com\/wp-content\/uploads\/2025\/07\/CTS-003\u8be6\u60c5-\u82f1_05-225x300.jpg 225w, https:\/\/vestpetproducts.com\/wp-content\/uploads\/2025\/07\/CTS-003\u8be6\u60c5-\u82f1_05-768x1023.jpg 768w, https:\/\/vestpetproducts.com\/wp-content\/uploads\/2025\/07\/CTS-003\u8be6\u60c5-\u82f1_05-9x12.jpg 9w, https:\/\/vestpetproducts.com\/wp-content\/uploads\/2025\/07\/CTS-003\u8be6\u60c5-\u82f1_05-56x75.jpg 56w, https:\/\/vestpetproducts.com\/wp-content\/uploads\/2025\/07\/CTS-003\u8be6\u60c5-\u82f1_05-480x639.jpg 480w, https:\/\/vestpetproducts.com\/wp-content\/uploads\/2025\/07\/CTS-003\u8be6\u60c5-\u82f1_05-800x1066.jpg 800w\" sizes=\"auto, (max-width:767px) 480px, (max-width:1000px) 100vw, 1000px\" \/> <img loading=\"lazy\" decoding=\"async\" class=\"aligncenter size-full wp-image-1211\" src=\"http:\/\/vestpetproducts.com\/wp-content\/uploads\/2025\/07\/CTS-003\u8be6\u60c5-\u82f1_06.jpg\" alt=\"\" width=\"1000\" height=\"1334\" srcset=\"https:\/\/vestpetproducts.com\/wp-content\/uploads\/2025\/07\/CTS-003\u8be6\u60c5-\u82f1_06.jpg 1000w, https:\/\/vestpetproducts.com\/wp-content\/uploads\/2025\/07\/CTS-003\u8be6\u60c5-\u82f1_06-375x500.jpg 375w, https:\/\/vestpetproducts.com\/wp-content\/uploads\/2025\/07\/CTS-003\u8be6\u60c5-\u82f1_06-900x1200.jpg 900w, https:\/\/vestpetproducts.com\/wp-content\/uploads\/2025\/07\/CTS-003\u8be6\u60c5-\u82f1_06-225x300.jpg 225w, https:\/\/vestpetproducts.com\/wp-content\/uploads\/2025\/07\/CTS-003\u8be6\u60c5-\u82f1_06-768x1025.jpg 768w, https:\/\/vestpetproducts.com\/wp-content\/uploads\/2025\/07\/CTS-003\u8be6\u60c5-\u82f1_06-9x12.jpg 9w, https:\/\/vestpetproducts.com\/wp-content\/uploads\/2025\/07\/CTS-003\u8be6\u60c5-\u82f1_06-56x75.jpg 56w, https:\/\/vestpetproducts.com\/wp-content\/uploads\/2025\/07\/CTS-003\u8be6\u60c5-\u82f1_06-480x640.jpg 480w, https:\/\/vestpetproducts.com\/wp-content\/uploads\/2025\/07\/CTS-003\u8be6\u60c5-\u82f1_06-800x1067.jpg 800w\" sizes=\"auto, (max-width:767px) 480px, (max-width:1000px) 100vw, 1000px\" \/> <img loading=\"lazy\" decoding=\"async\" class=\"aligncenter size-full wp-image-1212\" src=\"http:\/\/vestpetproducts.com\/wp-content\/uploads\/2025\/07\/CTS-003\u8be6\u60c5-\u82f1_07.jpg\" alt=\"\" width=\"1000\" height=\"1497\" srcset=\"https:\/\/vestpetproducts.com\/wp-content\/uploads\/2025\/07\/CTS-003\u8be6\u60c5-\u82f1_07.jpg 1000w, https:\/\/vestpetproducts.com\/wp-content\/uploads\/2025\/07\/CTS-003\u8be6\u60c5-\u82f1_07-334x500.jpg 334w, https:\/\/vestpetproducts.com\/wp-content\/uploads\/2025\/07\/CTS-003\u8be6\u60c5-\u82f1_07-802x1200.jpg 802w, https:\/\/vestpetproducts.com\/wp-content\/uploads\/2025\/07\/CTS-003\u8be6\u60c5-\u82f1_07-200x300.jpg 200w, https:\/\/vestpetproducts.com\/wp-content\/uploads\/2025\/07\/CTS-003\u8be6\u60c5-\u82f1_07-768x1150.jpg 768w, https:\/\/vestpetproducts.com\/wp-content\/uploads\/2025\/07\/CTS-003\u8be6\u60c5-\u82f1_07-8x12.jpg 8w, https:\/\/vestpetproducts.com\/wp-content\/uploads\/2025\/07\/CTS-003\u8be6\u60c5-\u82f1_07-50x75.jpg 50w, https:\/\/vestpetproducts.com\/wp-content\/uploads\/2025\/07\/CTS-003\u8be6\u60c5-\u82f1_07-480x719.jpg 480w, https:\/\/vestpetproducts.com\/wp-content\/uploads\/2025\/07\/CTS-003\u8be6\u60c5-\u82f1_07-800x1198.jpg 800w\" sizes=\"auto, (max-width:767px) 480px, (max-width:1000px) 100vw, 1000px\" \/> <img loading=\"lazy\" decoding=\"async\" class=\"aligncenter size-full wp-image-1213\" src=\"http:\/\/vestpetproducts.com\/wp-content\/uploads\/2025\/07\/CTS-003\u8be6\u60c5-\u82f1_08.jpg\" alt=\"\" width=\"1000\" height=\"1358\" srcset=\"https:\/\/vestpetproducts.com\/wp-content\/uploads\/2025\/07\/CTS-003\u8be6\u60c5-\u82f1_08.jpg 1000w, https:\/\/vestpetproducts.com\/wp-content\/uploads\/2025\/07\/CTS-003\u8be6\u60c5-\u82f1_08-368x500.jpg 368w, https:\/\/vestpetproducts.com\/wp-content\/uploads\/2025\/07\/CTS-003\u8be6\u60c5-\u82f1_08-884x1200.jpg 884w, https:\/\/vestpetproducts.com\/wp-content\/uploads\/2025\/07\/CTS-003\u8be6\u60c5-\u82f1_08-221x300.jpg 221w, https:\/\/vestpetproducts.com\/wp-content\/uploads\/2025\/07\/CTS-003\u8be6\u60c5-\u82f1_08-768x1043.jpg 768w, https:\/\/vestpetproducts.com\/wp-content\/uploads\/2025\/07\/CTS-003\u8be6\u60c5-\u82f1_08-9x12.jpg 9w, https:\/\/vestpetproducts.com\/wp-content\/uploads\/2025\/07\/CTS-003\u8be6\u60c5-\u82f1_08-55x75.jpg 55w, https:\/\/vestpetproducts.com\/wp-content\/uploads\/2025\/07\/CTS-003\u8be6\u60c5-\u82f1_08-480x652.jpg 480w, https:\/\/vestpetproducts.com\/wp-content\/uploads\/2025\/07\/CTS-003\u8be6\u60c5-\u82f1_08-800x1086.jpg 800w\" sizes=\"auto, (max-width:767px) 480px, (max-width:1000px) 100vw, 1000px\" \/> <img loading=\"lazy\" decoding=\"async\" class=\"aligncenter size-full wp-image-1214\" src=\"http:\/\/vestpetproducts.com\/wp-content\/uploads\/2025\/07\/CTS-003\u8be6\u60c5-\u82f1_09.jpg\" alt=\"\" width=\"1000\" height=\"2061\" srcset=\"https:\/\/vestpetproducts.com\/wp-content\/uploads\/2025\/07\/CTS-003\u8be6\u60c5-\u82f1_09.jpg 1000w, https:\/\/vestpetproducts.com\/wp-content\/uploads\/2025\/07\/CTS-003\u8be6\u60c5-\u82f1_09-243x500.jpg 243w, https:\/\/vestpetproducts.com\/wp-content\/uploads\/2025\/07\/CTS-003\u8be6\u60c5-\u82f1_09-582x1200.jpg 582w, https:\/\/vestpetproducts.com\/wp-content\/uploads\/2025\/07\/CTS-003\u8be6\u60c5-\u82f1_09-146x300.jpg 146w, https:\/\/vestpetproducts.com\/wp-content\/uploads\/2025\/07\/CTS-003\u8be6\u60c5-\u82f1_09-768x1583.jpg 768w, https:\/\/vestpetproducts.com\/wp-content\/uploads\/2025\/07\/CTS-003\u8be6\u60c5-\u82f1_09-745x1536.jpg 745w, https:\/\/vestpetproducts.com\/wp-content\/uploads\/2025\/07\/CTS-003\u8be6\u60c5-\u82f1_09-994x2048.jpg 994w, https:\/\/vestpetproducts.com\/wp-content\/uploads\/2025\/07\/CTS-003\u8be6\u60c5-\u82f1_09-6x12.jpg 6w, https:\/\/vestpetproducts.com\/wp-content\/uploads\/2025\/07\/CTS-003\u8be6\u60c5-\u82f1_09-36x75.jpg 36w, https:\/\/vestpetproducts.com\/wp-content\/uploads\/2025\/07\/CTS-003\u8be6\u60c5-\u82f1_09-466x960.jpg 466w, https:\/\/vestpetproducts.com\/wp-content\/uploads\/2025\/07\/CTS-003\u8be6\u60c5-\u82f1_09-800x1649.jpg 800w\" sizes=\"auto, (max-width:767px) 480px, (max-width:1000px) 100vw, 1000px\" \/><\/p>","protected":false},"excerpt":{"rendered":"<p>Tama\u00f1o: 28,5 x 28,5 x 49,5 cm\/11,22 x 11,22 x 19,48 pulgadas<\/p>\n<p>Materiales de primera calidad: este producto est\u00e1 hecho de c\u00e1\u00f1amo de sisal natural 100%. La base y la parte superior son un MDF pesado que cubre la alfombra. Sisal natural de alta calidad, felpa segura, uso duradero, base estable, nunca se vuelca f\u00e1cilmente.<br \/>\nProtege tus muebles: los palos de agarre y los juguetes de peluche se combinan para atraer a los gatos a jugar y agarrar, el sisal natural es adecuado para que los gatos lo agarren, lo que evita eficazmente que los gatos agarren los muebles.<br \/>\nDise\u00f1ado para uso en interiores: los colores neutros funcionan bien con la decoraci\u00f3n existente en su hogar. Ideal para cualquier sala de estar, dormitorio u oficina en casa.<\/p>","protected":false},"featured_media":1197,"template":"","meta":{"content-type":""},"product_brand":[],"product_cat":[120],"product_tag":[],"class_list":{"0":"post-1196","1":"product","2":"type-product","3":"status-publish","4":"has-post-thumbnail","6":"product_cat-pet-cat-trees","8":"first","9":"instock","10":"shipping-taxable","11":"product-type-simple"},"yoast_head":"<!-- This site is optimized with the Yoast SEO plugin v24.9 - https:\/\/yoast.com\/wordpress\/plugins\/seo\/ -->\n<title>Factory Price Creative Design Cat Territory Durable Pet Furniture of Cat Climbing Frame - Shandong Vest International Trade Co., Ltd.<\/title>\n<meta name=\"robots\" content=\"index, follow, max-snippet:-1, max-image-preview:large, max-video-preview:-1\" \/>\n<link rel=\"canonical\" href=\"https:\/\/vestpetproducts.com\/es\/producto\/factory-price-creative-design-cat-territory-durable-pet-furniture-of-cat-climbing-frame\/\" \/>\n<meta property=\"og:locale\" content=\"es_ES\" \/>\n<meta property=\"og:type\" content=\"article\" \/>\n<meta property=\"og:title\" content=\"Factory Price Creative Design Cat Territory Durable Pet Furniture of Cat Climbing Frame - Shandong Vest International Trade Co., Ltd.\" \/>\n<meta property=\"og:description\" content=\"Size\uff1a28.5*28.5*49.5cm\/11.22*11.22*19.48Inches  Premium Quality Materials - This product is made of 100% natural sisal hemp.The base and top is a weighted MDF covering the carpet.Nature High Quality Sisal Safe Plush Long Lasting Usage Stable basement, never tip over easily. Protect your furniture - Grab sticks and plush toys combine to attract cats to play and grab, natural sisal is suitable for cats to grab, effectively preventing cats from grabbing furniture Designed for indoor use - Neutral colors work well with existing decor in your home.ideal for any living room, bedroom, or home office\" \/>\n<meta property=\"og:url\" content=\"https:\/\/vestpetproducts.com\/es\/producto\/factory-price-creative-design-cat-territory-durable-pet-furniture-of-cat-climbing-frame\/\" \/>\n<meta property=\"og:site_name\" content=\"Shandong Vest International Trade Co., Ltd.\" \/>\n<meta property=\"article:modified_time\" content=\"2025-08-04T07:50:47+00:00\" \/>\n<meta property=\"og:image\" content=\"https:\/\/vestpetproducts.com\/wp-content\/uploads\/2025\/07\/CTS-003-01.jpg\" \/>\n\t<meta property=\"og:image:width\" content=\"1000\" \/>\n\t<meta property=\"og:image:height\" content=\"1000\" \/>\n\t<meta property=\"og:image:type\" content=\"image\/jpeg\" \/>\n<meta name=\"twitter:card\" content=\"summary_large_image\" \/>\n<meta name=\"twitter:label1\" content=\"Tiempo de lectura\" \/>\n\t<meta name=\"twitter:data1\" content=\"2 minutos\" \/>\n<script type=\"application\/ld+json\" class=\"yoast-schema-graph\">{\"@context\":\"https:\/\/schema.org\",\"@graph\":[{\"@type\":\"WebPage\",\"@id\":\"https:\/\/vestpetproducts.com\/product\/factory-price-creative-design-cat-territory-durable-pet-furniture-of-cat-climbing-frame\/\",\"url\":\"https:\/\/vestpetproducts.com\/product\/factory-price-creative-design-cat-territory-durable-pet-furniture-of-cat-climbing-frame\/\",\"name\":\"Factory Price Creative Design Cat Territory Durable Pet Furniture of Cat Climbing Frame - Shandong Vest International Trade Co., Ltd.\",\"isPartOf\":{\"@id\":\"https:\/\/vestpetproducts.com\/#website\"},\"primaryImageOfPage\":{\"@id\":\"https:\/\/vestpetproducts.com\/product\/factory-price-creative-design-cat-territory-durable-pet-furniture-of-cat-climbing-frame\/#primaryimage\"},\"image\":{\"@id\":\"https:\/\/vestpetproducts.com\/product\/factory-price-creative-design-cat-territory-durable-pet-furniture-of-cat-climbing-frame\/#primaryimage\"},\"thumbnailUrl\":\"https:\/\/vestpetproducts.com\/wp-content\/uploads\/2025\/07\/CTS-003-01.jpg\",\"datePublished\":\"2025-07-23T02:04:38+00:00\",\"dateModified\":\"2025-08-04T07:50:47+00:00\",\"breadcrumb\":{\"@id\":\"https:\/\/vestpetproducts.com\/product\/factory-price-creative-design-cat-territory-durable-pet-furniture-of-cat-climbing-frame\/#breadcrumb\"},\"inLanguage\":\"es\",\"potentialAction\":[{\"@type\":\"ReadAction\",\"target\":[\"https:\/\/vestpetproducts.com\/product\/factory-price-creative-design-cat-territory-durable-pet-furniture-of-cat-climbing-frame\/\"]}]},{\"@type\":\"ImageObject\",\"inLanguage\":\"es\",\"@id\":\"https:\/\/vestpetproducts.com\/product\/factory-price-creative-design-cat-territory-durable-pet-furniture-of-cat-climbing-frame\/#primaryimage\",\"url\":\"https:\/\/vestpetproducts.com\/wp-content\/uploads\/2025\/07\/CTS-003-01.jpg\",\"contentUrl\":\"https:\/\/vestpetproducts.com\/wp-content\/uploads\/2025\/07\/CTS-003-01.jpg\",\"width\":1000,\"height\":1000},{\"@type\":\"BreadcrumbList\",\"@id\":\"https:\/\/vestpetproducts.com\/product\/factory-price-creative-design-cat-territory-durable-pet-furniture-of-cat-climbing-frame\/#breadcrumb\",\"itemListElement\":[{\"@type\":\"ListItem\",\"position\":1,\"name\":\"\u9996\u9875\",\"item\":\"https:\/\/vestpetproducts.com\/\"},{\"@type\":\"ListItem\",\"position\":2,\"name\":\"Product\",\"item\":\"https:\/\/vestpetproducts.com\/product\/\"},{\"@type\":\"ListItem\",\"position\":3,\"name\":\"Factory Price Creative Design Cat Territory Durable Pet Furniture of Cat Climbing Frame\"}]},{\"@type\":\"WebSite\",\"@id\":\"https:\/\/vestpetproducts.com\/#website\",\"url\":\"https:\/\/vestpetproducts.com\/\",\"name\":\"Shandong Vest International Trade Co., Ltd.\",\"description\":\"Shandong Vest International Trade Co., Ltd.\",\"potentialAction\":[{\"@type\":\"SearchAction\",\"target\":{\"@type\":\"EntryPoint\",\"urlTemplate\":\"https:\/\/vestpetproducts.com\/?s={search_term_string}\"},\"query-input\":{\"@type\":\"PropertyValueSpecification\",\"valueRequired\":true,\"valueName\":\"search_term_string\"}}],\"inLanguage\":\"es\"}]}<\/script>\n<!-- \/ Yoast SEO plugin. -->","yoast_head_json":{"title":"Factory Price Creative Design Cat Territory Durable Pet Furniture of Cat Climbing Frame - Shandong Vest International Trade Co., Ltd.","robots":{"index":"index","follow":"follow","max-snippet":"max-snippet:-1","max-image-preview":"max-image-preview:large","max-video-preview":"max-video-preview:-1"},"canonical":"https:\/\/vestpetproducts.com\/es\/producto\/factory-price-creative-design-cat-territory-durable-pet-furniture-of-cat-climbing-frame\/","og_locale":"es_ES","og_type":"article","og_title":"Factory Price Creative Design Cat Territory Durable Pet Furniture of Cat Climbing Frame - Shandong Vest International Trade Co., Ltd.","og_description":"Size\uff1a28.5*28.5*49.5cm\/11.22*11.22*19.48Inches  Premium Quality Materials - This product is made of 100% natural sisal hemp.The base and top is a weighted MDF covering the carpet.Nature High Quality Sisal Safe Plush Long Lasting Usage Stable basement, never tip over easily. Protect your furniture - Grab sticks and plush toys combine to attract cats to play and grab, natural sisal is suitable for cats to grab, effectively preventing cats from grabbing furniture Designed for indoor use - Neutral colors work well with existing decor in your home.ideal for any living room, bedroom, or home office","og_url":"https:\/\/vestpetproducts.com\/es\/producto\/factory-price-creative-design-cat-territory-durable-pet-furniture-of-cat-climbing-frame\/","og_site_name":"Shandong Vest International Trade Co., Ltd.","article_modified_time":"2025-08-04T07:50:47+00:00","og_image":[{"width":1000,"height":1000,"url":"https:\/\/vestpetproducts.com\/wp-content\/uploads\/2025\/07\/CTS-003-01.jpg","type":"image\/jpeg"}],"twitter_card":"summary_large_image","twitter_misc":{"Tiempo de lectura":"2 minutos"},"schema":{"@context":"https:\/\/schema.org","@graph":[{"@type":"WebPage","@id":"https:\/\/vestpetproducts.com\/product\/factory-price-creative-design-cat-territory-durable-pet-furniture-of-cat-climbing-frame\/","url":"https:\/\/vestpetproducts.com\/product\/factory-price-creative-design-cat-territory-durable-pet-furniture-of-cat-climbing-frame\/","name":"Factory Price Creative Design Cat Territory Durable Pet Furniture of Cat Climbing Frame - Shandong Vest International Trade Co., Ltd.","isPartOf":{"@id":"https:\/\/vestpetproducts.com\/#website"},"primaryImageOfPage":{"@id":"https:\/\/vestpetproducts.com\/product\/factory-price-creative-design-cat-territory-durable-pet-furniture-of-cat-climbing-frame\/#primaryimage"},"image":{"@id":"https:\/\/vestpetproducts.com\/product\/factory-price-creative-design-cat-territory-durable-pet-furniture-of-cat-climbing-frame\/#primaryimage"},"thumbnailUrl":"https:\/\/vestpetproducts.com\/wp-content\/uploads\/2025\/07\/CTS-003-01.jpg","datePublished":"2025-07-23T02:04:38+00:00","dateModified":"2025-08-04T07:50:47+00:00","breadcrumb":{"@id":"https:\/\/vestpetproducts.com\/product\/factory-price-creative-design-cat-territory-durable-pet-furniture-of-cat-climbing-frame\/#breadcrumb"},"inLanguage":"es","potentialAction":[{"@type":"ReadAction","target":["https:\/\/vestpetproducts.com\/product\/factory-price-creative-design-cat-territory-durable-pet-furniture-of-cat-climbing-frame\/"]}]},{"@type":"ImageObject","inLanguage":"es","@id":"https:\/\/vestpetproducts.com\/product\/factory-price-creative-design-cat-territory-durable-pet-furniture-of-cat-climbing-frame\/#primaryimage","url":"https:\/\/vestpetproducts.com\/wp-content\/uploads\/2025\/07\/CTS-003-01.jpg","contentUrl":"https:\/\/vestpetproducts.com\/wp-content\/uploads\/2025\/07\/CTS-003-01.jpg","width":1000,"height":1000},{"@type":"BreadcrumbList","@id":"https:\/\/vestpetproducts.com\/product\/factory-price-creative-design-cat-territory-durable-pet-furniture-of-cat-climbing-frame\/#breadcrumb","itemListElement":[{"@type":"ListItem","position":1,"name":"\u9996\u9875","item":"https:\/\/vestpetproducts.com\/"},{"@type":"ListItem","position":2,"name":"Product","item":"https:\/\/vestpetproducts.com\/product\/"},{"@type":"ListItem","position":3,"name":"Factory Price Creative Design Cat Territory Durable Pet Furniture of Cat Climbing Frame"}]},{"@type":"WebSite","@id":"https:\/\/vestpetproducts.com\/#website","url":"https:\/\/vestpetproducts.com\/","name":"Shandong Vest International Trade Co., Ltd.","description":"Shandong Vest International Trade Co., Ltd.","potentialAction":[{"@type":"SearchAction","target":{"@type":"EntryPoint","urlTemplate":"https:\/\/vestpetproducts.com\/?s={search_term_string}"},"query-input":{"@type":"PropertyValueSpecification","valueRequired":true,"valueName":"search_term_string"}}],"inLanguage":"es"}]}},"_links":{"self":[{"href":"https:\/\/vestpetproducts.com\/es\/wp-json\/wp\/v2\/product\/1196","targetHints":{"allow":["GET"]}}],"collection":[{"href":"https:\/\/vestpetproducts.com\/es\/wp-json\/wp\/v2\/product"}],"about":[{"href":"https:\/\/vestpetproducts.com\/es\/wp-json\/wp\/v2\/types\/product"}],"wp:featuredmedia":[{"embeddable":true,"href":"https:\/\/vestpetproducts.com\/es\/wp-json\/wp\/v2\/media\/1197"}],"wp:attachment":[{"href":"https:\/\/vestpetproducts.com\/es\/wp-json\/wp\/v2\/media?parent=1196"}],"wp:term":[{"taxonomy":"product_brand","embeddable":true,"href":"https:\/\/vestpetproducts.com\/es\/wp-json\/wp\/v2\/product_brand?post=1196"},{"taxonomy":"product_cat","embeddable":true,"href":"https:\/\/vestpetproducts.com\/es\/wp-json\/wp\/v2\/product_cat?post=1196"},{"taxonomy":"product_tag","embeddable":true,"href":"https:\/\/vestpetproducts.com\/es\/wp-json\/wp\/v2\/product_tag?post=1196"}],"curies":[{"name":"wp","href":"https:\/\/api.w.org\/{rel}","templated":true}]}}