{"id":1160,"date":"2025-07-23T01:36:33","date_gmt":"2025-07-23T01:36:33","guid":{"rendered":"https:\/\/vestpetproducts.com\/?post_type=product&#038;p=1160"},"modified":"2025-08-04T08:02:58","modified_gmt":"2025-08-04T08:02:58","slug":"trendy-and-creative-flower-cat-tree-with-removable-natural-hemp-rope-pet-toy-cat-tree-scratching-board","status":"publish","type":"product","link":"https:\/\/vestpetproducts.com\/es\/producto\/trendy-and-creative-flower-cat-tree-with-removable-natural-hemp-rope-pet-toy-cat-tree-scratching-board\/","title":{"rendered":"\u00c1rbol para gatos con flores moderno y creativo, con cuerda de c\u00e1\u00f1amo natural extra\u00edble, juguete para mascotas, \u00e1rbol para gatos, tablero rascador"},"content":{"rendered":"<p><img loading=\"lazy\" decoding=\"async\" class=\"aligncenter size-full wp-image-1170\" src=\"http:\/\/vestpetproducts.com\/wp-content\/uploads\/2025\/07\/CTF-006_01.jpg\" alt=\"\" width=\"1000\" height=\"1718\" srcset=\"https:\/\/vestpetproducts.com\/wp-content\/uploads\/2025\/07\/CTF-006_01.jpg 1000w, https:\/\/vestpetproducts.com\/wp-content\/uploads\/2025\/07\/CTF-006_01-291x500.jpg 291w, https:\/\/vestpetproducts.com\/wp-content\/uploads\/2025\/07\/CTF-006_01-698x1200.jpg 698w, https:\/\/vestpetproducts.com\/wp-content\/uploads\/2025\/07\/CTF-006_01-175x300.jpg 175w, https:\/\/vestpetproducts.com\/wp-content\/uploads\/2025\/07\/CTF-006_01-768x1319.jpg 768w, https:\/\/vestpetproducts.com\/wp-content\/uploads\/2025\/07\/CTF-006_01-894x1536.jpg 894w, https:\/\/vestpetproducts.com\/wp-content\/uploads\/2025\/07\/CTF-006_01-7x12.jpg 7w, https:\/\/vestpetproducts.com\/wp-content\/uploads\/2025\/07\/CTF-006_01-44x75.jpg 44w, https:\/\/vestpetproducts.com\/wp-content\/uploads\/2025\/07\/CTF-006_01-480x825.jpg 480w, https:\/\/vestpetproducts.com\/wp-content\/uploads\/2025\/07\/CTF-006_01-800x1374.jpg 800w\" sizes=\"auto, (max-width:767px) 480px, (max-width:1000px) 100vw, 1000px\" \/> <img loading=\"lazy\" decoding=\"async\" class=\"aligncenter size-full wp-image-1171\" src=\"http:\/\/vestpetproducts.com\/wp-content\/uploads\/2025\/07\/CTF-006_02.jpg\" alt=\"\" width=\"1000\" height=\"1984\" srcset=\"https:\/\/vestpetproducts.com\/wp-content\/uploads\/2025\/07\/CTF-006_02.jpg 1000w, https:\/\/vestpetproducts.com\/wp-content\/uploads\/2025\/07\/CTF-006_02-252x500.jpg 252w, https:\/\/vestpetproducts.com\/wp-content\/uploads\/2025\/07\/CTF-006_02-605x1200.jpg 605w, https:\/\/vestpetproducts.com\/wp-content\/uploads\/2025\/07\/CTF-006_02-151x300.jpg 151w, https:\/\/vestpetproducts.com\/wp-content\/uploads\/2025\/07\/CTF-006_02-768x1524.jpg 768w, https:\/\/vestpetproducts.com\/wp-content\/uploads\/2025\/07\/CTF-006_02-774x1536.jpg 774w, https:\/\/vestpetproducts.com\/wp-content\/uploads\/2025\/07\/CTF-006_02-6x12.jpg 6w, https:\/\/vestpetproducts.com\/wp-content\/uploads\/2025\/07\/CTF-006_02-38x75.jpg 38w, https:\/\/vestpetproducts.com\/wp-content\/uploads\/2025\/07\/CTF-006_02-480x952.jpg 480w, https:\/\/vestpetproducts.com\/wp-content\/uploads\/2025\/07\/CTF-006_02-800x1587.jpg 800w\" sizes=\"auto, (max-width:767px) 480px, (max-width:1000px) 100vw, 1000px\" \/> <img loading=\"lazy\" decoding=\"async\" class=\"aligncenter size-full wp-image-1172\" src=\"http:\/\/vestpetproducts.com\/wp-content\/uploads\/2025\/07\/CTF-006_03.jpg\" alt=\"\" width=\"1000\" height=\"1328\" srcset=\"https:\/\/vestpetproducts.com\/wp-content\/uploads\/2025\/07\/CTF-006_03.jpg 1000w, https:\/\/vestpetproducts.com\/wp-content\/uploads\/2025\/07\/CTF-006_03-377x500.jpg 377w, https:\/\/vestpetproducts.com\/wp-content\/uploads\/2025\/07\/CTF-006_03-904x1200.jpg 904w, https:\/\/vestpetproducts.com\/wp-content\/uploads\/2025\/07\/CTF-006_03-226x300.jpg 226w, https:\/\/vestpetproducts.com\/wp-content\/uploads\/2025\/07\/CTF-006_03-768x1020.jpg 768w, https:\/\/vestpetproducts.com\/wp-content\/uploads\/2025\/07\/CTF-006_03-9x12.jpg 9w, https:\/\/vestpetproducts.com\/wp-content\/uploads\/2025\/07\/CTF-006_03-56x75.jpg 56w, https:\/\/vestpetproducts.com\/wp-content\/uploads\/2025\/07\/CTF-006_03-480x637.jpg 480w, https:\/\/vestpetproducts.com\/wp-content\/uploads\/2025\/07\/CTF-006_03-800x1062.jpg 800w\" sizes=\"auto, (max-width:767px) 480px, (max-width:1000px) 100vw, 1000px\" \/> <img loading=\"lazy\" decoding=\"async\" class=\"aligncenter size-full wp-image-1173\" src=\"http:\/\/vestpetproducts.com\/wp-content\/uploads\/2025\/07\/CTF-006_05.jpg\" alt=\"\" width=\"1000\" height=\"1334\" srcset=\"https:\/\/vestpetproducts.com\/wp-content\/uploads\/2025\/07\/CTF-006_05.jpg 1000w, https:\/\/vestpetproducts.com\/wp-content\/uploads\/2025\/07\/CTF-006_05-375x500.jpg 375w, https:\/\/vestpetproducts.com\/wp-content\/uploads\/2025\/07\/CTF-006_05-900x1200.jpg 900w, https:\/\/vestpetproducts.com\/wp-content\/uploads\/2025\/07\/CTF-006_05-225x300.jpg 225w, https:\/\/vestpetproducts.com\/wp-content\/uploads\/2025\/07\/CTF-006_05-768x1025.jpg 768w, https:\/\/vestpetproducts.com\/wp-content\/uploads\/2025\/07\/CTF-006_05-9x12.jpg 9w, https:\/\/vestpetproducts.com\/wp-content\/uploads\/2025\/07\/CTF-006_05-56x75.jpg 56w, https:\/\/vestpetproducts.com\/wp-content\/uploads\/2025\/07\/CTF-006_05-480x640.jpg 480w, https:\/\/vestpetproducts.com\/wp-content\/uploads\/2025\/07\/CTF-006_05-800x1067.jpg 800w\" sizes=\"auto, (max-width:767px) 480px, (max-width:1000px) 100vw, 1000px\" \/> <img loading=\"lazy\" decoding=\"async\" class=\"aligncenter size-full wp-image-1174\" src=\"http:\/\/vestpetproducts.com\/wp-content\/uploads\/2025\/07\/CTF-006.jpg\" alt=\"\" width=\"1000\" height=\"1000\" srcset=\"https:\/\/vestpetproducts.com\/wp-content\/uploads\/2025\/07\/CTF-006.jpg 1000w, https:\/\/vestpetproducts.com\/wp-content\/uploads\/2025\/07\/CTF-006-500x500.jpg 500w, https:\/\/vestpetproducts.com\/wp-content\/uploads\/2025\/07\/CTF-006-300x300.jpg 300w, https:\/\/vestpetproducts.com\/wp-content\/uploads\/2025\/07\/CTF-006-768x768.jpg 768w, https:\/\/vestpetproducts.com\/wp-content\/uploads\/2025\/07\/CTF-006-12x12.jpg 12w, https:\/\/vestpetproducts.com\/wp-content\/uploads\/2025\/07\/CTF-006-150x150.jpg 150w, https:\/\/vestpetproducts.com\/wp-content\/uploads\/2025\/07\/CTF-006-75x75.jpg 75w, https:\/\/vestpetproducts.com\/wp-content\/uploads\/2025\/07\/CTF-006-480x480.jpg 480w, https:\/\/vestpetproducts.com\/wp-content\/uploads\/2025\/07\/CTF-006-800x800.jpg 800w\" sizes=\"auto, (max-width:767px) 480px, (max-width:1000px) 100vw, 1000px\" \/> <img loading=\"lazy\" decoding=\"async\" class=\"aligncenter size-full wp-image-1175\" src=\"http:\/\/vestpetproducts.com\/wp-content\/uploads\/2025\/07\/CTF-006_07.jpg\" alt=\"\" width=\"1000\" height=\"1500\" srcset=\"https:\/\/vestpetproducts.com\/wp-content\/uploads\/2025\/07\/CTF-006_07.jpg 1000w, https:\/\/vestpetproducts.com\/wp-content\/uploads\/2025\/07\/CTF-006_07-333x500.jpg 333w, https:\/\/vestpetproducts.com\/wp-content\/uploads\/2025\/07\/CTF-006_07-800x1200.jpg 800w, https:\/\/vestpetproducts.com\/wp-content\/uploads\/2025\/07\/CTF-006_07-200x300.jpg 200w, https:\/\/vestpetproducts.com\/wp-content\/uploads\/2025\/07\/CTF-006_07-768x1152.jpg 768w, https:\/\/vestpetproducts.com\/wp-content\/uploads\/2025\/07\/CTF-006_07-8x12.jpg 8w, https:\/\/vestpetproducts.com\/wp-content\/uploads\/2025\/07\/CTF-006_07-50x75.jpg 50w, https:\/\/vestpetproducts.com\/wp-content\/uploads\/2025\/07\/CTF-006_07-480x720.jpg 480w\" sizes=\"auto, (max-width:767px) 480px, (max-width:1000px) 100vw, 1000px\" \/> <img loading=\"lazy\" decoding=\"async\" class=\"aligncenter size-full wp-image-1176\" src=\"http:\/\/vestpetproducts.com\/wp-content\/uploads\/2025\/07\/CTF-006_08.jpg\" alt=\"\" width=\"1000\" height=\"1361\" srcset=\"https:\/\/vestpetproducts.com\/wp-content\/uploads\/2025\/07\/CTF-006_08.jpg 1000w, https:\/\/vestpetproducts.com\/wp-content\/uploads\/2025\/07\/CTF-006_08-367x500.jpg 367w, https:\/\/vestpetproducts.com\/wp-content\/uploads\/2025\/07\/CTF-006_08-882x1200.jpg 882w, https:\/\/vestpetproducts.com\/wp-content\/uploads\/2025\/07\/CTF-006_08-220x300.jpg 220w, https:\/\/vestpetproducts.com\/wp-content\/uploads\/2025\/07\/CTF-006_08-768x1045.jpg 768w, https:\/\/vestpetproducts.com\/wp-content\/uploads\/2025\/07\/CTF-006_08-9x12.jpg 9w, https:\/\/vestpetproducts.com\/wp-content\/uploads\/2025\/07\/CTF-006_08-55x75.jpg 55w, https:\/\/vestpetproducts.com\/wp-content\/uploads\/2025\/07\/CTF-006_08-480x653.jpg 480w, https:\/\/vestpetproducts.com\/wp-content\/uploads\/2025\/07\/CTF-006_08-800x1089.jpg 800w\" sizes=\"auto, (max-width:767px) 480px, (max-width:1000px) 100vw, 1000px\" \/> <img loading=\"lazy\" decoding=\"async\" class=\"aligncenter size-full wp-image-1177\" src=\"http:\/\/vestpetproducts.com\/wp-content\/uploads\/2025\/07\/CTF-006_09.jpg\" alt=\"\" width=\"1000\" height=\"2058\" srcset=\"https:\/\/vestpetproducts.com\/wp-content\/uploads\/2025\/07\/CTF-006_09.jpg 1000w, https:\/\/vestpetproducts.com\/wp-content\/uploads\/2025\/07\/CTF-006_09-243x500.jpg 243w, https:\/\/vestpetproducts.com\/wp-content\/uploads\/2025\/07\/CTF-006_09-583x1200.jpg 583w, https:\/\/vestpetproducts.com\/wp-content\/uploads\/2025\/07\/CTF-006_09-146x300.jpg 146w, https:\/\/vestpetproducts.com\/wp-content\/uploads\/2025\/07\/CTF-006_09-768x1581.jpg 768w, https:\/\/vestpetproducts.com\/wp-content\/uploads\/2025\/07\/CTF-006_09-746x1536.jpg 746w, https:\/\/vestpetproducts.com\/wp-content\/uploads\/2025\/07\/CTF-006_09-995x2048.jpg 995w, https:\/\/vestpetproducts.com\/wp-content\/uploads\/2025\/07\/CTF-006_09-6x12.jpg 6w, https:\/\/vestpetproducts.com\/wp-content\/uploads\/2025\/07\/CTF-006_09-36x75.jpg 36w, https:\/\/vestpetproducts.com\/wp-content\/uploads\/2025\/07\/CTF-006_09-466x960.jpg 466w, https:\/\/vestpetproducts.com\/wp-content\/uploads\/2025\/07\/CTF-006_09-800x1646.jpg 800w\" sizes=\"auto, (max-width:767px) 480px, (max-width:1000px) 100vw, 1000px\" \/><\/p>","protected":false},"excerpt":{"rendered":"<p>Tama\u00f1o: 55 x 36 x 89 cm\/21,65 x 14,17 x 35,04 pulgadas<\/p>\n<p>\u3010\u00danico y pr\u00e1ctico\u3011Esta flor de \u00e1rbol para gatos cuenta con dos camas para gatos de flores de tama\u00f1o mediano. La linda torre para gatos proporciona un espacio ideal para que su gato juegue, ara\u00f1e y descanse, al mismo tiempo que agrega una hermosa obra de arte a su hogar.<br \/>\nCentro de actividades vers\u00e1til: Este peque\u00f1o \u00e1rbol para gatos cuenta con un acogedor espacio habitable, dos postes rascadores envueltos completamente en cuerda de sisal natural y dos adorables juguetes esponjosos colgantes. Este peque\u00f1o \u00e1rbol para gatos de interior te ofrece tranquilidad al evitar que se da\u00f1en los muebles cuando no est\u00e1s.<\/p>\n<p>&nbsp;<\/p>","protected":false},"featured_media":1161,"template":"","meta":{"content-type":""},"product_brand":[],"product_cat":[120],"product_tag":[],"class_list":{"0":"post-1160","1":"product","2":"type-product","3":"status-publish","4":"has-post-thumbnail","6":"product_cat-pet-cat-trees","8":"first","9":"instock","10":"shipping-taxable","11":"product-type-simple"},"yoast_head":"<!-- This site is optimized with the Yoast SEO plugin v24.9 - https:\/\/yoast.com\/wordpress\/plugins\/seo\/ -->\n<title>Trendy and creative flower cat tree with removable natural hemp rope pet toy cat tree scratching board - Shandong Vest International Trade Co., Ltd.<\/title>\n<meta name=\"robots\" content=\"index, follow, max-snippet:-1, max-image-preview:large, max-video-preview:-1\" \/>\n<link rel=\"canonical\" href=\"https:\/\/vestpetproducts.com\/es\/producto\/trendy-and-creative-flower-cat-tree-with-removable-natural-hemp-rope-pet-toy-cat-tree-scratching-board\/\" \/>\n<meta property=\"og:locale\" content=\"es_ES\" \/>\n<meta property=\"og:type\" content=\"article\" \/>\n<meta property=\"og:title\" content=\"Trendy and creative flower cat tree with removable natural hemp rope pet toy cat tree scratching board - Shandong Vest International Trade Co., Ltd.\" \/>\n<meta property=\"og:description\" content=\"Size\uff1a55*36*89cm\/21.65*14.17*35.04Inches  \u3010Unique &amp; Practical\u3011This cat tree flower features two medium-sized flower cat beds.The cute cat tower provides an ideal space for your cat to play, scratch, and rest, while also adding a beautiful piece of art to your home \u3010Versatile Activity Center\u3011This small cat tree has a cozy cat condo, two scratch posts wrapped entirely in natural sisal rope, and two adorable fluffy cat toys hanging from it. The small cat trees for indoor cats offers you peace of mind by preventing furniture damage when you&#039;re away  &nbsp;\" \/>\n<meta property=\"og:url\" content=\"https:\/\/vestpetproducts.com\/es\/producto\/trendy-and-creative-flower-cat-tree-with-removable-natural-hemp-rope-pet-toy-cat-tree-scratching-board\/\" \/>\n<meta property=\"og:site_name\" content=\"Shandong Vest International Trade Co., Ltd.\" \/>\n<meta property=\"article:modified_time\" content=\"2025-08-04T08:02:58+00:00\" \/>\n<meta property=\"og:image\" content=\"https:\/\/vestpetproducts.com\/wp-content\/uploads\/2025\/07\/CTF-006-01.jpg\" \/>\n\t<meta property=\"og:image:width\" content=\"1000\" \/>\n\t<meta property=\"og:image:height\" content=\"1000\" \/>\n\t<meta property=\"og:image:type\" content=\"image\/jpeg\" \/>\n<meta name=\"twitter:card\" content=\"summary_large_image\" \/>\n<meta name=\"twitter:label1\" content=\"Tiempo de lectura\" \/>\n\t<meta name=\"twitter:data1\" content=\"2 minutos\" \/>\n<script type=\"application\/ld+json\" class=\"yoast-schema-graph\">{\"@context\":\"https:\/\/schema.org\",\"@graph\":[{\"@type\":\"WebPage\",\"@id\":\"https:\/\/vestpetproducts.com\/product\/trendy-and-creative-flower-cat-tree-with-removable-natural-hemp-rope-pet-toy-cat-tree-scratching-board\/\",\"url\":\"https:\/\/vestpetproducts.com\/product\/trendy-and-creative-flower-cat-tree-with-removable-natural-hemp-rope-pet-toy-cat-tree-scratching-board\/\",\"name\":\"Trendy and creative flower cat tree with removable natural hemp rope pet toy cat tree scratching board - Shandong Vest International Trade Co., Ltd.\",\"isPartOf\":{\"@id\":\"https:\/\/vestpetproducts.com\/#website\"},\"primaryImageOfPage\":{\"@id\":\"https:\/\/vestpetproducts.com\/product\/trendy-and-creative-flower-cat-tree-with-removable-natural-hemp-rope-pet-toy-cat-tree-scratching-board\/#primaryimage\"},\"image\":{\"@id\":\"https:\/\/vestpetproducts.com\/product\/trendy-and-creative-flower-cat-tree-with-removable-natural-hemp-rope-pet-toy-cat-tree-scratching-board\/#primaryimage\"},\"thumbnailUrl\":\"https:\/\/vestpetproducts.com\/wp-content\/uploads\/2025\/07\/CTF-006-01.jpg\",\"datePublished\":\"2025-07-23T01:36:33+00:00\",\"dateModified\":\"2025-08-04T08:02:58+00:00\",\"breadcrumb\":{\"@id\":\"https:\/\/vestpetproducts.com\/product\/trendy-and-creative-flower-cat-tree-with-removable-natural-hemp-rope-pet-toy-cat-tree-scratching-board\/#breadcrumb\"},\"inLanguage\":\"es\",\"potentialAction\":[{\"@type\":\"ReadAction\",\"target\":[\"https:\/\/vestpetproducts.com\/product\/trendy-and-creative-flower-cat-tree-with-removable-natural-hemp-rope-pet-toy-cat-tree-scratching-board\/\"]}]},{\"@type\":\"ImageObject\",\"inLanguage\":\"es\",\"@id\":\"https:\/\/vestpetproducts.com\/product\/trendy-and-creative-flower-cat-tree-with-removable-natural-hemp-rope-pet-toy-cat-tree-scratching-board\/#primaryimage\",\"url\":\"https:\/\/vestpetproducts.com\/wp-content\/uploads\/2025\/07\/CTF-006-01.jpg\",\"contentUrl\":\"https:\/\/vestpetproducts.com\/wp-content\/uploads\/2025\/07\/CTF-006-01.jpg\",\"width\":1000,\"height\":1000},{\"@type\":\"BreadcrumbList\",\"@id\":\"https:\/\/vestpetproducts.com\/product\/trendy-and-creative-flower-cat-tree-with-removable-natural-hemp-rope-pet-toy-cat-tree-scratching-board\/#breadcrumb\",\"itemListElement\":[{\"@type\":\"ListItem\",\"position\":1,\"name\":\"\u9996\u9875\",\"item\":\"https:\/\/vestpetproducts.com\/\"},{\"@type\":\"ListItem\",\"position\":2,\"name\":\"Product\",\"item\":\"https:\/\/vestpetproducts.com\/product\/\"},{\"@type\":\"ListItem\",\"position\":3,\"name\":\"Trendy and creative flower cat tree with removable natural hemp rope pet toy cat tree scratching board\"}]},{\"@type\":\"WebSite\",\"@id\":\"https:\/\/vestpetproducts.com\/#website\",\"url\":\"https:\/\/vestpetproducts.com\/\",\"name\":\"Shandong Vest International Trade Co., Ltd.\",\"description\":\"Shandong Vest International Trade Co., Ltd.\",\"potentialAction\":[{\"@type\":\"SearchAction\",\"target\":{\"@type\":\"EntryPoint\",\"urlTemplate\":\"https:\/\/vestpetproducts.com\/?s={search_term_string}\"},\"query-input\":{\"@type\":\"PropertyValueSpecification\",\"valueRequired\":true,\"valueName\":\"search_term_string\"}}],\"inLanguage\":\"es\"}]}<\/script>\n<!-- \/ Yoast SEO plugin. -->","yoast_head_json":{"title":"Trendy and creative flower cat tree with removable natural hemp rope pet toy cat tree scratching board - Shandong Vest International Trade Co., Ltd.","robots":{"index":"index","follow":"follow","max-snippet":"max-snippet:-1","max-image-preview":"max-image-preview:large","max-video-preview":"max-video-preview:-1"},"canonical":"https:\/\/vestpetproducts.com\/es\/producto\/trendy-and-creative-flower-cat-tree-with-removable-natural-hemp-rope-pet-toy-cat-tree-scratching-board\/","og_locale":"es_ES","og_type":"article","og_title":"Trendy and creative flower cat tree with removable natural hemp rope pet toy cat tree scratching board - Shandong Vest International Trade Co., Ltd.","og_description":"Size\uff1a55*36*89cm\/21.65*14.17*35.04Inches  \u3010Unique &amp; Practical\u3011This cat tree flower features two medium-sized flower cat beds.The cute cat tower provides an ideal space for your cat to play, scratch, and rest, while also adding a beautiful piece of art to your home \u3010Versatile Activity Center\u3011This small cat tree has a cozy cat condo, two scratch posts wrapped entirely in natural sisal rope, and two adorable fluffy cat toys hanging from it. The small cat trees for indoor cats offers you peace of mind by preventing furniture damage when you're away  &nbsp;","og_url":"https:\/\/vestpetproducts.com\/es\/producto\/trendy-and-creative-flower-cat-tree-with-removable-natural-hemp-rope-pet-toy-cat-tree-scratching-board\/","og_site_name":"Shandong Vest International Trade Co., Ltd.","article_modified_time":"2025-08-04T08:02:58+00:00","og_image":[{"width":1000,"height":1000,"url":"https:\/\/vestpetproducts.com\/wp-content\/uploads\/2025\/07\/CTF-006-01.jpg","type":"image\/jpeg"}],"twitter_card":"summary_large_image","twitter_misc":{"Tiempo de lectura":"2 minutos"},"schema":{"@context":"https:\/\/schema.org","@graph":[{"@type":"WebPage","@id":"https:\/\/vestpetproducts.com\/product\/trendy-and-creative-flower-cat-tree-with-removable-natural-hemp-rope-pet-toy-cat-tree-scratching-board\/","url":"https:\/\/vestpetproducts.com\/product\/trendy-and-creative-flower-cat-tree-with-removable-natural-hemp-rope-pet-toy-cat-tree-scratching-board\/","name":"Trendy and creative flower cat tree with removable natural hemp rope pet toy cat tree scratching board - Shandong Vest International Trade Co., Ltd.","isPartOf":{"@id":"https:\/\/vestpetproducts.com\/#website"},"primaryImageOfPage":{"@id":"https:\/\/vestpetproducts.com\/product\/trendy-and-creative-flower-cat-tree-with-removable-natural-hemp-rope-pet-toy-cat-tree-scratching-board\/#primaryimage"},"image":{"@id":"https:\/\/vestpetproducts.com\/product\/trendy-and-creative-flower-cat-tree-with-removable-natural-hemp-rope-pet-toy-cat-tree-scratching-board\/#primaryimage"},"thumbnailUrl":"https:\/\/vestpetproducts.com\/wp-content\/uploads\/2025\/07\/CTF-006-01.jpg","datePublished":"2025-07-23T01:36:33+00:00","dateModified":"2025-08-04T08:02:58+00:00","breadcrumb":{"@id":"https:\/\/vestpetproducts.com\/product\/trendy-and-creative-flower-cat-tree-with-removable-natural-hemp-rope-pet-toy-cat-tree-scratching-board\/#breadcrumb"},"inLanguage":"es","potentialAction":[{"@type":"ReadAction","target":["https:\/\/vestpetproducts.com\/product\/trendy-and-creative-flower-cat-tree-with-removable-natural-hemp-rope-pet-toy-cat-tree-scratching-board\/"]}]},{"@type":"ImageObject","inLanguage":"es","@id":"https:\/\/vestpetproducts.com\/product\/trendy-and-creative-flower-cat-tree-with-removable-natural-hemp-rope-pet-toy-cat-tree-scratching-board\/#primaryimage","url":"https:\/\/vestpetproducts.com\/wp-content\/uploads\/2025\/07\/CTF-006-01.jpg","contentUrl":"https:\/\/vestpetproducts.com\/wp-content\/uploads\/2025\/07\/CTF-006-01.jpg","width":1000,"height":1000},{"@type":"BreadcrumbList","@id":"https:\/\/vestpetproducts.com\/product\/trendy-and-creative-flower-cat-tree-with-removable-natural-hemp-rope-pet-toy-cat-tree-scratching-board\/#breadcrumb","itemListElement":[{"@type":"ListItem","position":1,"name":"\u9996\u9875","item":"https:\/\/vestpetproducts.com\/"},{"@type":"ListItem","position":2,"name":"Product","item":"https:\/\/vestpetproducts.com\/product\/"},{"@type":"ListItem","position":3,"name":"Trendy and creative flower cat tree with removable natural hemp rope pet toy cat tree scratching board"}]},{"@type":"WebSite","@id":"https:\/\/vestpetproducts.com\/#website","url":"https:\/\/vestpetproducts.com\/","name":"Shandong Vest International Trade Co., Ltd.","description":"Shandong Vest International Trade Co., Ltd.","potentialAction":[{"@type":"SearchAction","target":{"@type":"EntryPoint","urlTemplate":"https:\/\/vestpetproducts.com\/?s={search_term_string}"},"query-input":{"@type":"PropertyValueSpecification","valueRequired":true,"valueName":"search_term_string"}}],"inLanguage":"es"}]}},"_links":{"self":[{"href":"https:\/\/vestpetproducts.com\/es\/wp-json\/wp\/v2\/product\/1160","targetHints":{"allow":["GET"]}}],"collection":[{"href":"https:\/\/vestpetproducts.com\/es\/wp-json\/wp\/v2\/product"}],"about":[{"href":"https:\/\/vestpetproducts.com\/es\/wp-json\/wp\/v2\/types\/product"}],"wp:featuredmedia":[{"embeddable":true,"href":"https:\/\/vestpetproducts.com\/es\/wp-json\/wp\/v2\/media\/1161"}],"wp:attachment":[{"href":"https:\/\/vestpetproducts.com\/es\/wp-json\/wp\/v2\/media?parent=1160"}],"wp:term":[{"taxonomy":"product_brand","embeddable":true,"href":"https:\/\/vestpetproducts.com\/es\/wp-json\/wp\/v2\/product_brand?post=1160"},{"taxonomy":"product_cat","embeddable":true,"href":"https:\/\/vestpetproducts.com\/es\/wp-json\/wp\/v2\/product_cat?post=1160"},{"taxonomy":"product_tag","embeddable":true,"href":"https:\/\/vestpetproducts.com\/es\/wp-json\/wp\/v2\/product_tag?post=1160"}],"curies":[{"name":"wp","href":"https:\/\/api.w.org\/{rel}","templated":true}]}}