{"id":1143,"date":"2025-07-23T01:24:24","date_gmt":"2025-07-23T01:24:24","guid":{"rendered":"https:\/\/vestpetproducts.com\/?post_type=product&#038;p=1143"},"modified":"2025-08-04T08:05:48","modified_gmt":"2025-08-04T08:05:48","slug":"luxury-large-cat-tree-house-cat-scratching-post-wooden-pet-interactive-and-exercise-toy","status":"publish","type":"product","link":"https:\/\/vestpetproducts.com\/es\/producto\/luxury-large-cat-tree-house-cat-scratching-post-wooden-pet-interactive-and-exercise-toy\/","title":{"rendered":"Casa de \u00e1rbol grande de lujo para gatos, poste rascador de madera para gatos, juguete interactivo y de ejercicio para mascotas"},"content":{"rendered":"<p><img loading=\"lazy\" decoding=\"async\" class=\"aligncenter size-full wp-image-1154\" src=\"http:\/\/vestpetproducts.com\/wp-content\/uploads\/2025\/07\/CT-2300\u82f1_01.jpg\" alt=\"\" width=\"1000\" height=\"1420\" srcset=\"https:\/\/vestpetproducts.com\/wp-content\/uploads\/2025\/07\/CT-2300\u82f1_01.jpg 1000w, https:\/\/vestpetproducts.com\/wp-content\/uploads\/2025\/07\/CT-2300\u82f1_01-352x500.jpg 352w, https:\/\/vestpetproducts.com\/wp-content\/uploads\/2025\/07\/CT-2300\u82f1_01-845x1200.jpg 845w, https:\/\/vestpetproducts.com\/wp-content\/uploads\/2025\/07\/CT-2300\u82f1_01-211x300.jpg 211w, https:\/\/vestpetproducts.com\/wp-content\/uploads\/2025\/07\/CT-2300\u82f1_01-768x1091.jpg 768w, https:\/\/vestpetproducts.com\/wp-content\/uploads\/2025\/07\/CT-2300\u82f1_01-8x12.jpg 8w, https:\/\/vestpetproducts.com\/wp-content\/uploads\/2025\/07\/CT-2300\u82f1_01-53x75.jpg 53w, https:\/\/vestpetproducts.com\/wp-content\/uploads\/2025\/07\/CT-2300\u82f1_01-480x682.jpg 480w, https:\/\/vestpetproducts.com\/wp-content\/uploads\/2025\/07\/CT-2300\u82f1_01-800x1136.jpg 800w\" sizes=\"auto, (max-width:767px) 480px, (max-width:1000px) 100vw, 1000px\" \/> <img loading=\"lazy\" decoding=\"async\" class=\"aligncenter size-full wp-image-1155\" src=\"http:\/\/vestpetproducts.com\/wp-content\/uploads\/2025\/07\/CT-2300\u82f1_02.jpg\" alt=\"\" width=\"1000\" height=\"1375\" srcset=\"https:\/\/vestpetproducts.com\/wp-content\/uploads\/2025\/07\/CT-2300\u82f1_02.jpg 1000w, https:\/\/vestpetproducts.com\/wp-content\/uploads\/2025\/07\/CT-2300\u82f1_02-364x500.jpg 364w, https:\/\/vestpetproducts.com\/wp-content\/uploads\/2025\/07\/CT-2300\u82f1_02-873x1200.jpg 873w, https:\/\/vestpetproducts.com\/wp-content\/uploads\/2025\/07\/CT-2300\u82f1_02-218x300.jpg 218w, https:\/\/vestpetproducts.com\/wp-content\/uploads\/2025\/07\/CT-2300\u82f1_02-768x1056.jpg 768w, https:\/\/vestpetproducts.com\/wp-content\/uploads\/2025\/07\/CT-2300\u82f1_02-9x12.jpg 9w, https:\/\/vestpetproducts.com\/wp-content\/uploads\/2025\/07\/CT-2300\u82f1_02-55x75.jpg 55w, https:\/\/vestpetproducts.com\/wp-content\/uploads\/2025\/07\/CT-2300\u82f1_02-480x660.jpg 480w, https:\/\/vestpetproducts.com\/wp-content\/uploads\/2025\/07\/CT-2300\u82f1_02-800x1100.jpg 800w\" sizes=\"auto, (max-width:767px) 480px, (max-width:1000px) 100vw, 1000px\" \/> <img loading=\"lazy\" decoding=\"async\" class=\"aligncenter size-full wp-image-1156\" src=\"http:\/\/vestpetproducts.com\/wp-content\/uploads\/2025\/07\/CT-2300\u82f1_03.jpg\" alt=\"\" width=\"1000\" height=\"1416\" srcset=\"https:\/\/vestpetproducts.com\/wp-content\/uploads\/2025\/07\/CT-2300\u82f1_03.jpg 1000w, https:\/\/vestpetproducts.com\/wp-content\/uploads\/2025\/07\/CT-2300\u82f1_03-353x500.jpg 353w, https:\/\/vestpetproducts.com\/wp-content\/uploads\/2025\/07\/CT-2300\u82f1_03-847x1200.jpg 847w, https:\/\/vestpetproducts.com\/wp-content\/uploads\/2025\/07\/CT-2300\u82f1_03-212x300.jpg 212w, https:\/\/vestpetproducts.com\/wp-content\/uploads\/2025\/07\/CT-2300\u82f1_03-768x1087.jpg 768w, https:\/\/vestpetproducts.com\/wp-content\/uploads\/2025\/07\/CT-2300\u82f1_03-8x12.jpg 8w, https:\/\/vestpetproducts.com\/wp-content\/uploads\/2025\/07\/CT-2300\u82f1_03-53x75.jpg 53w, https:\/\/vestpetproducts.com\/wp-content\/uploads\/2025\/07\/CT-2300\u82f1_03-480x680.jpg 480w, https:\/\/vestpetproducts.com\/wp-content\/uploads\/2025\/07\/CT-2300\u82f1_03-800x1133.jpg 800w\" sizes=\"auto, (max-width:767px) 480px, (max-width:1000px) 100vw, 1000px\" \/> <img loading=\"lazy\" decoding=\"async\" class=\"aligncenter size-full wp-image-1157\" src=\"http:\/\/vestpetproducts.com\/wp-content\/uploads\/2025\/07\/CT-2300\u82f1_04.jpg\" alt=\"\" width=\"1000\" height=\"1497\" srcset=\"https:\/\/vestpetproducts.com\/wp-content\/uploads\/2025\/07\/CT-2300\u82f1_04.jpg 1000w, https:\/\/vestpetproducts.com\/wp-content\/uploads\/2025\/07\/CT-2300\u82f1_04-334x500.jpg 334w, https:\/\/vestpetproducts.com\/wp-content\/uploads\/2025\/07\/CT-2300\u82f1_04-802x1200.jpg 802w, https:\/\/vestpetproducts.com\/wp-content\/uploads\/2025\/07\/CT-2300\u82f1_04-200x300.jpg 200w, https:\/\/vestpetproducts.com\/wp-content\/uploads\/2025\/07\/CT-2300\u82f1_04-768x1150.jpg 768w, https:\/\/vestpetproducts.com\/wp-content\/uploads\/2025\/07\/CT-2300\u82f1_04-8x12.jpg 8w, https:\/\/vestpetproducts.com\/wp-content\/uploads\/2025\/07\/CT-2300\u82f1_04-50x75.jpg 50w, https:\/\/vestpetproducts.com\/wp-content\/uploads\/2025\/07\/CT-2300\u82f1_04-480x719.jpg 480w, https:\/\/vestpetproducts.com\/wp-content\/uploads\/2025\/07\/CT-2300\u82f1_04-800x1198.jpg 800w\" sizes=\"auto, (max-width:767px) 480px, (max-width:1000px) 100vw, 1000px\" \/> <img loading=\"lazy\" decoding=\"async\" class=\"aligncenter size-full wp-image-1158\" src=\"http:\/\/vestpetproducts.com\/wp-content\/uploads\/2025\/07\/CT-2300\u82f1_05.jpg\" alt=\"\" width=\"1000\" height=\"1146\" srcset=\"https:\/\/vestpetproducts.com\/wp-content\/uploads\/2025\/07\/CT-2300\u82f1_05.jpg 1000w, https:\/\/vestpetproducts.com\/wp-content\/uploads\/2025\/07\/CT-2300\u82f1_05-436x500.jpg 436w, https:\/\/vestpetproducts.com\/wp-content\/uploads\/2025\/07\/CT-2300\u82f1_05-262x300.jpg 262w, https:\/\/vestpetproducts.com\/wp-content\/uploads\/2025\/07\/CT-2300\u82f1_05-768x880.jpg 768w, https:\/\/vestpetproducts.com\/wp-content\/uploads\/2025\/07\/CT-2300\u82f1_05-10x12.jpg 10w, https:\/\/vestpetproducts.com\/wp-content\/uploads\/2025\/07\/CT-2300\u82f1_05-65x75.jpg 65w, https:\/\/vestpetproducts.com\/wp-content\/uploads\/2025\/07\/CT-2300\u82f1_05-480x550.jpg 480w, https:\/\/vestpetproducts.com\/wp-content\/uploads\/2025\/07\/CT-2300\u82f1_05-800x917.jpg 800w\" sizes=\"auto, (max-width:767px) 480px, (max-width:1000px) 100vw, 1000px\" \/> <img loading=\"lazy\" decoding=\"async\" class=\"aligncenter size-full wp-image-1159\" src=\"http:\/\/vestpetproducts.com\/wp-content\/uploads\/2025\/07\/CT-2300\u82f1_06.jpg\" alt=\"\" width=\"1000\" height=\"1785\" srcset=\"https:\/\/vestpetproducts.com\/wp-content\/uploads\/2025\/07\/CT-2300\u82f1_06.jpg 1000w, https:\/\/vestpetproducts.com\/wp-content\/uploads\/2025\/07\/CT-2300\u82f1_06-280x500.jpg 280w, https:\/\/vestpetproducts.com\/wp-content\/uploads\/2025\/07\/CT-2300\u82f1_06-672x1200.jpg 672w, https:\/\/vestpetproducts.com\/wp-content\/uploads\/2025\/07\/CT-2300\u82f1_06-168x300.jpg 168w, https:\/\/vestpetproducts.com\/wp-content\/uploads\/2025\/07\/CT-2300\u82f1_06-768x1371.jpg 768w, https:\/\/vestpetproducts.com\/wp-content\/uploads\/2025\/07\/CT-2300\u82f1_06-861x1536.jpg 861w, https:\/\/vestpetproducts.com\/wp-content\/uploads\/2025\/07\/CT-2300\u82f1_06-7x12.jpg 7w, https:\/\/vestpetproducts.com\/wp-content\/uploads\/2025\/07\/CT-2300\u82f1_06-42x75.jpg 42w, https:\/\/vestpetproducts.com\/wp-content\/uploads\/2025\/07\/CT-2300\u82f1_06-480x857.jpg 480w, https:\/\/vestpetproducts.com\/wp-content\/uploads\/2025\/07\/CT-2300\u82f1_06-800x1428.jpg 800w\" sizes=\"auto, (max-width:767px) 480px, (max-width:1000px) 100vw, 1000px\" \/><\/p>","protected":false},"excerpt":{"rendered":"<p>Tama\u00f1o: 45,5 x 45,5 x 110 cm\/17,9 x 17,9 x 43,3 cm<\/p>\n<p>Dise\u00f1o de varios niveles: este \u00e1rbol para gatos cuenta con m\u00faltiples plataformas y perchas a diferentes alturas, lo que proporciona un amplio espacio para que varios gatos trepen, ara\u00f1en y descansen.<br \/>\nConstrucci\u00f3n duradera: fabricado con postes resistentes envueltos en sisal y camas acolchadas y lujosas, este \u00e1rbol ofrece un entorno seguro y c\u00f3modo para la diversi\u00f3n y la relajaci\u00f3n felina.<br \/>\nAcogedor escondite: un espacioso condominio cerrado ofrece un refugio privado para tomar una siesta o simplemente alejarse de todo.<br \/>\nPostes rascadores: varios postes envueltos en sisal satisfacen los instintos naturales de rascado de su gato, ayudando a proteger sus muebles de los ara\u00f1azos.<\/p>","protected":false},"featured_media":1144,"template":"","meta":{"content-type":""},"product_brand":[],"product_cat":[120],"product_tag":[],"class_list":{"0":"post-1143","1":"product","2":"type-product","3":"status-publish","4":"has-post-thumbnail","6":"product_cat-pet-cat-trees","8":"first","9":"instock","10":"shipping-taxable","11":"product-type-simple"},"yoast_head":"<!-- This site is optimized with the Yoast SEO plugin v24.9 - https:\/\/yoast.com\/wordpress\/plugins\/seo\/ -->\n<title>Luxury Large Cat Tree House Cat Scratching Post Wooden Pet Interactive and Exercise Toy - Shandong Vest International Trade Co., Ltd.<\/title>\n<meta name=\"robots\" content=\"index, follow, max-snippet:-1, max-image-preview:large, max-video-preview:-1\" \/>\n<link rel=\"canonical\" href=\"https:\/\/vestpetproducts.com\/es\/producto\/luxury-large-cat-tree-house-cat-scratching-post-wooden-pet-interactive-and-exercise-toy\/\" \/>\n<meta property=\"og:locale\" content=\"es_ES\" \/>\n<meta property=\"og:type\" content=\"article\" \/>\n<meta property=\"og:title\" content=\"Luxury Large Cat Tree House Cat Scratching Post Wooden Pet Interactive and Exercise Toy - Shandong Vest International Trade Co., Ltd.\" \/>\n<meta property=\"og:description\" content=\"Size: 45.5*45.5*110cm\/17.9*17.9*43.3  Multi-Level Design: This cat tree features multiple platforms and perches at varying heights, providing ample space for multiple cats to climb, scratch, and lounge. Durable Construction: Crafted with sturdy sisal-wrapped posts and plush, cushioned beds, this tree offers a safe and comfortable environment for feline fun and relaxation. Cozy Hideaway: A spacious, enclosed condo provides a private retreat for napping or simply getting away from it all. Scratching Posts: Multiple sisal-wrapped posts cater to your cat&#039;s natural scratching instincts, helping protect your furniture from scratches.\" \/>\n<meta property=\"og:url\" content=\"https:\/\/vestpetproducts.com\/es\/producto\/luxury-large-cat-tree-house-cat-scratching-post-wooden-pet-interactive-and-exercise-toy\/\" \/>\n<meta property=\"og:site_name\" content=\"Shandong Vest International Trade Co., Ltd.\" \/>\n<meta property=\"article:modified_time\" content=\"2025-08-04T08:05:48+00:00\" \/>\n<meta property=\"og:image\" content=\"https:\/\/vestpetproducts.com\/wp-content\/uploads\/2025\/07\/CT-2300-01.jpg\" \/>\n\t<meta property=\"og:image:width\" content=\"1000\" \/>\n\t<meta property=\"og:image:height\" content=\"1000\" \/>\n\t<meta property=\"og:image:type\" content=\"image\/jpeg\" \/>\n<meta name=\"twitter:card\" content=\"summary_large_image\" \/>\n<meta name=\"twitter:label1\" content=\"Tiempo de lectura\" \/>\n\t<meta name=\"twitter:data1\" content=\"2 minutos\" \/>\n<script type=\"application\/ld+json\" class=\"yoast-schema-graph\">{\"@context\":\"https:\/\/schema.org\",\"@graph\":[{\"@type\":\"WebPage\",\"@id\":\"https:\/\/vestpetproducts.com\/product\/luxury-large-cat-tree-house-cat-scratching-post-wooden-pet-interactive-and-exercise-toy\/\",\"url\":\"https:\/\/vestpetproducts.com\/product\/luxury-large-cat-tree-house-cat-scratching-post-wooden-pet-interactive-and-exercise-toy\/\",\"name\":\"Luxury Large Cat Tree House Cat Scratching Post Wooden Pet Interactive and Exercise Toy - Shandong Vest International Trade Co., Ltd.\",\"isPartOf\":{\"@id\":\"https:\/\/vestpetproducts.com\/#website\"},\"primaryImageOfPage\":{\"@id\":\"https:\/\/vestpetproducts.com\/product\/luxury-large-cat-tree-house-cat-scratching-post-wooden-pet-interactive-and-exercise-toy\/#primaryimage\"},\"image\":{\"@id\":\"https:\/\/vestpetproducts.com\/product\/luxury-large-cat-tree-house-cat-scratching-post-wooden-pet-interactive-and-exercise-toy\/#primaryimage\"},\"thumbnailUrl\":\"https:\/\/vestpetproducts.com\/wp-content\/uploads\/2025\/07\/CT-2300-01.jpg\",\"datePublished\":\"2025-07-23T01:24:24+00:00\",\"dateModified\":\"2025-08-04T08:05:48+00:00\",\"breadcrumb\":{\"@id\":\"https:\/\/vestpetproducts.com\/product\/luxury-large-cat-tree-house-cat-scratching-post-wooden-pet-interactive-and-exercise-toy\/#breadcrumb\"},\"inLanguage\":\"es\",\"potentialAction\":[{\"@type\":\"ReadAction\",\"target\":[\"https:\/\/vestpetproducts.com\/product\/luxury-large-cat-tree-house-cat-scratching-post-wooden-pet-interactive-and-exercise-toy\/\"]}]},{\"@type\":\"ImageObject\",\"inLanguage\":\"es\",\"@id\":\"https:\/\/vestpetproducts.com\/product\/luxury-large-cat-tree-house-cat-scratching-post-wooden-pet-interactive-and-exercise-toy\/#primaryimage\",\"url\":\"https:\/\/vestpetproducts.com\/wp-content\/uploads\/2025\/07\/CT-2300-01.jpg\",\"contentUrl\":\"https:\/\/vestpetproducts.com\/wp-content\/uploads\/2025\/07\/CT-2300-01.jpg\",\"width\":1000,\"height\":1000},{\"@type\":\"BreadcrumbList\",\"@id\":\"https:\/\/vestpetproducts.com\/product\/luxury-large-cat-tree-house-cat-scratching-post-wooden-pet-interactive-and-exercise-toy\/#breadcrumb\",\"itemListElement\":[{\"@type\":\"ListItem\",\"position\":1,\"name\":\"\u9996\u9875\",\"item\":\"https:\/\/vestpetproducts.com\/\"},{\"@type\":\"ListItem\",\"position\":2,\"name\":\"Product\",\"item\":\"https:\/\/vestpetproducts.com\/product\/\"},{\"@type\":\"ListItem\",\"position\":3,\"name\":\"Luxury Large Cat Tree House Cat Scratching Post Wooden Pet Interactive and Exercise Toy\"}]},{\"@type\":\"WebSite\",\"@id\":\"https:\/\/vestpetproducts.com\/#website\",\"url\":\"https:\/\/vestpetproducts.com\/\",\"name\":\"Shandong Vest International Trade Co., Ltd.\",\"description\":\"Shandong Vest International Trade Co., Ltd.\",\"potentialAction\":[{\"@type\":\"SearchAction\",\"target\":{\"@type\":\"EntryPoint\",\"urlTemplate\":\"https:\/\/vestpetproducts.com\/?s={search_term_string}\"},\"query-input\":{\"@type\":\"PropertyValueSpecification\",\"valueRequired\":true,\"valueName\":\"search_term_string\"}}],\"inLanguage\":\"es\"}]}<\/script>\n<!-- \/ Yoast SEO plugin. -->","yoast_head_json":{"title":"Luxury Large Cat Tree House Cat Scratching Post Wooden Pet Interactive and Exercise Toy - Shandong Vest International Trade Co., Ltd.","robots":{"index":"index","follow":"follow","max-snippet":"max-snippet:-1","max-image-preview":"max-image-preview:large","max-video-preview":"max-video-preview:-1"},"canonical":"https:\/\/vestpetproducts.com\/es\/producto\/luxury-large-cat-tree-house-cat-scratching-post-wooden-pet-interactive-and-exercise-toy\/","og_locale":"es_ES","og_type":"article","og_title":"Luxury Large Cat Tree House Cat Scratching Post Wooden Pet Interactive and Exercise Toy - Shandong Vest International Trade Co., Ltd.","og_description":"Size: 45.5*45.5*110cm\/17.9*17.9*43.3  Multi-Level Design: This cat tree features multiple platforms and perches at varying heights, providing ample space for multiple cats to climb, scratch, and lounge. Durable Construction: Crafted with sturdy sisal-wrapped posts and plush, cushioned beds, this tree offers a safe and comfortable environment for feline fun and relaxation. Cozy Hideaway: A spacious, enclosed condo provides a private retreat for napping or simply getting away from it all. Scratching Posts: Multiple sisal-wrapped posts cater to your cat's natural scratching instincts, helping protect your furniture from scratches.","og_url":"https:\/\/vestpetproducts.com\/es\/producto\/luxury-large-cat-tree-house-cat-scratching-post-wooden-pet-interactive-and-exercise-toy\/","og_site_name":"Shandong Vest International Trade Co., Ltd.","article_modified_time":"2025-08-04T08:05:48+00:00","og_image":[{"width":1000,"height":1000,"url":"https:\/\/vestpetproducts.com\/wp-content\/uploads\/2025\/07\/CT-2300-01.jpg","type":"image\/jpeg"}],"twitter_card":"summary_large_image","twitter_misc":{"Tiempo de lectura":"2 minutos"},"schema":{"@context":"https:\/\/schema.org","@graph":[{"@type":"WebPage","@id":"https:\/\/vestpetproducts.com\/product\/luxury-large-cat-tree-house-cat-scratching-post-wooden-pet-interactive-and-exercise-toy\/","url":"https:\/\/vestpetproducts.com\/product\/luxury-large-cat-tree-house-cat-scratching-post-wooden-pet-interactive-and-exercise-toy\/","name":"Luxury Large Cat Tree House Cat Scratching Post Wooden Pet Interactive and Exercise Toy - Shandong Vest International Trade Co., Ltd.","isPartOf":{"@id":"https:\/\/vestpetproducts.com\/#website"},"primaryImageOfPage":{"@id":"https:\/\/vestpetproducts.com\/product\/luxury-large-cat-tree-house-cat-scratching-post-wooden-pet-interactive-and-exercise-toy\/#primaryimage"},"image":{"@id":"https:\/\/vestpetproducts.com\/product\/luxury-large-cat-tree-house-cat-scratching-post-wooden-pet-interactive-and-exercise-toy\/#primaryimage"},"thumbnailUrl":"https:\/\/vestpetproducts.com\/wp-content\/uploads\/2025\/07\/CT-2300-01.jpg","datePublished":"2025-07-23T01:24:24+00:00","dateModified":"2025-08-04T08:05:48+00:00","breadcrumb":{"@id":"https:\/\/vestpetproducts.com\/product\/luxury-large-cat-tree-house-cat-scratching-post-wooden-pet-interactive-and-exercise-toy\/#breadcrumb"},"inLanguage":"es","potentialAction":[{"@type":"ReadAction","target":["https:\/\/vestpetproducts.com\/product\/luxury-large-cat-tree-house-cat-scratching-post-wooden-pet-interactive-and-exercise-toy\/"]}]},{"@type":"ImageObject","inLanguage":"es","@id":"https:\/\/vestpetproducts.com\/product\/luxury-large-cat-tree-house-cat-scratching-post-wooden-pet-interactive-and-exercise-toy\/#primaryimage","url":"https:\/\/vestpetproducts.com\/wp-content\/uploads\/2025\/07\/CT-2300-01.jpg","contentUrl":"https:\/\/vestpetproducts.com\/wp-content\/uploads\/2025\/07\/CT-2300-01.jpg","width":1000,"height":1000},{"@type":"BreadcrumbList","@id":"https:\/\/vestpetproducts.com\/product\/luxury-large-cat-tree-house-cat-scratching-post-wooden-pet-interactive-and-exercise-toy\/#breadcrumb","itemListElement":[{"@type":"ListItem","position":1,"name":"\u9996\u9875","item":"https:\/\/vestpetproducts.com\/"},{"@type":"ListItem","position":2,"name":"Product","item":"https:\/\/vestpetproducts.com\/product\/"},{"@type":"ListItem","position":3,"name":"Luxury Large Cat Tree House Cat Scratching Post Wooden Pet Interactive and Exercise Toy"}]},{"@type":"WebSite","@id":"https:\/\/vestpetproducts.com\/#website","url":"https:\/\/vestpetproducts.com\/","name":"Shandong Vest International Trade Co., Ltd.","description":"Shandong Vest International Trade Co., Ltd.","potentialAction":[{"@type":"SearchAction","target":{"@type":"EntryPoint","urlTemplate":"https:\/\/vestpetproducts.com\/?s={search_term_string}"},"query-input":{"@type":"PropertyValueSpecification","valueRequired":true,"valueName":"search_term_string"}}],"inLanguage":"es"}]}},"_links":{"self":[{"href":"https:\/\/vestpetproducts.com\/es\/wp-json\/wp\/v2\/product\/1143","targetHints":{"allow":["GET"]}}],"collection":[{"href":"https:\/\/vestpetproducts.com\/es\/wp-json\/wp\/v2\/product"}],"about":[{"href":"https:\/\/vestpetproducts.com\/es\/wp-json\/wp\/v2\/types\/product"}],"wp:featuredmedia":[{"embeddable":true,"href":"https:\/\/vestpetproducts.com\/es\/wp-json\/wp\/v2\/media\/1144"}],"wp:attachment":[{"href":"https:\/\/vestpetproducts.com\/es\/wp-json\/wp\/v2\/media?parent=1143"}],"wp:term":[{"taxonomy":"product_brand","embeddable":true,"href":"https:\/\/vestpetproducts.com\/es\/wp-json\/wp\/v2\/product_brand?post=1143"},{"taxonomy":"product_cat","embeddable":true,"href":"https:\/\/vestpetproducts.com\/es\/wp-json\/wp\/v2\/product_cat?post=1143"},{"taxonomy":"product_tag","embeddable":true,"href":"https:\/\/vestpetproducts.com\/es\/wp-json\/wp\/v2\/product_tag?post=1143"}],"curies":[{"name":"wp","href":"https:\/\/api.w.org\/{rel}","templated":true}]}}