{"id":1132,"date":"2025-07-22T09:51:47","date_gmt":"2025-07-22T09:51:47","guid":{"rendered":"https:\/\/vestpetproducts.com\/?post_type=product&#038;p=1132"},"modified":"2025-08-04T08:08:37","modified_gmt":"2025-08-04T08:08:37","slug":"durable-space-saving-solid-wood-cat-tree-scratch-resistant-cat-tree","status":"publish","type":"product","link":"https:\/\/vestpetproducts.com\/es\/producto\/durable-space-saving-solid-wood-cat-tree-scratch-resistant-cat-tree\/","title":{"rendered":"\u00c1rbol para gatos de madera maciza duradero y que ahorra espacio, \u00e1rbol para gatos resistente a los ara\u00f1azos"},"content":{"rendered":"<p><img loading=\"lazy\" decoding=\"async\" class=\"aligncenter size-full wp-image-1138\" src=\"http:\/\/vestpetproducts.com\/wp-content\/uploads\/2025\/07\/CT-008-1.2.jpg\" alt=\"\" width=\"1000\" height=\"1000\" srcset=\"https:\/\/vestpetproducts.com\/wp-content\/uploads\/2025\/07\/CT-008-1.2.jpg 1000w, https:\/\/vestpetproducts.com\/wp-content\/uploads\/2025\/07\/CT-008-1.2-500x500.jpg 500w, https:\/\/vestpetproducts.com\/wp-content\/uploads\/2025\/07\/CT-008-1.2-300x300.jpg 300w, https:\/\/vestpetproducts.com\/wp-content\/uploads\/2025\/07\/CT-008-1.2-768x768.jpg 768w, https:\/\/vestpetproducts.com\/wp-content\/uploads\/2025\/07\/CT-008-1.2-12x12.jpg 12w, https:\/\/vestpetproducts.com\/wp-content\/uploads\/2025\/07\/CT-008-1.2-150x150.jpg 150w, https:\/\/vestpetproducts.com\/wp-content\/uploads\/2025\/07\/CT-008-1.2-75x75.jpg 75w, https:\/\/vestpetproducts.com\/wp-content\/uploads\/2025\/07\/CT-008-1.2-480x480.jpg 480w, https:\/\/vestpetproducts.com\/wp-content\/uploads\/2025\/07\/CT-008-1.2-800x800.jpg 800w\" sizes=\"auto, (max-width:767px) 480px, (max-width:1000px) 100vw, 1000px\" \/> <img loading=\"lazy\" decoding=\"async\" class=\"aligncenter size-full wp-image-1139\" src=\"http:\/\/vestpetproducts.com\/wp-content\/uploads\/2025\/07\/CT-008-4.jpg\" alt=\"\" width=\"1000\" height=\"1000\" srcset=\"https:\/\/vestpetproducts.com\/wp-content\/uploads\/2025\/07\/CT-008-4.jpg 1000w, https:\/\/vestpetproducts.com\/wp-content\/uploads\/2025\/07\/CT-008-4-500x500.jpg 500w, https:\/\/vestpetproducts.com\/wp-content\/uploads\/2025\/07\/CT-008-4-300x300.jpg 300w, https:\/\/vestpetproducts.com\/wp-content\/uploads\/2025\/07\/CT-008-4-768x768.jpg 768w, https:\/\/vestpetproducts.com\/wp-content\/uploads\/2025\/07\/CT-008-4-12x12.jpg 12w, https:\/\/vestpetproducts.com\/wp-content\/uploads\/2025\/07\/CT-008-4-150x150.jpg 150w, https:\/\/vestpetproducts.com\/wp-content\/uploads\/2025\/07\/CT-008-4-75x75.jpg 75w, https:\/\/vestpetproducts.com\/wp-content\/uploads\/2025\/07\/CT-008-4-480x480.jpg 480w, https:\/\/vestpetproducts.com\/wp-content\/uploads\/2025\/07\/CT-008-4-800x800.jpg 800w\" sizes=\"auto, (max-width:767px) 480px, (max-width:1000px) 100vw, 1000px\" \/> <img loading=\"lazy\" decoding=\"async\" class=\"aligncenter size-full wp-image-1140\" src=\"http:\/\/vestpetproducts.com\/wp-content\/uploads\/2025\/07\/CT-008-5.jpg\" alt=\"\" width=\"1000\" height=\"1000\" srcset=\"https:\/\/vestpetproducts.com\/wp-content\/uploads\/2025\/07\/CT-008-5.jpg 1000w, https:\/\/vestpetproducts.com\/wp-content\/uploads\/2025\/07\/CT-008-5-500x500.jpg 500w, https:\/\/vestpetproducts.com\/wp-content\/uploads\/2025\/07\/CT-008-5-300x300.jpg 300w, https:\/\/vestpetproducts.com\/wp-content\/uploads\/2025\/07\/CT-008-5-768x768.jpg 768w, https:\/\/vestpetproducts.com\/wp-content\/uploads\/2025\/07\/CT-008-5-12x12.jpg 12w, https:\/\/vestpetproducts.com\/wp-content\/uploads\/2025\/07\/CT-008-5-150x150.jpg 150w, https:\/\/vestpetproducts.com\/wp-content\/uploads\/2025\/07\/CT-008-5-75x75.jpg 75w, https:\/\/vestpetproducts.com\/wp-content\/uploads\/2025\/07\/CT-008-5-480x480.jpg 480w, https:\/\/vestpetproducts.com\/wp-content\/uploads\/2025\/07\/CT-008-5-800x800.jpg 800w\" sizes=\"auto, (max-width:767px) 480px, (max-width:1000px) 100vw, 1000px\" \/> <img loading=\"lazy\" decoding=\"async\" class=\"aligncenter size-full wp-image-1141\" src=\"http:\/\/vestpetproducts.com\/wp-content\/uploads\/2025\/07\/CT-008-6.jpg\" alt=\"\" width=\"1000\" height=\"1000\" srcset=\"https:\/\/vestpetproducts.com\/wp-content\/uploads\/2025\/07\/CT-008-6.jpg 1000w, https:\/\/vestpetproducts.com\/wp-content\/uploads\/2025\/07\/CT-008-6-500x500.jpg 500w, https:\/\/vestpetproducts.com\/wp-content\/uploads\/2025\/07\/CT-008-6-300x300.jpg 300w, https:\/\/vestpetproducts.com\/wp-content\/uploads\/2025\/07\/CT-008-6-768x768.jpg 768w, https:\/\/vestpetproducts.com\/wp-content\/uploads\/2025\/07\/CT-008-6-12x12.jpg 12w, https:\/\/vestpetproducts.com\/wp-content\/uploads\/2025\/07\/CT-008-6-150x150.jpg 150w, https:\/\/vestpetproducts.com\/wp-content\/uploads\/2025\/07\/CT-008-6-75x75.jpg 75w, https:\/\/vestpetproducts.com\/wp-content\/uploads\/2025\/07\/CT-008-6-480x480.jpg 480w, https:\/\/vestpetproducts.com\/wp-content\/uploads\/2025\/07\/CT-008-6-800x800.jpg 800w\" sizes=\"auto, (max-width:767px) 480px, (max-width:1000px) 100vw, 1000px\" \/> <img loading=\"lazy\" decoding=\"async\" class=\"aligncenter size-full wp-image-1142\" src=\"http:\/\/vestpetproducts.com\/wp-content\/uploads\/2025\/07\/CT-008.jpg\" alt=\"\" width=\"1000\" height=\"1000\" srcset=\"https:\/\/vestpetproducts.com\/wp-content\/uploads\/2025\/07\/CT-008.jpg 1000w, https:\/\/vestpetproducts.com\/wp-content\/uploads\/2025\/07\/CT-008-500x500.jpg 500w, https:\/\/vestpetproducts.com\/wp-content\/uploads\/2025\/07\/CT-008-300x300.jpg 300w, https:\/\/vestpetproducts.com\/wp-content\/uploads\/2025\/07\/CT-008-768x768.jpg 768w, https:\/\/vestpetproducts.com\/wp-content\/uploads\/2025\/07\/CT-008-12x12.jpg 12w, https:\/\/vestpetproducts.com\/wp-content\/uploads\/2025\/07\/CT-008-150x150.jpg 150w, https:\/\/vestpetproducts.com\/wp-content\/uploads\/2025\/07\/CT-008-75x75.jpg 75w, https:\/\/vestpetproducts.com\/wp-content\/uploads\/2025\/07\/CT-008-480x480.jpg 480w, https:\/\/vestpetproducts.com\/wp-content\/uploads\/2025\/07\/CT-008-800x800.jpg 800w\" sizes=\"auto, (max-width:767px) 480px, (max-width:1000px) 100vw, 1000px\" \/><\/p>","protected":false},"excerpt":{"rendered":"<p>Tama\u00f1o: 40 x 40 x 76 cm\/29,92 x 15,74 x 15,74 pulgadas<\/p>\n<p>Color ideal: Este color combina a la perfecci\u00f3n con las ventanas y muebles de tu hogar y no desentonar\u00e1. \u00a1Te encantar\u00e1!<br \/>\nF\u00e1cil de transportar cuando viajas: cuando viajas con tu familia, ahorra espacio y es f\u00e1cil de transportar, lo que permite que tu gato a\u00fan tenga su propio \u00e1rbol para gatos para jugar al aire libre.<br \/>\nMateriales seguros y c\u00f3modos: la piel sint\u00e9tica de alta calidad es extremadamente c\u00f3moda y suave, postes rascadores de cuerda de c\u00e1\u00f1amo natural para que los gatos ara\u00f1en y paneles de seguridad est\u00e1ndar.<\/p>","protected":false},"featured_media":1133,"template":"","meta":{"content-type":""},"product_brand":[],"product_cat":[120],"product_tag":[],"class_list":{"0":"post-1132","1":"product","2":"type-product","3":"status-publish","4":"has-post-thumbnail","6":"product_cat-pet-cat-trees","8":"first","9":"instock","10":"shipping-taxable","11":"product-type-simple"},"yoast_head":"<!-- This site is optimized with the Yoast SEO plugin v24.9 - https:\/\/yoast.com\/wordpress\/plugins\/seo\/ -->\n<title>Durable, space-saving solid wood cat tree, scratch-resistant cat tree - Shandong Vest International Trade Co., Ltd.<\/title>\n<meta name=\"robots\" content=\"index, follow, max-snippet:-1, max-image-preview:large, max-video-preview:-1\" \/>\n<link rel=\"canonical\" href=\"https:\/\/vestpetproducts.com\/es\/producto\/durable-space-saving-solid-wood-cat-tree-scratch-resistant-cat-tree\/\" \/>\n<meta property=\"og:locale\" content=\"es_ES\" \/>\n<meta property=\"og:type\" content=\"article\" \/>\n<meta property=\"og:title\" content=\"Durable, space-saving solid wood cat tree, scratch-resistant cat tree - Shandong Vest International Trade Co., Ltd.\" \/>\n<meta property=\"og:description\" content=\"Size\uff1a40*40*76cm\/29.92*15.74*15.74Inches  Suitable colour: This colour perfectly matches the windows and furniture in your home and will not look out of place. You are sure to love this colour. Easy to carry when travelling: When travelling with your family, it saves space and is easy to carry, allowing your cat to still have its own cat tree to play on outdoors. Safe and comfortable materials: High-quality synthetic fur is extremely comfortable and soft, natural hemp rope scratching posts for cats to scratch, and standard safety panels.\" \/>\n<meta property=\"og:url\" content=\"https:\/\/vestpetproducts.com\/es\/producto\/durable-space-saving-solid-wood-cat-tree-scratch-resistant-cat-tree\/\" \/>\n<meta property=\"og:site_name\" content=\"Shandong Vest International Trade Co., Ltd.\" \/>\n<meta property=\"article:modified_time\" content=\"2025-08-04T08:08:37+00:00\" \/>\n<meta property=\"og:image\" content=\"https:\/\/vestpetproducts.com\/wp-content\/uploads\/2025\/07\/CT-008-10.jpg\" \/>\n\t<meta property=\"og:image:width\" content=\"1000\" \/>\n\t<meta property=\"og:image:height\" content=\"1000\" \/>\n\t<meta property=\"og:image:type\" content=\"image\/jpeg\" \/>\n<meta name=\"twitter:card\" content=\"summary_large_image\" \/>\n<meta name=\"twitter:label1\" content=\"Tiempo de lectura\" \/>\n\t<meta name=\"twitter:data1\" content=\"2 minutos\" \/>\n<script type=\"application\/ld+json\" class=\"yoast-schema-graph\">{\"@context\":\"https:\/\/schema.org\",\"@graph\":[{\"@type\":\"WebPage\",\"@id\":\"https:\/\/vestpetproducts.com\/product\/durable-space-saving-solid-wood-cat-tree-scratch-resistant-cat-tree\/\",\"url\":\"https:\/\/vestpetproducts.com\/product\/durable-space-saving-solid-wood-cat-tree-scratch-resistant-cat-tree\/\",\"name\":\"Durable, space-saving solid wood cat tree, scratch-resistant cat tree - Shandong Vest International Trade Co., Ltd.\",\"isPartOf\":{\"@id\":\"https:\/\/vestpetproducts.com\/#website\"},\"primaryImageOfPage\":{\"@id\":\"https:\/\/vestpetproducts.com\/product\/durable-space-saving-solid-wood-cat-tree-scratch-resistant-cat-tree\/#primaryimage\"},\"image\":{\"@id\":\"https:\/\/vestpetproducts.com\/product\/durable-space-saving-solid-wood-cat-tree-scratch-resistant-cat-tree\/#primaryimage\"},\"thumbnailUrl\":\"https:\/\/vestpetproducts.com\/wp-content\/uploads\/2025\/07\/CT-008-10.jpg\",\"datePublished\":\"2025-07-22T09:51:47+00:00\",\"dateModified\":\"2025-08-04T08:08:37+00:00\",\"breadcrumb\":{\"@id\":\"https:\/\/vestpetproducts.com\/product\/durable-space-saving-solid-wood-cat-tree-scratch-resistant-cat-tree\/#breadcrumb\"},\"inLanguage\":\"es\",\"potentialAction\":[{\"@type\":\"ReadAction\",\"target\":[\"https:\/\/vestpetproducts.com\/product\/durable-space-saving-solid-wood-cat-tree-scratch-resistant-cat-tree\/\"]}]},{\"@type\":\"ImageObject\",\"inLanguage\":\"es\",\"@id\":\"https:\/\/vestpetproducts.com\/product\/durable-space-saving-solid-wood-cat-tree-scratch-resistant-cat-tree\/#primaryimage\",\"url\":\"https:\/\/vestpetproducts.com\/wp-content\/uploads\/2025\/07\/CT-008-10.jpg\",\"contentUrl\":\"https:\/\/vestpetproducts.com\/wp-content\/uploads\/2025\/07\/CT-008-10.jpg\",\"width\":1000,\"height\":1000},{\"@type\":\"BreadcrumbList\",\"@id\":\"https:\/\/vestpetproducts.com\/product\/durable-space-saving-solid-wood-cat-tree-scratch-resistant-cat-tree\/#breadcrumb\",\"itemListElement\":[{\"@type\":\"ListItem\",\"position\":1,\"name\":\"\u9996\u9875\",\"item\":\"https:\/\/vestpetproducts.com\/\"},{\"@type\":\"ListItem\",\"position\":2,\"name\":\"Product\",\"item\":\"https:\/\/vestpetproducts.com\/product\/\"},{\"@type\":\"ListItem\",\"position\":3,\"name\":\"Durable, space-saving solid wood cat tree, scratch-resistant cat tree\"}]},{\"@type\":\"WebSite\",\"@id\":\"https:\/\/vestpetproducts.com\/#website\",\"url\":\"https:\/\/vestpetproducts.com\/\",\"name\":\"Shandong Vest International Trade Co., Ltd.\",\"description\":\"Shandong Vest International Trade Co., Ltd.\",\"potentialAction\":[{\"@type\":\"SearchAction\",\"target\":{\"@type\":\"EntryPoint\",\"urlTemplate\":\"https:\/\/vestpetproducts.com\/?s={search_term_string}\"},\"query-input\":{\"@type\":\"PropertyValueSpecification\",\"valueRequired\":true,\"valueName\":\"search_term_string\"}}],\"inLanguage\":\"es\"}]}<\/script>\n<!-- \/ Yoast SEO plugin. -->","yoast_head_json":{"title":"Durable, space-saving solid wood cat tree, scratch-resistant cat tree - Shandong Vest International Trade Co., Ltd.","robots":{"index":"index","follow":"follow","max-snippet":"max-snippet:-1","max-image-preview":"max-image-preview:large","max-video-preview":"max-video-preview:-1"},"canonical":"https:\/\/vestpetproducts.com\/es\/producto\/durable-space-saving-solid-wood-cat-tree-scratch-resistant-cat-tree\/","og_locale":"es_ES","og_type":"article","og_title":"Durable, space-saving solid wood cat tree, scratch-resistant cat tree - Shandong Vest International Trade Co., Ltd.","og_description":"Size\uff1a40*40*76cm\/29.92*15.74*15.74Inches  Suitable colour: This colour perfectly matches the windows and furniture in your home and will not look out of place. You are sure to love this colour. Easy to carry when travelling: When travelling with your family, it saves space and is easy to carry, allowing your cat to still have its own cat tree to play on outdoors. Safe and comfortable materials: High-quality synthetic fur is extremely comfortable and soft, natural hemp rope scratching posts for cats to scratch, and standard safety panels.","og_url":"https:\/\/vestpetproducts.com\/es\/producto\/durable-space-saving-solid-wood-cat-tree-scratch-resistant-cat-tree\/","og_site_name":"Shandong Vest International Trade Co., Ltd.","article_modified_time":"2025-08-04T08:08:37+00:00","og_image":[{"width":1000,"height":1000,"url":"https:\/\/vestpetproducts.com\/wp-content\/uploads\/2025\/07\/CT-008-10.jpg","type":"image\/jpeg"}],"twitter_card":"summary_large_image","twitter_misc":{"Tiempo de lectura":"2 minutos"},"schema":{"@context":"https:\/\/schema.org","@graph":[{"@type":"WebPage","@id":"https:\/\/vestpetproducts.com\/product\/durable-space-saving-solid-wood-cat-tree-scratch-resistant-cat-tree\/","url":"https:\/\/vestpetproducts.com\/product\/durable-space-saving-solid-wood-cat-tree-scratch-resistant-cat-tree\/","name":"Durable, space-saving solid wood cat tree, scratch-resistant cat tree - Shandong Vest International Trade Co., Ltd.","isPartOf":{"@id":"https:\/\/vestpetproducts.com\/#website"},"primaryImageOfPage":{"@id":"https:\/\/vestpetproducts.com\/product\/durable-space-saving-solid-wood-cat-tree-scratch-resistant-cat-tree\/#primaryimage"},"image":{"@id":"https:\/\/vestpetproducts.com\/product\/durable-space-saving-solid-wood-cat-tree-scratch-resistant-cat-tree\/#primaryimage"},"thumbnailUrl":"https:\/\/vestpetproducts.com\/wp-content\/uploads\/2025\/07\/CT-008-10.jpg","datePublished":"2025-07-22T09:51:47+00:00","dateModified":"2025-08-04T08:08:37+00:00","breadcrumb":{"@id":"https:\/\/vestpetproducts.com\/product\/durable-space-saving-solid-wood-cat-tree-scratch-resistant-cat-tree\/#breadcrumb"},"inLanguage":"es","potentialAction":[{"@type":"ReadAction","target":["https:\/\/vestpetproducts.com\/product\/durable-space-saving-solid-wood-cat-tree-scratch-resistant-cat-tree\/"]}]},{"@type":"ImageObject","inLanguage":"es","@id":"https:\/\/vestpetproducts.com\/product\/durable-space-saving-solid-wood-cat-tree-scratch-resistant-cat-tree\/#primaryimage","url":"https:\/\/vestpetproducts.com\/wp-content\/uploads\/2025\/07\/CT-008-10.jpg","contentUrl":"https:\/\/vestpetproducts.com\/wp-content\/uploads\/2025\/07\/CT-008-10.jpg","width":1000,"height":1000},{"@type":"BreadcrumbList","@id":"https:\/\/vestpetproducts.com\/product\/durable-space-saving-solid-wood-cat-tree-scratch-resistant-cat-tree\/#breadcrumb","itemListElement":[{"@type":"ListItem","position":1,"name":"\u9996\u9875","item":"https:\/\/vestpetproducts.com\/"},{"@type":"ListItem","position":2,"name":"Product","item":"https:\/\/vestpetproducts.com\/product\/"},{"@type":"ListItem","position":3,"name":"Durable, space-saving solid wood cat tree, scratch-resistant cat tree"}]},{"@type":"WebSite","@id":"https:\/\/vestpetproducts.com\/#website","url":"https:\/\/vestpetproducts.com\/","name":"Shandong Vest International Trade Co., Ltd.","description":"Shandong Vest International Trade Co., Ltd.","potentialAction":[{"@type":"SearchAction","target":{"@type":"EntryPoint","urlTemplate":"https:\/\/vestpetproducts.com\/?s={search_term_string}"},"query-input":{"@type":"PropertyValueSpecification","valueRequired":true,"valueName":"search_term_string"}}],"inLanguage":"es"}]}},"_links":{"self":[{"href":"https:\/\/vestpetproducts.com\/es\/wp-json\/wp\/v2\/product\/1132","targetHints":{"allow":["GET"]}}],"collection":[{"href":"https:\/\/vestpetproducts.com\/es\/wp-json\/wp\/v2\/product"}],"about":[{"href":"https:\/\/vestpetproducts.com\/es\/wp-json\/wp\/v2\/types\/product"}],"wp:featuredmedia":[{"embeddable":true,"href":"https:\/\/vestpetproducts.com\/es\/wp-json\/wp\/v2\/media\/1133"}],"wp:attachment":[{"href":"https:\/\/vestpetproducts.com\/es\/wp-json\/wp\/v2\/media?parent=1132"}],"wp:term":[{"taxonomy":"product_brand","embeddable":true,"href":"https:\/\/vestpetproducts.com\/es\/wp-json\/wp\/v2\/product_brand?post=1132"},{"taxonomy":"product_cat","embeddable":true,"href":"https:\/\/vestpetproducts.com\/es\/wp-json\/wp\/v2\/product_cat?post=1132"},{"taxonomy":"product_tag","embeddable":true,"href":"https:\/\/vestpetproducts.com\/es\/wp-json\/wp\/v2\/product_tag?post=1132"}],"curies":[{"name":"wp","href":"https:\/\/api.w.org\/{rel}","templated":true}]}}