{"id":1121,"date":"2025-07-22T09:27:10","date_gmt":"2025-07-22T09:27:10","guid":{"rendered":"https:\/\/vestpetproducts.com\/?post_type=product&#038;p=1121"},"modified":"2025-08-04T08:11:29","modified_gmt":"2025-08-04T08:11:29","slug":"hot-selling-cat-toys-crazy-cat-climbing-pole-cat-climbing-frame","status":"publish","type":"product","link":"https:\/\/vestpetproducts.com\/es\/producto\/hot-selling-cat-toys-crazy-cat-climbing-pole-cat-climbing-frame\/","title":{"rendered":"Juguetes para gatos de gran venta Poste de escalada para gatos locos Marco de escalada para gatos"},"content":{"rendered":"<p><img loading=\"lazy\" decoding=\"async\" class=\"aligncenter size-full wp-image-1126\" src=\"http:\/\/vestpetproducts.com\/wp-content\/uploads\/2025\/07\/CT-003-01.jpg\" alt=\"\" width=\"1000\" height=\"1000\" srcset=\"https:\/\/vestpetproducts.com\/wp-content\/uploads\/2025\/07\/CT-003-01.jpg 1000w, https:\/\/vestpetproducts.com\/wp-content\/uploads\/2025\/07\/CT-003-01-500x500.jpg 500w, https:\/\/vestpetproducts.com\/wp-content\/uploads\/2025\/07\/CT-003-01-300x300.jpg 300w, https:\/\/vestpetproducts.com\/wp-content\/uploads\/2025\/07\/CT-003-01-768x768.jpg 768w, https:\/\/vestpetproducts.com\/wp-content\/uploads\/2025\/07\/CT-003-01-12x12.jpg 12w, https:\/\/vestpetproducts.com\/wp-content\/uploads\/2025\/07\/CT-003-01-150x150.jpg 150w, https:\/\/vestpetproducts.com\/wp-content\/uploads\/2025\/07\/CT-003-01-75x75.jpg 75w, https:\/\/vestpetproducts.com\/wp-content\/uploads\/2025\/07\/CT-003-01-480x480.jpg 480w, https:\/\/vestpetproducts.com\/wp-content\/uploads\/2025\/07\/CT-003-01-800x800.jpg 800w\" sizes=\"auto, (max-width:767px) 480px, (max-width:1000px) 100vw, 1000px\" \/> <img loading=\"lazy\" decoding=\"async\" class=\"aligncenter size-full wp-image-1127\" src=\"http:\/\/vestpetproducts.com\/wp-content\/uploads\/2025\/07\/CT-003-02.jpg\" alt=\"\" width=\"1000\" height=\"1000\" srcset=\"https:\/\/vestpetproducts.com\/wp-content\/uploads\/2025\/07\/CT-003-02.jpg 1000w, https:\/\/vestpetproducts.com\/wp-content\/uploads\/2025\/07\/CT-003-02-500x500.jpg 500w, https:\/\/vestpetproducts.com\/wp-content\/uploads\/2025\/07\/CT-003-02-300x300.jpg 300w, https:\/\/vestpetproducts.com\/wp-content\/uploads\/2025\/07\/CT-003-02-768x768.jpg 768w, https:\/\/vestpetproducts.com\/wp-content\/uploads\/2025\/07\/CT-003-02-12x12.jpg 12w, https:\/\/vestpetproducts.com\/wp-content\/uploads\/2025\/07\/CT-003-02-150x150.jpg 150w, https:\/\/vestpetproducts.com\/wp-content\/uploads\/2025\/07\/CT-003-02-75x75.jpg 75w, https:\/\/vestpetproducts.com\/wp-content\/uploads\/2025\/07\/CT-003-02-480x480.jpg 480w, https:\/\/vestpetproducts.com\/wp-content\/uploads\/2025\/07\/CT-003-02-800x800.jpg 800w\" sizes=\"auto, (max-width:767px) 480px, (max-width:1000px) 100vw, 1000px\" \/> <img loading=\"lazy\" decoding=\"async\" class=\"aligncenter size-full wp-image-1128\" src=\"http:\/\/vestpetproducts.com\/wp-content\/uploads\/2025\/07\/CT-003.jpg\" alt=\"\" width=\"1000\" height=\"1000\" srcset=\"https:\/\/vestpetproducts.com\/wp-content\/uploads\/2025\/07\/CT-003.jpg 1000w, https:\/\/vestpetproducts.com\/wp-content\/uploads\/2025\/07\/CT-003-500x500.jpg 500w, https:\/\/vestpetproducts.com\/wp-content\/uploads\/2025\/07\/CT-003-300x300.jpg 300w, https:\/\/vestpetproducts.com\/wp-content\/uploads\/2025\/07\/CT-003-768x768.jpg 768w, https:\/\/vestpetproducts.com\/wp-content\/uploads\/2025\/07\/CT-003-12x12.jpg 12w, https:\/\/vestpetproducts.com\/wp-content\/uploads\/2025\/07\/CT-003-150x150.jpg 150w, https:\/\/vestpetproducts.com\/wp-content\/uploads\/2025\/07\/CT-003-75x75.jpg 75w, https:\/\/vestpetproducts.com\/wp-content\/uploads\/2025\/07\/CT-003-480x480.jpg 480w, https:\/\/vestpetproducts.com\/wp-content\/uploads\/2025\/07\/CT-003-800x800.jpg 800w\" sizes=\"auto, (max-width:767px) 480px, (max-width:1000px) 100vw, 1000px\" \/> <img loading=\"lazy\" decoding=\"async\" class=\"aligncenter size-full wp-image-1129\" src=\"http:\/\/vestpetproducts.com\/wp-content\/uploads\/2025\/07\/CT-003-04.jpg\" alt=\"\" width=\"1000\" height=\"1000\" srcset=\"https:\/\/vestpetproducts.com\/wp-content\/uploads\/2025\/07\/CT-003-04.jpg 1000w, https:\/\/vestpetproducts.com\/wp-content\/uploads\/2025\/07\/CT-003-04-500x500.jpg 500w, https:\/\/vestpetproducts.com\/wp-content\/uploads\/2025\/07\/CT-003-04-300x300.jpg 300w, https:\/\/vestpetproducts.com\/wp-content\/uploads\/2025\/07\/CT-003-04-768x768.jpg 768w, https:\/\/vestpetproducts.com\/wp-content\/uploads\/2025\/07\/CT-003-04-12x12.jpg 12w, https:\/\/vestpetproducts.com\/wp-content\/uploads\/2025\/07\/CT-003-04-150x150.jpg 150w, https:\/\/vestpetproducts.com\/wp-content\/uploads\/2025\/07\/CT-003-04-75x75.jpg 75w, https:\/\/vestpetproducts.com\/wp-content\/uploads\/2025\/07\/CT-003-04-480x480.jpg 480w, https:\/\/vestpetproducts.com\/wp-content\/uploads\/2025\/07\/CT-003-04-800x800.jpg 800w\" sizes=\"auto, (max-width:767px) 480px, (max-width:1000px) 100vw, 1000px\" \/> <img loading=\"lazy\" decoding=\"async\" class=\"aligncenter size-full wp-image-1130\" src=\"http:\/\/vestpetproducts.com\/wp-content\/uploads\/2025\/07\/CT-003-05.jpg\" alt=\"\" width=\"1000\" height=\"1000\" srcset=\"https:\/\/vestpetproducts.com\/wp-content\/uploads\/2025\/07\/CT-003-05.jpg 1000w, https:\/\/vestpetproducts.com\/wp-content\/uploads\/2025\/07\/CT-003-05-500x500.jpg 500w, https:\/\/vestpetproducts.com\/wp-content\/uploads\/2025\/07\/CT-003-05-300x300.jpg 300w, https:\/\/vestpetproducts.com\/wp-content\/uploads\/2025\/07\/CT-003-05-768x768.jpg 768w, https:\/\/vestpetproducts.com\/wp-content\/uploads\/2025\/07\/CT-003-05-12x12.jpg 12w, https:\/\/vestpetproducts.com\/wp-content\/uploads\/2025\/07\/CT-003-05-150x150.jpg 150w, https:\/\/vestpetproducts.com\/wp-content\/uploads\/2025\/07\/CT-003-05-75x75.jpg 75w, https:\/\/vestpetproducts.com\/wp-content\/uploads\/2025\/07\/CT-003-05-480x480.jpg 480w, https:\/\/vestpetproducts.com\/wp-content\/uploads\/2025\/07\/CT-003-05-800x800.jpg 800w\" sizes=\"auto, (max-width:767px) 480px, (max-width:1000px) 100vw, 1000px\" \/> <img loading=\"lazy\" decoding=\"async\" class=\"aligncenter size-full wp-image-1131\" src=\"http:\/\/vestpetproducts.com\/wp-content\/uploads\/2025\/07\/CT-003-06.jpg\" alt=\"\" width=\"1000\" height=\"1000\" srcset=\"https:\/\/vestpetproducts.com\/wp-content\/uploads\/2025\/07\/CT-003-06.jpg 1000w, https:\/\/vestpetproducts.com\/wp-content\/uploads\/2025\/07\/CT-003-06-500x500.jpg 500w, https:\/\/vestpetproducts.com\/wp-content\/uploads\/2025\/07\/CT-003-06-300x300.jpg 300w, https:\/\/vestpetproducts.com\/wp-content\/uploads\/2025\/07\/CT-003-06-768x768.jpg 768w, https:\/\/vestpetproducts.com\/wp-content\/uploads\/2025\/07\/CT-003-06-12x12.jpg 12w, https:\/\/vestpetproducts.com\/wp-content\/uploads\/2025\/07\/CT-003-06-150x150.jpg 150w, https:\/\/vestpetproducts.com\/wp-content\/uploads\/2025\/07\/CT-003-06-75x75.jpg 75w, https:\/\/vestpetproducts.com\/wp-content\/uploads\/2025\/07\/CT-003-06-480x480.jpg 480w, https:\/\/vestpetproducts.com\/wp-content\/uploads\/2025\/07\/CT-003-06-800x800.jpg 800w\" sizes=\"auto, (max-width:767px) 480px, (max-width:1000px) 100vw, 1000px\" \/><\/p>","protected":false},"excerpt":{"rendered":"<p>Tama\u00f1o: 83 x 40 x 40 cm\/32,67 x 15,75 x 15,75 pulgadas<br \/>\nMateriales de alta calidad: Este \u00e1rbol para gatos est\u00e1 cubierto con cuerda de c\u00e1\u00f1amo natural, lo que satisface el instinto natural de rascado de tu gato, a la vez que le ayuda a mantener sus u\u00f1as sanas y sin riesgo. Tu gato se enamorar\u00e1 r\u00e1pidamente de \u00e9l y se alejar\u00e1 de tus muebles.<br \/>\nProteja sus muebles: la combinaci\u00f3n de postes rascadores y juguetes de peluche atrae a los gatos para jugar y agarrar, mientras que la cuerda de c\u00e1\u00f1amo natural es ideal para que los gatos la agarren, evitando eficazmente que rayen los muebles.<br \/>\nDise\u00f1ado para interiores: sus tonos neutros se integran a la perfecci\u00f3n con la decoraci\u00f3n del hogar. Ideal para cualquier sala de estar, dormitorio u oficina.<\/p>\n<p>&nbsp;<\/p>","protected":false},"featured_media":1122,"template":"","meta":{"content-type":""},"product_brand":[],"product_cat":[120],"product_tag":[],"class_list":{"0":"post-1121","1":"product","2":"type-product","3":"status-publish","4":"has-post-thumbnail","6":"product_cat-pet-cat-trees","8":"first","9":"instock","10":"shipping-taxable","11":"product-type-simple"},"yoast_head":"<!-- This site is optimized with the Yoast SEO plugin v24.9 - https:\/\/yoast.com\/wordpress\/plugins\/seo\/ -->\n<title>Hot-selling cat toys Crazy cat climbing pole Cat climbing frame - Shandong Vest International Trade Co., Ltd.<\/title>\n<meta name=\"robots\" content=\"index, follow, max-snippet:-1, max-image-preview:large, max-video-preview:-1\" \/>\n<link rel=\"canonical\" href=\"https:\/\/vestpetproducts.com\/es\/producto\/hot-selling-cat-toys-crazy-cat-climbing-pole-cat-climbing-frame\/\" \/>\n<meta property=\"og:locale\" content=\"es_ES\" \/>\n<meta property=\"og:type\" content=\"article\" \/>\n<meta property=\"og:title\" content=\"Hot-selling cat toys Crazy cat climbing pole Cat climbing frame - Shandong Vest International Trade Co., Ltd.\" \/>\n<meta property=\"og:description\" content=\"Size:83*40*40cm\/32.67*15.75*15.75Inches High-quality materials - This cat tree is covered with natural hemp rope, satisfying your cat&#039;s natural scratching instincts while helping to keep their nails healthy and posing no risk. Your cat will quickly fall in love with it and stay away from your furniture. Protect your furniture: The combination of scratching posts and plush toys attracts cats to play and grip, while the natural hemp rope is ideal for cats to grip, effectively preventing them from scratching furniture. Designed for indoor use - Neutral tones blend seamlessly with existing home decor. Suitable for any living room, bedroom, or home office.  &nbsp;\" \/>\n<meta property=\"og:url\" content=\"https:\/\/vestpetproducts.com\/es\/producto\/hot-selling-cat-toys-crazy-cat-climbing-pole-cat-climbing-frame\/\" \/>\n<meta property=\"og:site_name\" content=\"Shandong Vest International Trade Co., Ltd.\" \/>\n<meta property=\"article:modified_time\" content=\"2025-08-04T08:11:29+00:00\" \/>\n<meta property=\"og:image\" content=\"https:\/\/vestpetproducts.com\/wp-content\/uploads\/2025\/07\/CT-003-07.jpg\" \/>\n\t<meta property=\"og:image:width\" content=\"1000\" \/>\n\t<meta property=\"og:image:height\" content=\"1000\" \/>\n\t<meta property=\"og:image:type\" content=\"image\/jpeg\" \/>\n<meta name=\"twitter:card\" content=\"summary_large_image\" \/>\n<meta name=\"twitter:label1\" content=\"Tiempo de lectura\" \/>\n\t<meta name=\"twitter:data1\" content=\"2 minutos\" \/>\n<script type=\"application\/ld+json\" class=\"yoast-schema-graph\">{\"@context\":\"https:\/\/schema.org\",\"@graph\":[{\"@type\":\"WebPage\",\"@id\":\"https:\/\/vestpetproducts.com\/product\/hot-selling-cat-toys-crazy-cat-climbing-pole-cat-climbing-frame\/\",\"url\":\"https:\/\/vestpetproducts.com\/product\/hot-selling-cat-toys-crazy-cat-climbing-pole-cat-climbing-frame\/\",\"name\":\"Hot-selling cat toys Crazy cat climbing pole Cat climbing frame - Shandong Vest International Trade Co., Ltd.\",\"isPartOf\":{\"@id\":\"https:\/\/vestpetproducts.com\/#website\"},\"primaryImageOfPage\":{\"@id\":\"https:\/\/vestpetproducts.com\/product\/hot-selling-cat-toys-crazy-cat-climbing-pole-cat-climbing-frame\/#primaryimage\"},\"image\":{\"@id\":\"https:\/\/vestpetproducts.com\/product\/hot-selling-cat-toys-crazy-cat-climbing-pole-cat-climbing-frame\/#primaryimage\"},\"thumbnailUrl\":\"https:\/\/vestpetproducts.com\/wp-content\/uploads\/2025\/07\/CT-003-07.jpg\",\"datePublished\":\"2025-07-22T09:27:10+00:00\",\"dateModified\":\"2025-08-04T08:11:29+00:00\",\"breadcrumb\":{\"@id\":\"https:\/\/vestpetproducts.com\/product\/hot-selling-cat-toys-crazy-cat-climbing-pole-cat-climbing-frame\/#breadcrumb\"},\"inLanguage\":\"es\",\"potentialAction\":[{\"@type\":\"ReadAction\",\"target\":[\"https:\/\/vestpetproducts.com\/product\/hot-selling-cat-toys-crazy-cat-climbing-pole-cat-climbing-frame\/\"]}]},{\"@type\":\"ImageObject\",\"inLanguage\":\"es\",\"@id\":\"https:\/\/vestpetproducts.com\/product\/hot-selling-cat-toys-crazy-cat-climbing-pole-cat-climbing-frame\/#primaryimage\",\"url\":\"https:\/\/vestpetproducts.com\/wp-content\/uploads\/2025\/07\/CT-003-07.jpg\",\"contentUrl\":\"https:\/\/vestpetproducts.com\/wp-content\/uploads\/2025\/07\/CT-003-07.jpg\",\"width\":\"1000\",\"height\":\"1000\"},{\"@type\":\"BreadcrumbList\",\"@id\":\"https:\/\/vestpetproducts.com\/product\/hot-selling-cat-toys-crazy-cat-climbing-pole-cat-climbing-frame\/#breadcrumb\",\"itemListElement\":[{\"@type\":\"ListItem\",\"position\":1,\"name\":\"\u9996\u9875\",\"item\":\"https:\/\/vestpetproducts.com\/\"},{\"@type\":\"ListItem\",\"position\":2,\"name\":\"Product\",\"item\":\"https:\/\/vestpetproducts.com\/product\/\"},{\"@type\":\"ListItem\",\"position\":3,\"name\":\"Hot-selling cat toys Crazy cat climbing pole Cat climbing frame\"}]},{\"@type\":\"WebSite\",\"@id\":\"https:\/\/vestpetproducts.com\/#website\",\"url\":\"https:\/\/vestpetproducts.com\/\",\"name\":\"Shandong Vest International Trade Co., Ltd.\",\"description\":\"Shandong Vest International Trade Co., Ltd.\",\"potentialAction\":[{\"@type\":\"SearchAction\",\"target\":{\"@type\":\"EntryPoint\",\"urlTemplate\":\"https:\/\/vestpetproducts.com\/?s={search_term_string}\"},\"query-input\":{\"@type\":\"PropertyValueSpecification\",\"valueRequired\":true,\"valueName\":\"search_term_string\"}}],\"inLanguage\":\"es\"}]}<\/script>\n<!-- \/ Yoast SEO plugin. -->","yoast_head_json":{"title":"Hot-selling cat toys Crazy cat climbing pole Cat climbing frame - Shandong Vest International Trade Co., Ltd.","robots":{"index":"index","follow":"follow","max-snippet":"max-snippet:-1","max-image-preview":"max-image-preview:large","max-video-preview":"max-video-preview:-1"},"canonical":"https:\/\/vestpetproducts.com\/es\/producto\/hot-selling-cat-toys-crazy-cat-climbing-pole-cat-climbing-frame\/","og_locale":"es_ES","og_type":"article","og_title":"Hot-selling cat toys Crazy cat climbing pole Cat climbing frame - Shandong Vest International Trade Co., Ltd.","og_description":"Size:83*40*40cm\/32.67*15.75*15.75Inches High-quality materials - This cat tree is covered with natural hemp rope, satisfying your cat's natural scratching instincts while helping to keep their nails healthy and posing no risk. Your cat will quickly fall in love with it and stay away from your furniture. Protect your furniture: The combination of scratching posts and plush toys attracts cats to play and grip, while the natural hemp rope is ideal for cats to grip, effectively preventing them from scratching furniture. Designed for indoor use - Neutral tones blend seamlessly with existing home decor. Suitable for any living room, bedroom, or home office.  &nbsp;","og_url":"https:\/\/vestpetproducts.com\/es\/producto\/hot-selling-cat-toys-crazy-cat-climbing-pole-cat-climbing-frame\/","og_site_name":"Shandong Vest International Trade Co., Ltd.","article_modified_time":"2025-08-04T08:11:29+00:00","og_image":[{"width":1000,"height":1000,"url":"https:\/\/vestpetproducts.com\/wp-content\/uploads\/2025\/07\/CT-003-07.jpg","type":"image\/jpeg"}],"twitter_card":"summary_large_image","twitter_misc":{"Tiempo de lectura":"2 minutos"},"schema":{"@context":"https:\/\/schema.org","@graph":[{"@type":"WebPage","@id":"https:\/\/vestpetproducts.com\/product\/hot-selling-cat-toys-crazy-cat-climbing-pole-cat-climbing-frame\/","url":"https:\/\/vestpetproducts.com\/product\/hot-selling-cat-toys-crazy-cat-climbing-pole-cat-climbing-frame\/","name":"Hot-selling cat toys Crazy cat climbing pole Cat climbing frame - Shandong Vest International Trade Co., Ltd.","isPartOf":{"@id":"https:\/\/vestpetproducts.com\/#website"},"primaryImageOfPage":{"@id":"https:\/\/vestpetproducts.com\/product\/hot-selling-cat-toys-crazy-cat-climbing-pole-cat-climbing-frame\/#primaryimage"},"image":{"@id":"https:\/\/vestpetproducts.com\/product\/hot-selling-cat-toys-crazy-cat-climbing-pole-cat-climbing-frame\/#primaryimage"},"thumbnailUrl":"https:\/\/vestpetproducts.com\/wp-content\/uploads\/2025\/07\/CT-003-07.jpg","datePublished":"2025-07-22T09:27:10+00:00","dateModified":"2025-08-04T08:11:29+00:00","breadcrumb":{"@id":"https:\/\/vestpetproducts.com\/product\/hot-selling-cat-toys-crazy-cat-climbing-pole-cat-climbing-frame\/#breadcrumb"},"inLanguage":"es","potentialAction":[{"@type":"ReadAction","target":["https:\/\/vestpetproducts.com\/product\/hot-selling-cat-toys-crazy-cat-climbing-pole-cat-climbing-frame\/"]}]},{"@type":"ImageObject","inLanguage":"es","@id":"https:\/\/vestpetproducts.com\/product\/hot-selling-cat-toys-crazy-cat-climbing-pole-cat-climbing-frame\/#primaryimage","url":"https:\/\/vestpetproducts.com\/wp-content\/uploads\/2025\/07\/CT-003-07.jpg","contentUrl":"https:\/\/vestpetproducts.com\/wp-content\/uploads\/2025\/07\/CT-003-07.jpg","width":"1000","height":"1000"},{"@type":"BreadcrumbList","@id":"https:\/\/vestpetproducts.com\/product\/hot-selling-cat-toys-crazy-cat-climbing-pole-cat-climbing-frame\/#breadcrumb","itemListElement":[{"@type":"ListItem","position":1,"name":"\u9996\u9875","item":"https:\/\/vestpetproducts.com\/"},{"@type":"ListItem","position":2,"name":"Product","item":"https:\/\/vestpetproducts.com\/product\/"},{"@type":"ListItem","position":3,"name":"Hot-selling cat toys Crazy cat climbing pole Cat climbing frame"}]},{"@type":"WebSite","@id":"https:\/\/vestpetproducts.com\/#website","url":"https:\/\/vestpetproducts.com\/","name":"Shandong Vest International Trade Co., Ltd.","description":"Shandong Vest International Trade Co., Ltd.","potentialAction":[{"@type":"SearchAction","target":{"@type":"EntryPoint","urlTemplate":"https:\/\/vestpetproducts.com\/?s={search_term_string}"},"query-input":{"@type":"PropertyValueSpecification","valueRequired":true,"valueName":"search_term_string"}}],"inLanguage":"es"}]}},"_links":{"self":[{"href":"https:\/\/vestpetproducts.com\/es\/wp-json\/wp\/v2\/product\/1121","targetHints":{"allow":["GET"]}}],"collection":[{"href":"https:\/\/vestpetproducts.com\/es\/wp-json\/wp\/v2\/product"}],"about":[{"href":"https:\/\/vestpetproducts.com\/es\/wp-json\/wp\/v2\/types\/product"}],"wp:featuredmedia":[{"embeddable":true,"href":"https:\/\/vestpetproducts.com\/es\/wp-json\/wp\/v2\/media\/1122"}],"wp:attachment":[{"href":"https:\/\/vestpetproducts.com\/es\/wp-json\/wp\/v2\/media?parent=1121"}],"wp:term":[{"taxonomy":"product_brand","embeddable":true,"href":"https:\/\/vestpetproducts.com\/es\/wp-json\/wp\/v2\/product_brand?post=1121"},{"taxonomy":"product_cat","embeddable":true,"href":"https:\/\/vestpetproducts.com\/es\/wp-json\/wp\/v2\/product_cat?post=1121"},{"taxonomy":"product_tag","embeddable":true,"href":"https:\/\/vestpetproducts.com\/es\/wp-json\/wp\/v2\/product_tag?post=1121"}],"curies":[{"name":"wp","href":"https:\/\/api.w.org\/{rel}","templated":true}]}}