{"id":1098,"date":"2025-07-22T08:35:09","date_gmt":"2025-07-22T08:35:09","guid":{"rendered":"https:\/\/vestpetproducts.com\/?post_type=product&#038;p=1098"},"modified":"2025-07-28T02:31:12","modified_gmt":"2025-07-28T02:31:12","slug":"hot-selling-pet-products-bentonite-cat-litter","status":"publish","type":"product","link":"https:\/\/vestpetproducts.com\/es\/producto\/hot-selling-pet-products-bentonite-cat-litter\/","title":{"rendered":"Productos para mascotas de gran venta: arena para gatos con bentonita"},"content":{"rendered":"<p><img loading=\"lazy\" decoding=\"async\" class=\"aligncenter size-full wp-image-1104\" src=\"http:\/\/vestpetproducts.com\/wp-content\/uploads\/2025\/07\/\u5fae\u4fe1\u622a\u56fe_20250722162103.jpg\" alt=\"\" width=\"750\" height=\"749\" srcset=\"https:\/\/vestpetproducts.com\/wp-content\/uploads\/2025\/07\/\u5fae\u4fe1\u622a\u56fe_20250722162103.jpg 750w, https:\/\/vestpetproducts.com\/wp-content\/uploads\/2025\/07\/\u5fae\u4fe1\u622a\u56fe_20250722162103-500x500.jpg 500w, https:\/\/vestpetproducts.com\/wp-content\/uploads\/2025\/07\/\u5fae\u4fe1\u622a\u56fe_20250722162103-300x300.jpg 300w, https:\/\/vestpetproducts.com\/wp-content\/uploads\/2025\/07\/\u5fae\u4fe1\u622a\u56fe_20250722162103-12x12.jpg 12w, https:\/\/vestpetproducts.com\/wp-content\/uploads\/2025\/07\/\u5fae\u4fe1\u622a\u56fe_20250722162103-150x150.jpg 150w, https:\/\/vestpetproducts.com\/wp-content\/uploads\/2025\/07\/\u5fae\u4fe1\u622a\u56fe_20250722162103-75x75.jpg 75w, https:\/\/vestpetproducts.com\/wp-content\/uploads\/2025\/07\/\u5fae\u4fe1\u622a\u56fe_20250722162103-480x479.jpg 480w\" sizes=\"auto, (max-width:767px) 480px, 750px\" \/><\/p>","protected":false},"excerpt":{"rendered":"<table class=\"is-zebra all magic-4\">\n<tbody>\n<tr>\n<td colspan=\"1\" rowspan=\"1\">\n<div class=\"magic-5\" data-spm-anchor-id=\"a2700.details-description.0.i2.34deAnOdAnOdMj\">Art\u00edculo<\/div>\n<\/td>\n<td colspan=\"1\" rowspan=\"1\">\n<div class=\"magic-6\">Arena para gatos de bentonita premium<\/div>\n<\/td>\n<\/tr>\n<tr>\n<td colspan=\"1\" rowspan=\"1\">\n<div class=\"magic-5\" data-spm-anchor-id=\"a2700.details-description.0.i3.34deAnOdAnOdMj\">Lugar de origen<\/div>\n<\/td>\n<td colspan=\"1\" rowspan=\"1\">\n<div class=\"magic-6\">Mongolia Interior<\/div>\n<\/td>\n<\/tr>\n<tr>\n<td colspan=\"1\" rowspan=\"1\">\n<div class=\"magic-5\">Forma<\/div>\n<\/td>\n<td colspan=\"1\" rowspan=\"1\">\n<div class=\"magic-6\">Part\u00edculas esf\u00e9ricas<\/div>\n<\/td>\n<\/tr>\n<tr>\n<td colspan=\"1\" rowspan=\"1\">\n<div class=\"magic-5\">Tama\u00f1o de part\u00edcula<\/div>\n<\/td>\n<td colspan=\"1\" rowspan=\"1\">\n<div class=\"magic-6\">1-3,5 mm<\/div>\n<\/td>\n<\/tr>\n<tr>\n<td colspan=\"1\" rowspan=\"1\">\n<div class=\"magic-5\">Especificaci\u00f3n de embalaje<\/div>\n<\/td>\n<td colspan=\"1\" rowspan=\"1\">\n<div class=\"magic-6\">Bolsa de 5L, 10L, 25L y toneladas<\/div>\n<\/td>\n<\/tr>\n<tr>\n<td colspan=\"1\" rowspan=\"1\">\n<div class=\"magic-5\">Aroma<\/div>\n<\/td>\n<td colspan=\"1\" rowspan=\"1\">\n<div class=\"magic-6\">Lim\u00f3n, lavanda, caf\u00e9, manzana, melocot\u00f3n, talco para beb\u00e9s, ar\u00e1ndano<\/div>\n<\/td>\n<\/tr>\n<tr>\n<td colspan=\"1\" rowspan=\"1\">\n<div class=\"magic-5\">\n<div data-spm-anchor-id=\"0.0.0.i54.4a404f05ARha0r\">Caracter\u00edstica<\/div>\n<\/div>\n<\/td>\n<td colspan=\"1\" rowspan=\"1\">\n<div class=\"magic-6\">\n<p>1.99% Libre de polvo<\/p>\n<div data-spm-anchor-id=\"0.0.0.i51.4a404f05ARha0r\">2. Fuerte aglutinaci\u00f3n<\/div>\n<div data-spm-anchor-id=\"0.0.0.i51.4a404f05ARha0r\">3. Despu\u00e9s absorbe l\u00edquidos y libera aroma para un mejor control del olor.<\/div>\n<\/div>\n<\/td>\n<\/tr>\n<tr>\n<td colspan=\"1\" rowspan=\"1\">\n<div class=\"magic-5\">\n<div class=\"magic-7\" data-spm-anchor-id=\"0.0.0.i48.4a404f05ARha0r\">M\u00e9todo de embalaje<\/div>\n<\/div>\n<\/td>\n<td colspan=\"1\" rowspan=\"1\">\n<div class=\"magic-6\">\n<p>1.Bolsa tejida sobre bolsa de pl\u00e1stico<\/p>\n<div data-spm-anchor-id=\"0.0.0.i45.4a404f05ARha0r\">\n<p>2. Cart\u00f3n<\/p>\n<div data-spm-anchor-id=\"0.0.0.i44.4a404f05ARha0r\">3.Paleta<\/div>\n<\/div>\n<\/div>\n<\/td>\n<\/tr>\n<\/tbody>\n<\/table>","protected":false},"featured_media":1106,"template":"","meta":{"content-type":""},"product_brand":[],"product_cat":[124],"product_tag":[],"class_list":{"0":"post-1098","1":"product","2":"type-product","3":"status-publish","4":"has-post-thumbnail","6":"product_cat-bentonite-litter","8":"first","9":"instock","10":"shipping-taxable","11":"product-type-simple"},"yoast_head":"<!-- This site is optimized with the Yoast SEO plugin v24.9 - https:\/\/yoast.com\/wordpress\/plugins\/seo\/ -->\n<title>Hot Selling Pet Products Bentonite Cat Litter - Shandong Vest International Trade Co., Ltd.<\/title>\n<meta name=\"robots\" content=\"index, follow, max-snippet:-1, max-image-preview:large, max-video-preview:-1\" \/>\n<link rel=\"canonical\" href=\"https:\/\/vestpetproducts.com\/es\/producto\/hot-selling-pet-products-bentonite-cat-litter\/\" \/>\n<meta property=\"og:locale\" content=\"es_ES\" \/>\n<meta property=\"og:type\" content=\"article\" \/>\n<meta property=\"og:title\" content=\"Hot Selling Pet Products Bentonite Cat Litter - Shandong Vest International Trade Co., Ltd.\" \/>\n<meta property=\"og:description\" content=\"Item  Premium Bentonite Cat Litter    Place of Origin  Inner Mongolia    Shape  Spherical particles    Particle Size  1-3.5mm    Packaging Specification  5L,10L,25L,ton bag    Scent  Lemon,Lavender,Coffee,Apple,Peach,Baby Powder,Blueberry     Feature     1.99%Dust free 2.Strong clumping 3.After absorbs liquids and releases scent for enhanced odour control      Packing Method     1.Woven bag over plastic bag   2.Carton 3.Pallet\" \/>\n<meta property=\"og:url\" content=\"https:\/\/vestpetproducts.com\/es\/producto\/hot-selling-pet-products-bentonite-cat-litter\/\" \/>\n<meta property=\"og:site_name\" content=\"Shandong Vest International Trade Co., Ltd.\" \/>\n<meta property=\"article:modified_time\" content=\"2025-07-28T02:31:12+00:00\" \/>\n<meta name=\"twitter:card\" content=\"summary_large_image\" \/>\n<meta name=\"twitter:image\" content=\"https:\/\/vestpetproducts.com\/wp-content\/uploads\/2025\/07\/imgi_97_H41ddeb1b44b74425827aa43ba735c793I_\u526f\u672c-2.jpg\" \/>\n<meta name=\"twitter:label1\" content=\"Tiempo de lectura\" \/>\n\t<meta name=\"twitter:data1\" content=\"1 minuto\" \/>\n<script type=\"application\/ld+json\" class=\"yoast-schema-graph\">{\"@context\":\"https:\/\/schema.org\",\"@graph\":[{\"@type\":\"WebPage\",\"@id\":\"https:\/\/vestpetproducts.com\/product\/hot-selling-pet-products-bentonite-cat-litter\/\",\"url\":\"https:\/\/vestpetproducts.com\/product\/hot-selling-pet-products-bentonite-cat-litter\/\",\"name\":\"Hot Selling Pet Products Bentonite Cat Litter - Shandong Vest International Trade Co., Ltd.\",\"isPartOf\":{\"@id\":\"https:\/\/vestpetproducts.com\/#website\"},\"primaryImageOfPage\":{\"@id\":\"https:\/\/vestpetproducts.com\/product\/hot-selling-pet-products-bentonite-cat-litter\/#primaryimage\"},\"image\":{\"@id\":\"https:\/\/vestpetproducts.com\/product\/hot-selling-pet-products-bentonite-cat-litter\/#primaryimage\"},\"thumbnailUrl\":\"https:\/\/vestpetproducts.com\/wp-content\/uploads\/2025\/07\/imgi_97_H41ddeb1b44b74425827aa43ba735c793I_\u526f\u672c-2.jpg\",\"datePublished\":\"2025-07-22T08:35:09+00:00\",\"dateModified\":\"2025-07-28T02:31:12+00:00\",\"breadcrumb\":{\"@id\":\"https:\/\/vestpetproducts.com\/product\/hot-selling-pet-products-bentonite-cat-litter\/#breadcrumb\"},\"inLanguage\":\"es\",\"potentialAction\":[{\"@type\":\"ReadAction\",\"target\":[\"https:\/\/vestpetproducts.com\/product\/hot-selling-pet-products-bentonite-cat-litter\/\"]}]},{\"@type\":\"ImageObject\",\"inLanguage\":\"es\",\"@id\":\"https:\/\/vestpetproducts.com\/product\/hot-selling-pet-products-bentonite-cat-litter\/#primaryimage\",\"url\":\"https:\/\/vestpetproducts.com\/wp-content\/uploads\/2025\/07\/imgi_97_H41ddeb1b44b74425827aa43ba735c793I_\u526f\u672c-2.jpg\",\"contentUrl\":\"https:\/\/vestpetproducts.com\/wp-content\/uploads\/2025\/07\/imgi_97_H41ddeb1b44b74425827aa43ba735c793I_\u526f\u672c-2.jpg\"},{\"@type\":\"BreadcrumbList\",\"@id\":\"https:\/\/vestpetproducts.com\/product\/hot-selling-pet-products-bentonite-cat-litter\/#breadcrumb\",\"itemListElement\":[{\"@type\":\"ListItem\",\"position\":1,\"name\":\"\u9996\u9875\",\"item\":\"https:\/\/vestpetproducts.com\/\"},{\"@type\":\"ListItem\",\"position\":2,\"name\":\"Product\",\"item\":\"https:\/\/vestpetproducts.com\/product\/\"},{\"@type\":\"ListItem\",\"position\":3,\"name\":\"Hot Selling Pet Products Bentonite Cat Litter\"}]},{\"@type\":\"WebSite\",\"@id\":\"https:\/\/vestpetproducts.com\/#website\",\"url\":\"https:\/\/vestpetproducts.com\/\",\"name\":\"Shandong Vest International Trade Co., Ltd.\",\"description\":\"Shandong Vest International Trade Co., Ltd.\",\"potentialAction\":[{\"@type\":\"SearchAction\",\"target\":{\"@type\":\"EntryPoint\",\"urlTemplate\":\"https:\/\/vestpetproducts.com\/?s={search_term_string}\"},\"query-input\":{\"@type\":\"PropertyValueSpecification\",\"valueRequired\":true,\"valueName\":\"search_term_string\"}}],\"inLanguage\":\"es\"}]}<\/script>\n<!-- \/ Yoast SEO plugin. -->","yoast_head_json":{"title":"Hot Selling Pet Products Bentonite Cat Litter - Shandong Vest International Trade Co., Ltd.","robots":{"index":"index","follow":"follow","max-snippet":"max-snippet:-1","max-image-preview":"max-image-preview:large","max-video-preview":"max-video-preview:-1"},"canonical":"https:\/\/vestpetproducts.com\/es\/producto\/hot-selling-pet-products-bentonite-cat-litter\/","og_locale":"es_ES","og_type":"article","og_title":"Hot Selling Pet Products Bentonite Cat Litter - Shandong Vest International Trade Co., Ltd.","og_description":"Item  Premium Bentonite Cat Litter    Place of Origin  Inner Mongolia    Shape  Spherical particles    Particle Size  1-3.5mm    Packaging Specification  5L,10L,25L,ton bag    Scent  Lemon,Lavender,Coffee,Apple,Peach,Baby Powder,Blueberry     Feature     1.99%Dust free 2.Strong clumping 3.After absorbs liquids and releases scent for enhanced odour control      Packing Method     1.Woven bag over plastic bag   2.Carton 3.Pallet","og_url":"https:\/\/vestpetproducts.com\/es\/producto\/hot-selling-pet-products-bentonite-cat-litter\/","og_site_name":"Shandong Vest International Trade Co., Ltd.","article_modified_time":"2025-07-28T02:31:12+00:00","twitter_card":"summary_large_image","twitter_image":"https:\/\/vestpetproducts.com\/wp-content\/uploads\/2025\/07\/imgi_97_H41ddeb1b44b74425827aa43ba735c793I_\u526f\u672c-2.jpg","twitter_misc":{"Tiempo de lectura":"1 minuto"},"schema":{"@context":"https:\/\/schema.org","@graph":[{"@type":"WebPage","@id":"https:\/\/vestpetproducts.com\/product\/hot-selling-pet-products-bentonite-cat-litter\/","url":"https:\/\/vestpetproducts.com\/product\/hot-selling-pet-products-bentonite-cat-litter\/","name":"Hot Selling Pet Products Bentonite Cat Litter - Shandong Vest International Trade Co., Ltd.","isPartOf":{"@id":"https:\/\/vestpetproducts.com\/#website"},"primaryImageOfPage":{"@id":"https:\/\/vestpetproducts.com\/product\/hot-selling-pet-products-bentonite-cat-litter\/#primaryimage"},"image":{"@id":"https:\/\/vestpetproducts.com\/product\/hot-selling-pet-products-bentonite-cat-litter\/#primaryimage"},"thumbnailUrl":"https:\/\/vestpetproducts.com\/wp-content\/uploads\/2025\/07\/imgi_97_H41ddeb1b44b74425827aa43ba735c793I_\u526f\u672c-2.jpg","datePublished":"2025-07-22T08:35:09+00:00","dateModified":"2025-07-28T02:31:12+00:00","breadcrumb":{"@id":"https:\/\/vestpetproducts.com\/product\/hot-selling-pet-products-bentonite-cat-litter\/#breadcrumb"},"inLanguage":"es","potentialAction":[{"@type":"ReadAction","target":["https:\/\/vestpetproducts.com\/product\/hot-selling-pet-products-bentonite-cat-litter\/"]}]},{"@type":"ImageObject","inLanguage":"es","@id":"https:\/\/vestpetproducts.com\/product\/hot-selling-pet-products-bentonite-cat-litter\/#primaryimage","url":"https:\/\/vestpetproducts.com\/wp-content\/uploads\/2025\/07\/imgi_97_H41ddeb1b44b74425827aa43ba735c793I_\u526f\u672c-2.jpg","contentUrl":"https:\/\/vestpetproducts.com\/wp-content\/uploads\/2025\/07\/imgi_97_H41ddeb1b44b74425827aa43ba735c793I_\u526f\u672c-2.jpg"},{"@type":"BreadcrumbList","@id":"https:\/\/vestpetproducts.com\/product\/hot-selling-pet-products-bentonite-cat-litter\/#breadcrumb","itemListElement":[{"@type":"ListItem","position":1,"name":"\u9996\u9875","item":"https:\/\/vestpetproducts.com\/"},{"@type":"ListItem","position":2,"name":"Product","item":"https:\/\/vestpetproducts.com\/product\/"},{"@type":"ListItem","position":3,"name":"Hot Selling Pet Products Bentonite Cat Litter"}]},{"@type":"WebSite","@id":"https:\/\/vestpetproducts.com\/#website","url":"https:\/\/vestpetproducts.com\/","name":"Shandong Vest International Trade Co., Ltd.","description":"Shandong Vest International Trade Co., Ltd.","potentialAction":[{"@type":"SearchAction","target":{"@type":"EntryPoint","urlTemplate":"https:\/\/vestpetproducts.com\/?s={search_term_string}"},"query-input":{"@type":"PropertyValueSpecification","valueRequired":true,"valueName":"search_term_string"}}],"inLanguage":"es"}]}},"_links":{"self":[{"href":"https:\/\/vestpetproducts.com\/es\/wp-json\/wp\/v2\/product\/1098","targetHints":{"allow":["GET"]}}],"collection":[{"href":"https:\/\/vestpetproducts.com\/es\/wp-json\/wp\/v2\/product"}],"about":[{"href":"https:\/\/vestpetproducts.com\/es\/wp-json\/wp\/v2\/types\/product"}],"wp:featuredmedia":[{"embeddable":true,"href":"https:\/\/vestpetproducts.com\/es\/wp-json\/wp\/v2\/media\/1106"}],"wp:attachment":[{"href":"https:\/\/vestpetproducts.com\/es\/wp-json\/wp\/v2\/media?parent=1098"}],"wp:term":[{"taxonomy":"product_brand","embeddable":true,"href":"https:\/\/vestpetproducts.com\/es\/wp-json\/wp\/v2\/product_brand?post=1098"},{"taxonomy":"product_cat","embeddable":true,"href":"https:\/\/vestpetproducts.com\/es\/wp-json\/wp\/v2\/product_cat?post=1098"},{"taxonomy":"product_tag","embeddable":true,"href":"https:\/\/vestpetproducts.com\/es\/wp-json\/wp\/v2\/product_tag?post=1098"}],"curies":[{"name":"wp","href":"https:\/\/api.w.org\/{rel}","templated":true}]}}